{"id":8978,"date":"2022-06-14T14:09:35","date_gmt":"2022-06-14T14:09:35","guid":{"rendered":"https:\/\/legacy.victoryatl.com\/victoryvida\/?page_id=8978"},"modified":"2022-06-19T12:08:17","modified_gmt":"2022-06-19T12:08:17","slug":"reconciliar","status":"publish","type":"page","link":"https:\/\/legacy.victoryatl.com\/victoryvida\/reconciliar\/","title":{"rendered":"Reconciliar"},"content":{"rendered":"[vc_row no_margin=&#8221;true&#8221; padding_top=&#8221;200px&#8221; padding_bottom=&#8221;250px&#8221; border=&#8221;none&#8221; bg_video=&#8221;&#8221; class=&#8221;&#8221; style=&#8221;&#8221; bg_image=&#8221;8988&#8243;][vc_column fade_animation_offset=&#8221;45px&#8221; width=&#8221;1\/1&#8243;]<hr  class=\"x-gap\" style=\"margin: 12em 0 0 0;\">[\/vc_column][\/vc_row][vc_row inner_container=&#8221;true&#8221; no_margin=&#8221;true&#8221; padding_top=&#8221;50px&#8221; padding_bottom=&#8221;0px&#8221; border=&#8221;none&#8221; bg_video=&#8221;&#8221; class=&#8221;np&#8221; style=&#8221;&#8221;][vc_column fade_animation_offset=&#8221;45px&#8221; width=&#8221;1\/1&#8243;]<a  class=\"x-btn x-btn-square x-btn-small alignright\" style=\"border-color: black !important; color: black !important; text-align: center;\" href=\"https:\/\/legacy.victoryatl.com\/reconcile\/\" title=\"Vea la versi\u00f3n en ingl\u00e9s.\"    data-options=\"thumbnail: ''\">Ingl\u00e9s<\/a><hr  class=\"x-clear\" ><hr  class=\"x-gap\" style=\"margin: 20px 0 0 0;\"><p><span style=\"font-size: 20px\">Ha llegado el momento de que las iglesias comiencen a abordar el tema de la reconciliaci\u00f3n racial, el cual tiene mucha carga cultural. Necesitamos dar un mensaje positivo y lleno de esperanza sobre las razas, lo cual es esencial para que podamos avanzar. Busquemos reducir la brecha racial.<\/span><\/p>\n<hr  class=\"x-gap\" style=\"margin: 20px 0 0 0;\">[\/vc_column][\/vc_row][vc_row inner_container=&#8221;true&#8221; no_margin=&#8221;true&#8221; padding_top=&#8221;0px&#8221; padding_bottom=&#8221;0px&#8221; border=&#8221;none&#8221; bg_video=&#8221;&#8221; class=&#8221;np&#8221; style=&#8221;&#8221;][vc_column fade_animation_offset=&#8221;45px&#8221; width=&#8221;1\/1&#8243;]<hr  class=\"x-hr\" ><hr  class=\"x-gap\" style=\"margin: 20px 0 0 0;\">[\/vc_column][\/vc_row][vc_row inner_container=&#8221;true&#8221; no_margin=&#8221;true&#8221; padding_top=&#8221;0px&#8221; padding_bottom=&#8221;0px&#8221; border=&#8221;none&#8221; bg_video=&#8221;&#8221; class=&#8221;np&#8221; style=&#8221;&#8221;][vc_column fade_animation_offset=&#8221;45px&#8221; width=&#8221;1\/1&#8243;]<hr  class=\"x-gap\" style=\"margin: 30px 0 0 0;\">[\/vc_column][\/vc_row][vc_row inner_container=&#8221;true&#8221; no_margin=&#8221;true&#8221; padding_top=&#8221;0px&#8221; padding_bottom=&#8221;0px&#8221; border=&#8221;none&#8221; bg_video=&#8221;&#8221; class=&#8221;np&#8221; style=&#8221;&#8221;][vc_column fade_animation_offset=&#8221;45px&#8221; width=&#8221;1\/2&#8243;][vc_raw_html]JTNDaWZyYW1lJTIwc3JjJTNEJTIyaHR0cHMlM0ElMkYlMkZwbGF5ZXIudmltZW8uY29tJTJGdmlkZW8lMkY3MjE4ODkxNTQlM0ZoJTNENzNmNDlmNTlmOSUyMiUyMHdpZHRoJTNEJTIyMTAwJTI1JTIyJTIwaGVpZ2h0JTNEJTIyMzQwJTIyJTIwZnJhbWVib3JkZXIlM0QlMjIwJTIyJTIwYWxsb3dmdWxsc2NyZWVuJTNEJTIyYWxsb3dmdWxsc2NyZWVuJTIyJTIwc3R5bGUlM0QlMjJtYXgtd2lkdGglM0E2NDBweCUzQiUyMG1hcmdpbiUzQTAlMjBhdXRvJTNCJTIyJTNFJTNDJTJGaWZyYW1lJTNF[\/vc_raw_html][\/vc_column][vc_column fade_animation_offset=&#8221;45px&#8221; width=&#8221;1\/2&#8243;]<hr  class=\"x-gap\" style=\"margin: 60px 0 0 0;\"><p>El 19 de junio de 1865, conocido como Juneteenth (D\u00eda de la Liberaci\u00f3n), marc\u00f3 el fin de la esclavitud en Estados Unidos. Tuvimos la oportunidad de platicar con Opal Lee, tambi\u00e9n conocida como la &#8220;Abuela del Juneteenth&#8221;, quien dirigi\u00f3 el camino para que se reconozca como d\u00eda festivo federal en 2021.<\/p>\n<hr  class=\"x-gap\" style=\"margin: 20px 0 0 0;\">[\/vc_column][\/vc_row][vc_row inner_container=&#8221;true&#8221; no_margin=&#8221;true&#8221; padding_top=&#8221;0px&#8221; padding_bottom=&#8221;0px&#8221; border=&#8221;none&#8221; bg_video=&#8221;&#8221; class=&#8221;np&#8221; style=&#8221;&#8221;][vc_column fade_animation_offset=&#8221;45px&#8221; width=&#8221;1\/1&#8243;]<hr  class=\"x-gap\" style=\"margin: 20px 0 0 0;\"><hr  class=\"x-hr\" ><hr  class=\"x-gap\" style=\"margin: 20px 0 0 0;\">[\/vc_column][\/vc_row][vc_row inner_container=&#8221;true&#8221; no_margin=&#8221;true&#8221; padding_top=&#8221;0px&#8221; padding_bottom=&#8221;0px&#8221; border=&#8221;none&#8221; bg_video=&#8221;&#8221; class=&#8221;np&#8221; style=&#8221;&#8221;][vc_column fade_animation_offset=&#8221;45px&#8221; width=&#8221;1\/1&#8243;]<h3  class=\"h-custom-headline center-text h3\" ><span>Recursos<\/span><\/h3><hr  class=\"x-gap\" style=\"margin: 20px 0 0 0;\">[\/vc_column][\/vc_row][vc_row inner_container=&#8221;true&#8221; no_margin=&#8221;true&#8221; padding_top=&#8221;0px&#8221; padding_bottom=&#8221;0px&#8221; bg_video=&#8221;&#8221; class=&#8221;np&#8221; style=&#8221;&#8221;][vc_column fade_animation_offset=&#8221;45px&#8221; width=&#8221;1\/2&#8243;]<h4  class=\"h-custom-headline h4\" style=\"text-transform: none; letter-spacing: 0;\"><span>Comparte tu historia<\/span><\/h4><p>Nuestras historias tienen el poder de transformar corazones y de impactar vidas. \u00a1Tu testimonio puede ayudar a las personas a que vean a los dem\u00e1s de la misma manera en que Jes\u00fas lo hace! Por lo tanto, queremos escucharlo. Comparte con nosotros lo que Dios ha hecho por ti en el \u00e1rea de la reconciliaci\u00f3n racial.<\/p>\n<a  class=\"x-btn x-btn-square x-btn-mini alignleft\"  href=\"https:\/\/legacy.victoryatl.com\/story\"  target=\"_blank\" rel=\"\"   data-options=\"thumbnail: ''\">Comparte<\/a><hr  class=\"x-gap\" style=\"margin: 30px 0 0 0;\">[\/vc_column][vc_column fade_animation_offset=&#8221;45px&#8221; width=&#8221;1\/2&#8243; id=&#8221;&#8221; class=&#8221;&#8221; style=&#8221;&#8221;]<h4  class=\"h-custom-headline h4\" style=\"text-transform: none; letter-spacing: 0;\"><span>\u00danete al movimiento<\/span><\/h4><p>OneRace es un movimiento de m\u00faltiples iglesias y multicultural conformado por individuos unidos bajo la creencia de que la reconciliaci\u00f3n racial es posible a trav\u00e9s de la oraci\u00f3n, las relaciones, el equipamiento, la misericordia y la justicia. Nosotros tambi\u00e9n lo creemos as\u00ed. Uno de los cuatro pilares fundamentales de Victory es reconciliar las culturas, por lo que no es ninguna sorpresa que apoyemos la misi\u00f3n de OneRace de ense\u00f1ar a las ciudades a amar m\u00e1s all\u00e1 del color, la clase y la cultura. \u00a1Dales un vistazo y \u00fanete al movimiento!<\/p>\n<a  class=\"x-btn x-btn-square x-btn-mini alignleft\"  href=\"http:\/\/oneracemovement.com\"  target=\"_blank\" rel=\"\"   data-options=\"thumbnail: ''\">\u00danete<\/a><hr  class=\"x-gap\" style=\"margin: 30px 0 0 0;\">[\/vc_column][\/vc_row][vc_row padding_top=&#8221;0px&#8221; padding_bottom=&#8221;0px&#8221;][vc_column fade_animation_offset=&#8221;45px&#8221; width=&#8221;1\/1&#8243;]<hr  class=\"x-gap\" style=\"margin: 30px 0 0 0;\">[\/vc_column][\/vc_row]","protected":false},"excerpt":{"rendered":"<p>[vc_row no_margin=&#8221;true&#8221; padding_top=&#8221;200px&#8221; padding_bottom=&#8221;250px&#8221; border=&#8221;none&#8221; bg_video=&#8221;&#8221; class=&#8221;&#8221; style=&#8221;&#8221; bg_image=&#8221;8988&#8243;][vc_column fade_animation_offset=&#8221;45px&#8221; width=&#8221;1\/1&#8243;][\/vc_column][\/vc_row][vc_row inner_container=&#8221;true&#8221; no_margin=&#8221;true&#8221; padding_top=&#8221;50px&#8221; padding_bottom=&#8221;0px&#8221; border=&#8221;none&#8221; bg_video=&#8221;&#8221; class=&#8221;np&#8221; style=&#8221;&#8221;][vc_column fade_animation_offset=&#8221;45px&#8221; width=&#8221;1\/1&#8243;][\/vc_column][\/vc_row][vc_row inner_container=&#8221;true&#8221; no_margin=&#8221;true&#8221; padding_top=&#8221;0px&#8221; padding_bottom=&#8221;0px&#8221; border=&#8221;none&#8221; bg_video=&#8221;&#8221; class=&#8221;np&#8221; style=&#8221;&#8221;][vc_column fade_animation_offset=&#8221;45px&#8221; &#8230;<\/p>\n","protected":false},"author":36,"featured_media":0,"parent":0,"menu_order":0,"comment_status":"closed","ping_status":"closed","template":"template-blank-4.php","meta":[],"_links":{"self":[{"href":"https:\/\/legacy.victoryatl.com\/victoryvida\/wp-json\/wp\/v2\/pages\/8978"}],"collection":[{"href":"https:\/\/legacy.victoryatl.com\/victoryvida\/wp-json\/wp\/v2\/pages"}],"about":[{"href":"https:\/\/legacy.victoryatl.com\/victoryvida\/wp-json\/wp\/v2\/types\/page"}],"author":[{"embeddable":true,"href":"https:\/\/legacy.victoryatl.com\/victoryvida\/wp-json\/wp\/v2\/users\/36"}],"replies":[{"embeddable":true,"href":"https:\/\/legacy.victoryatl.com\/victoryvida\/wp-json\/wp\/v2\/comments?post=8978"}],"version-history":[{"count":20,"href":"https:\/\/legacy.victoryatl.com\/victoryvida\/wp-json\/wp\/v2\/pages\/8978\/revisions"}],"predecessor-version":[{"id":9015,"href":"https:\/\/legacy.victoryatl.com\/victoryvida\/wp-json\/wp\/v2\/pages\/8978\/revisions\/9015"}],"wp:attachment":[{"href":"https:\/\/legacy.victoryatl.com\/victoryvida\/wp-json\/wp\/v2\/media?parent=8978"}],"curies":[{"name":"wp","href":"https:\/\/api.w.org\/{rel}","templated":true}]}}