{"id":8653,"date":"2022-01-27T21:59:08","date_gmt":"2022-01-27T21:59:08","guid":{"rendered":"https:\/\/legacy.victoryatl.com\/victoryvida\/?page_id=8653"},"modified":"2022-01-29T12:59:04","modified_gmt":"2022-01-29T12:59:04","slug":"liderazgo","status":"publish","type":"page","link":"https:\/\/legacy.victoryatl.com\/victoryvida\/liderazgo\/","title":{"rendered":"Liderazgo"},"content":{"rendered":"[vc_row no_margin=&#8221;true&#8221; padding_top=&#8221;400px&#8221; padding_bottom=&#8221;450px&#8221; border=&#8221;none&#8221; bg_image=&#8221;8655&#8243; bg_video=&#8221;&#8221; class=&#8221;specialbackground&#8221; style=&#8221;&#8221;][vc_column fade_animation=&#8221;in&#8221; fade_animation_offset=&#8221;45px&#8221; width=&#8221;1\/1&#8243;][\/vc_column][\/vc_row][vc_row inner_container=&#8221;true&#8221; padding_top=&#8221;0px&#8221; padding_bottom=&#8221;0px&#8221; border=&#8221;none&#8221; class=&#8221;np&#8221;][vc_column fade_animation_offset=&#8221;45px&#8221; width=&#8221;1\/1&#8243;]<hr  class=\"x-gap\" style=\"margin: 50px 0 0 0;\"><h4  class=\"h-custom-headline h4\" ><span>Liderazgo Victory<\/span><\/h4><p>Ayuda a otros a descubrir c\u00f3mo usar sus dones y talentos para la gloria de Dios.<\/p>\n[\/vc_column][\/vc_row][vc_row inner_container=&#8221;true&#8221; padding_top=&#8221;0px&#8221; padding_bottom=&#8221;0px&#8221; border=&#8221;none&#8221; class=&#8221;np&#8221;][vc_column fade_animation_offset=&#8221;45px&#8221; width=&#8221;1\/1&#8243;]<div  class=\"x-video embed\" ><div class=\"x-video-inner\"><iframe loading=\"lazy\" src=\"https:\/\/player.vimeo.com\/video\/667897480?h=8af71f4281\" width=\"640\" height=\"338\" frameborder=\"0\" allowfullscreen=\"allowfullscreen\"><\/iframe><\/div><\/div>[\/vc_column][\/vc_row][vc_row inner_container=&#8221;true&#8221; padding_top=&#8221;0px&#8221; padding_bottom=&#8221;0px&#8221; border=&#8221;none&#8221; class=&#8221;np&#8221; bg_video=&#8221;&#8221; style=&#8221;&#8221;][vc_column fade_animation_offset=&#8221;45px&#8221; width=&#8221;1\/1&#8243;]<h4  class=\"h-custom-headline h4\" ><span>Todo Lo Que Necesitas Saber Acerca del Liderazgo en Victory\r\n<\/span><\/h4><p>Proximos Pasos<\/p>\n<a  class=\"x-btn x-btn-square x-btn-mini alignleft\" style=\"border-color: black !important; color: black !important; text-align: center;\" href=\"https:\/\/new.victoryatl.com\/global\/p\/onestep\/es\"  target=\"_blank\" rel=\"\"   data-options=\"thumbnail: ''\">Comienza<\/a><a  class=\"x-btn x-btn-square x-btn-mini alignleft\" style=\"border-color: black !important; color: black !important; text-align: center;\" href=\"https:\/\/legacy.victoryatl.com\/victoryvida\/membresia\/\"  target=\"_blank\" rel=\"\"   data-options=\"thumbnail: ''\">Membres\u00eda<\/a><a  class=\"x-btn x-btn-square x-btn-mini alignleft\" style=\"border-color: black !important; color: black !important; text-align: center;\" href=\"https:\/\/pushpay.com\/g\/victoryvida\"  target=\"_blank\" rel=\"\"   data-options=\"thumbnail: ''\">Diezmando<\/a><hr  class=\"x-clear\" >[\/vc_column][\/vc_row][vc_row inner_container=&#8221;true&#8221; padding_top=&#8221;0px&#8221; padding_bottom=&#8221;0px&#8221; border=&#8221;none&#8221; class=&#8221;np&#8221;][vc_column fade_animation_offset=&#8221;45px&#8221; width=&#8221;1\/1&#8243;]<hr  class=\"x-gap\" style=\"margin: 50px 0 0 0;\"><h4  class=\"h-custom-headline h4\" ><span>Liderazgo En Victory\r\n<\/span><\/h4><p>Como l\u00edder, ayudaras a liberar la grandeza de Dios en las personas a tu alrededor. \u00a1Queremos asegurarnos de que te sientas apoyado y equipado en este recorrido mientras empoderas a otros!<\/p>\n<p>Con\u00e9ctate y escucha el mensaje de nuestro pastor general. Johnson Bowie, en el video abajo para mas informaci\u00f3n acerca de lo que significa se un l\u00edder en la Iglesia Victory. <\/p>\n<hr  class=\"x-gap\" style=\"margin: 50px 0 0 0;\"><script type=\"text\/javascript\">var gform;gform||(document.addEventListener(\"gform_main_scripts_loaded\",function(){gform.scriptsLoaded=!0}),window.addEventListener(\"DOMContentLoaded\",function(){gform.domLoaded=!0}),gform={domLoaded:!1,scriptsLoaded:!1,initializeOnLoaded:function(o){gform.domLoaded&&gform.scriptsLoaded?o():!gform.domLoaded&&gform.scriptsLoaded?window.addEventListener(\"DOMContentLoaded\",o):document.addEventListener(\"gform_main_scripts_loaded\",o)},hooks:{action:{},filter:{}},addAction:function(o,n,r,t){gform.addHook(\"action\",o,n,r,t)},addFilter:function(o,n,r,t){gform.addHook(\"filter\",o,n,r,t)},doAction:function(o){gform.doHook(\"action\",o,arguments)},applyFilters:function(o){return gform.doHook(\"filter\",o,arguments)},removeAction:function(o,n){gform.removeHook(\"action\",o,n)},removeFilter:function(o,n,r){gform.removeHook(\"filter\",o,n,r)},addHook:function(o,n,r,t,i){null==gform.hooks[o][n]&&(gform.hooks[o][n]=[]);var e=gform.hooks[o][n];null==i&&(i=n+\"_\"+e.length),gform.hooks[o][n].push({tag:i,callable:r,priority:t=null==t?10:t})},doHook:function(n,o,r){var t;if(r=Array.prototype.slice.call(r,1),null!=gform.hooks[n][o]&&((o=gform.hooks[n][o]).sort(function(o,n){return o.priority-n.priority}),o.forEach(function(o){\"function\"!=typeof(t=o.callable)&&(t=window[t]),\"action\"==n?t.apply(null,r):r[0]=t.apply(null,r)})),\"filter\"==n)return r[0]},removeHook:function(o,n,t,i){var r;null!=gform.hooks[o][n]&&(r=(r=gform.hooks[o][n]).filter(function(o,n,r){return!!(null!=i&&i!=o.tag||null!=t&&t!=o.priority)}),gform.hooks[o][n]=r)}});<\/script>\n                <div class='gf_browser_gecko gform_wrapper gravity-theme' id='gform_wrapper_41' >\n                        <div class='gform_heading'>\n                            <span class='gform_description'><\/span>\n                        <\/div><form method='post' enctype='multipart\/form-data'  id='gform_41'  action='\/victoryvida\/wp-json\/wp\/v2\/pages\/8653' >\n                        <div class='gform_body gform-body'><div id='gform_fields_41' class='gform_fields top_label form_sublabel_below description_below'><fieldset id=\"field_41_1\" class=\"gfield field_sublabel_below field_description_below gfield_visibility_visible\" ><legend class='gfield_label gfield_label_before_complex'  >Nombre<\/legend><div class='ginput_complex ginput_container no_prefix has_first_name no_middle_name has_last_name no_suffix gf_name_has_2 ginput_container_name' id='input_41_1'>\n                            \n                            <span id='input_41_1_3_container' class='name_first' >\n                                                    <input type='text' name='input_1.3' id='input_41_1_3' value=''   aria-required='false'     \/>\n                                                    <label for='input_41_1_3' >Primer Nombre<\/label>\n                                                <\/span>\n                            \n                            <span id='input_41_1_6_container' class='name_last' >\n                                                    <input type='text' name='input_1.6' id='input_41_1_6' value=''   aria-required='false'     \/>\n                                                    <label for='input_41_1_6' >Apellido<\/label>\n                                                <\/span>\n                            \n                        <\/div><\/fieldset><div id=\"field_41_2\" class=\"gfield gfield--width-full field_sublabel_below field_description_below gfield_visibility_visible\" ><label class='gfield_label' for='input_41_2' >Email<\/label><div class='ginput_container ginput_container_email'>\n                            <input name='input_2' id='input_41_2' type='text' value='' class='large'     aria-invalid=\"false\"  \/>\n                        <\/div><\/div><\/div><\/div>\n        <div class='gform_footer top_label'> <input type='submit' id='gform_submit_button_41' class='gform_button button' value='Siguiente'  onclick='if(window[\"gf_submitting_41\"]){return false;}  window[\"gf_submitting_41\"]=true;  ' onkeypress='if( event.keyCode == 13 ){ if(window[\"gf_submitting_41\"]){return false;} window[\"gf_submitting_41\"]=true;  jQuery(\"#gform_41\").trigger(\"submit\",[true]); }' \/> \n            <input type='hidden' class='gform_hidden' name='is_submit_41' value='1' \/>\n            <input type='hidden' class='gform_hidden' name='gform_submit' value='41' \/>\n            \n            <input type='hidden' class='gform_hidden' name='gform_unique_id' value='' \/>\n            <input type='hidden' class='gform_hidden' name='state_41' value='WyJbXSIsIjYyM2JlOGJlYzIxMjQ3NWJmNWM3MjU3NGUyMTBkMmVhIl0=' \/>\n            <input type='hidden' class='gform_hidden' name='gform_target_page_number_41' id='gform_target_page_number_41' value='0' \/>\n            <input type='hidden' class='gform_hidden' name='gform_source_page_number_41' id='gform_source_page_number_41' value='1' \/>\n            <input type='hidden' name='gform_field_values' value='' \/>\n            \n        <\/div>\n                        <\/form>\n                        <\/div>[\/vc_column][\/vc_row][vc_row inner_container=&#8221;true&#8221; padding_top=&#8221;0px&#8221; padding_bottom=&#8221;0px&#8221; border=&#8221;none&#8221; class=&#8221;np&#8221;][vc_column fade_animation_offset=&#8221;45px&#8221; width=&#8221;1\/1&#8243;][\/vc_column][\/vc_row][vc_row padding_top=&#8221;0px&#8221; padding_bottom=&#8221;0px&#8221;][vc_column fade_animation_offset=&#8221;45px&#8221; width=&#8221;1\/1&#8243;]<hr  class=\"x-gap\" style=\"margin: 50px 0 0 0;\">[\/vc_column][\/vc_row]","protected":false},"excerpt":{"rendered":"<p>La experiencia del bautismo en agua es uno de los momentos m\u00e1s preciados en la vida de cualquier creyente. Es una celebraci\u00f3n p\u00fablica de tu decisi\u00f3n de seguir a Jesucristo y honrarlo como Se\u00f1or y Salvador de tu vida.<\/p>\n","protected":false},"author":5,"featured_media":0,"parent":0,"menu_order":0,"comment_status":"closed","ping_status":"open","template":"template-blank-4.php","meta":[],"_links":{"self":[{"href":"https:\/\/legacy.victoryatl.com\/victoryvida\/wp-json\/wp\/v2\/pages\/8653"}],"collection":[{"href":"https:\/\/legacy.victoryatl.com\/victoryvida\/wp-json\/wp\/v2\/pages"}],"about":[{"href":"https:\/\/legacy.victoryatl.com\/victoryvida\/wp-json\/wp\/v2\/types\/page"}],"author":[{"embeddable":true,"href":"https:\/\/legacy.victoryatl.com\/victoryvida\/wp-json\/wp\/v2\/users\/5"}],"replies":[{"embeddable":true,"href":"https:\/\/legacy.victoryatl.com\/victoryvida\/wp-json\/wp\/v2\/comments?post=8653"}],"version-history":[{"count":20,"href":"https:\/\/legacy.victoryatl.com\/victoryvida\/wp-json\/wp\/v2\/pages\/8653\/revisions"}],"predecessor-version":[{"id":8676,"href":"https:\/\/legacy.victoryatl.com\/victoryvida\/wp-json\/wp\/v2\/pages\/8653\/revisions\/8676"}],"wp:attachment":[{"href":"https:\/\/legacy.victoryatl.com\/victoryvida\/wp-json\/wp\/v2\/media?parent=8653"}],"curies":[{"name":"wp","href":"https:\/\/api.w.org\/{rel}","templated":true}]}}