{"id":8200,"date":"2020-12-16T14:32:00","date_gmt":"2020-12-16T14:32:00","guid":{"rendered":"https:\/\/legacy.victoryatl.com\/victoryvida\/?page_id=8200"},"modified":"2020-12-17T22:48:02","modified_gmt":"2020-12-17T22:48:02","slug":"compartanavidad","status":"publish","type":"page","link":"https:\/\/legacy.victoryatl.com\/victoryvida\/compartanavidad\/","title":{"rendered":"Comparta Navidad"},"content":{"rendered":"[vc_row padding_top=&#8221;250px&#8221; padding_bottom=&#8221;280px&#8221; bg_image=&#8221;8240&#8243; bg_video=&#8221;&#8221; class=&#8221;&#8221; style=&#8221;&#8221;][vc_column fade_animation_offset=&#8221;45px&#8221; width=&#8221;1\/1&#8243;][\/vc_column][\/vc_row][vc_row inner_container=&#8221;true&#8221; padding_top=&#8221;0px&#8221; padding_bottom=&#8221;0px&#8221; bg_video=&#8221;&#8221; class=&#8221;np&#8221; style=&#8221;&#8221;][vc_column fade_animation_offset=&#8221;45px&#8221; width=&#8221;1\/1&#8243;]<hr  class=\"x-gap\" style=\"margin: 10px 0 0 0;\">[\/vc_column][\/vc_row][vc_row inner_container=&#8221;true&#8221; no_margin=&#8221;true&#8221; padding_top=&#8221;0px&#8221; padding_bottom=&#8221;0px&#8221; bg_video=&#8221;&#8221; class=&#8221;np&#8221; style=&#8221;&#8221;][vc_column fade_animation_offset=&#8221;45px&#8221; width=&#8221;1\/2&#8243;]<hr  class=\"x-gap\" style=\"margin: 80px 0 0 0;\"><img  class=\"x-img\"  src=\"https:\/\/legacy.victoryatl.com\/victoryvida\/files\/2020\/12\/Christmas_Vida600x338.jpg\" >[\/vc_column][vc_column fade_animation_offset=&#8221;45px&#8221; width=&#8221;1\/2&#8243;]<hr  class=\"x-gap\" style=\"margin: 5px 0 0 0;\"><h4>COMPARTIENDO LA NAVIDAD<\/h4>\n<p>Has decidido reunir a tus amigos y familia para ver juntos un relato teatral de la noche en que nuestro Salvador naci\u00f3, y queremos decirte \u00a1GRACIAS! Ya sea que se est\u00e9n reuniendo en persona o en l\u00ednea t\u00fa estas ayudando a crear conexi\u00f3n y a traer el gozo de la Navidad el cual muchos est\u00e1n deseando tener en esta temporada.<\/p>\n[\/vc_column][\/vc_row][vc_row inner_container=&#8221;true&#8221; no_margin=&#8221;true&#8221; padding_top=&#8221;0px&#8221; padding_bottom=&#8221;0px&#8221; bg_video=&#8221;&#8221; class=&#8221;np&#8221; style=&#8221;&#8221;][vc_column fade_animation_offset=&#8221;45px&#8221; width=&#8221;1\/1&#8243; id=&#8221;equipo&#8221; class=&#8221;&#8221; style=&#8221;&#8221;]<hr  class=\"x-gap\" style=\"margin: 20px 0 0 0;\"><hr  class=\"x-hr\" ><h1>EL EQUIPO<\/h1>\n<p style=\"max-width: 600px;\">Para ayudarte a ti y a tus invitados a prepararse para su reuni\u00f3n, hemos preparado una lista de recetas, rompe hielos, actividades para los ni\u00f1os, oportunidades de alcance y mucho m\u00e1s. \u00a1Disfruta!<\/p>\n<hr  class=\"x-gap\" style=\"margin: 40px 0 0 0;\">[\/vc_column][\/vc_row][vc_row inner_container=&#8221;true&#8221; no_margin=&#8221;true&#8221; padding_top=&#8221;100px&#8221; padding_bottom=&#8221;100px&#8221; bg_image=&#8221;8226&#8243; bg_video=&#8221;&#8221; class=&#8221;np&#8221; style=&#8221;&#8221;][vc_column fade_animation_offset=&#8221;45px&#8221; width=&#8221;1\/1&#8243;][\/vc_column][\/vc_row][vc_row inner_container=&#8221;true&#8221; padding_top=&#8221;0px&#8221; padding_bottom=&#8221;0px&#8221; bg_video=&#8221;&#8221; class=&#8221;np&#8221; style=&#8221;&#8221;][vc_column fade_animation_offset=&#8221;45px&#8221; width=&#8221;1\/1&#8243;]<hr  class=\"x-gap\" style=\"margin: 5px 0 0 0;\">[\/vc_column][\/vc_row][vc_row inner_container=&#8221;true&#8221; no_margin=&#8221;true&#8221; padding_top=&#8221;0px&#8221; padding_bottom=&#8221;0px&#8221; bg_video=&#8221;&#8221; class=&#8221;np&#8221; style=&#8221;&#8221;][vc_column fade_animation_offset=&#8221;45px&#8221; width=&#8221;1\/1&#8243;]<h4 style=\"margin-top: 15px; margin-bottom: 5px; text-transform: none; letter-spacing: 0px; font-weight: 200; font-size: 160%; color: black;\">ROMPE HIELOS<\/h4>\n<p>Comienza la fiesta con alguno de estos rompe hielos.<\/p>\n<hr  class=\"x-gap\" style=\"margin: 40px 0 0 0;\">[\/vc_column][\/vc_row][vc_row inner_container=&#8221;true&#8221; no_margin=&#8221;true&#8221; padding_top=&#8221;0px&#8221; padding_bottom=&#8221;0px&#8221; bg_video=&#8221;&#8221; class=&#8221;np&#8221; style=&#8221;&#8221;][vc_column fade_animation_offset=&#8221;45px&#8221; width=&#8221;1\/3&#8243;]<h4 style=\"margin-top: 15px; margin-bottom: 5px; text-transform: none; letter-spacing: 0px; font-weight: 200; font-size: 160%; color: black;\">Hablen del Tema<\/h4>\n<p>Comienza la noche con preguntas para conocerse unos a otros, o descubre cuanto sabe cada uno acerca de pel\u00edculas y canciones populares de Navidad!<\/p>\n<p><span style=\"color: #00ccff;\"><a style=\"color: #00ccff;\" href=\"https:\/\/gottamentor.com\/121-christmas-trivia-questions-answers\" target=\"_blank\" rel=\"noopener noreferrer\">Preguntas Navide\u00f1as, Trivia de Pel\u00edculas Navide\u00f1as, Nombra el Villancico Y M\u00e1s!<\/a><\/span><\/p>\n<hr  class=\"x-gap\" style=\"margin: 40px 0 0 0;\">[\/vc_column][vc_column fade_animation_offset=&#8221;45px&#8221; width=&#8221;1\/3&#8243;]<h4 style=\"margin-top: 15px; margin-bottom: 5px; text-transform: none; letter-spacing: 0px; font-weight: 100; font-size: 160%; color: black;\">Charadas Navide\u00f1as<\/h4>\n<p>Act\u00faa algunas de tus actividades favoritas de la temporada, (sin decir una palabra). Algunas actividades populares pueden ser decorar un \u00e1rbol navide\u00f1o, tener una pelea de bolas de nieve, patinar en hielo y mas.<\/p>\n<hr  class=\"x-gap\" style=\"margin: 40px 0 0 0;\">[\/vc_column][vc_column fade_animation_offset=&#8221;45px&#8221; width=&#8221;1\/3&#8243;]<h4 style=\"margin-top: 15px; margin-bottom: 5px; text-transform: none; letter-spacing: 0px; font-weight: 100; font-size: 160%; color: black;\">Fotograf\u00eda de Villancicos Navide\u00f1os.<\/h4>\n<p>Escribe el titulo de canciones navide\u00f1as en pedazos de papel, d\u00f3blalos y ponlos en una bolsa. Provee una pizarra para dibujar. Div\u00eddanse en equipo. Cada equipo escoge a un participante, el participante saca un papel de la bolsa y dibuja una representaci\u00f3n del villancico sin escribir el nombre. Si su equipo adivina el nombre antes que se acabe el tiempo, ese equipo gana puntos.<\/p>\n<hr  class=\"x-gap\" style=\"margin: 40px 0 0 0;\">[\/vc_column][\/vc_row][vc_row inner_container=&#8221;true&#8221; no_margin=&#8221;true&#8221; padding_top=&#8221;100px&#8221; padding_bottom=&#8221;100px&#8221; bg_image=&#8221;8222&#8243; bg_video=&#8221;&#8221; class=&#8221;np&#8221; style=&#8221;&#8221;][vc_column fade_animation_offset=&#8221;45px&#8221; width=&#8221;1\/1&#8243;][\/vc_column][\/vc_row][vc_row inner_container=&#8221;true&#8221; padding_top=&#8221;0px&#8221; padding_bottom=&#8221;0px&#8221; bg_video=&#8221;&#8221; class=&#8221;np&#8221; style=&#8221;&#8221;][vc_column fade_animation_offset=&#8221;45px&#8221; width=&#8221;1\/1&#8243;]<hr  class=\"x-gap\" style=\"margin: 5px 0 0 0;\">[\/vc_column][\/vc_row][vc_row inner_container=&#8221;true&#8221; no_margin=&#8221;true&#8221; padding_top=&#8221;0px&#8221; padding_bottom=&#8221;0px&#8221; bg_video=&#8221;&#8221; class=&#8221;np&#8221; style=&#8221;&#8221;][vc_column fade_animation_offset=&#8221;45px&#8221; width=&#8221;1\/1&#8243;]<h4 style=\"margin-top: 15px; margin-bottom: 5px; text-transform: none; letter-spacing: 0px; font-weight: 200; font-size: 160%; color: black;\">RECETAS<\/h4>\n<hr  class=\"x-gap\" style=\"margin: 40px 0 0 0;\">[\/vc_column][\/vc_row][vc_row inner_container=&#8221;true&#8221; no_margin=&#8221;true&#8221; padding_top=&#8221;0px&#8221; padding_bottom=&#8221;0px&#8221; bg_video=&#8221;&#8221; class=&#8221;np&#8221; style=&#8221;&#8221;][vc_column fade_animation_offset=&#8221;45px&#8221; width=&#8221;1\/3&#8243;]<h4 style=\"margin-top: 15px; margin-bottom: 5px; text-transform: none; letter-spacing: 0px; font-weight: 200; font-size: 160%; color: black;\">COMIDAS<\/h4>\n<p>COMIDAS NAVIDENAS POPULARES<\/p>\n<p><span style=\"color: #00ccff;\"><a style=\"color: #00ccff;\" href=\"https:\/\/www.cocinafacil.com.mx\/recetas\/recetas-navidad\/\" target=\"_blank\" rel=\"noopener noreferrer\">RECETAS DE COMIDAS NAVIDENAS POPULARES<\/a><\/span><\/p>\n<hr  class=\"x-gap\" style=\"margin: 40px 0 0 0;\">[\/vc_column][vc_column fade_animation_offset=&#8221;45px&#8221; width=&#8221;1\/3&#8243;]<h4 style=\"margin-top: 15px; margin-bottom: 5px; text-transform: none; letter-spacing: 0px; font-weight: 100; font-size: 160%; color: black;\">Postres y M\u00e1s<\/h4>\n<p>Ninguna fiesta est\u00e1 completa sin meriendas y dulces. Prepara alguna de estas recetas y disfruta.<\/p>\n<p><span style=\"color: #00ccff;\"><a style=\"color: #00ccff;\" href=\"https:\/\/olorahierbabuena.com\/2018\/12\/galletas-y-dulces-para-las-meriendas-de-navidad.html\" target=\"_blank\" rel=\"noopener noreferrer\">Galletas y Dulces<\/a><\/span><\/p>\n<hr  class=\"x-gap\" style=\"margin: 40px 0 0 0;\">[\/vc_column][vc_column fade_animation_offset=&#8221;45px&#8221; width=&#8221;1\/3&#8243;]<h4 style=\"margin-top: 15px; margin-bottom: 5px; text-transform: none; letter-spacing: 0px; font-weight: 100; font-size: 160%; color: black;\">Sopas + Ensaladas<\/h4>\n<p><span style=\"color: #00ccff;\"><a style=\"color: #00ccff;\" href=\"https:\/\/www.recetasgratis.net\/receta-de-ensalada-navidena-de-coditos-64782.html\" target=\"_blank\" rel=\"noopener noreferrer\">Receta de Ensalada navide\u00f1a de coditos<\/a><\/span><\/p>\n<hr  class=\"x-gap\" style=\"margin: 40px 0 0 0;\">[\/vc_column][\/vc_row][vc_row inner_container=&#8221;true&#8221; no_margin=&#8221;true&#8221; padding_top=&#8221;100px&#8221; padding_bottom=&#8221;100px&#8221; bg_image=&#8221;8221&#8243; bg_video=&#8221;&#8221; class=&#8221;np&#8221; style=&#8221;&#8221;][vc_column fade_animation_offset=&#8221;45px&#8221; width=&#8221;1\/1&#8243;][\/vc_column][\/vc_row][vc_row inner_container=&#8221;true&#8221; padding_top=&#8221;0px&#8221; padding_bottom=&#8221;0px&#8221; bg_video=&#8221;&#8221; class=&#8221;np&#8221; style=&#8221;&#8221;][vc_column fade_animation_offset=&#8221;45px&#8221; width=&#8221;1\/1&#8243;]<hr  class=\"x-gap\" style=\"margin: 5px 0 0 0;\">[\/vc_column][\/vc_row][vc_row inner_container=&#8221;true&#8221; no_margin=&#8221;true&#8221; padding_top=&#8221;0px&#8221; padding_bottom=&#8221;0px&#8221; bg_video=&#8221;&#8221; class=&#8221;np&#8221; style=&#8221;&#8221;][vc_column fade_animation_offset=&#8221;45px&#8221; width=&#8221;1\/1&#8243;]<hr  class=\"x-hr\" ><h4 style=\"margin-top: 15px; margin-bottom: 5px; text-transform: none; letter-spacing: 0px; font-weight: 200; font-size: 160%; color: black;\">ALCANCE A LA COMUNIDAD<\/h4>\n<p>Mientras los programas de alcance en Navidad pueden ser limitados este a\u00f1o, hay aun muchas maneras en las cuales podemos dar. \u00a1Alienta a tus invitados a participar en alguna de las siguientes formas de dar\u00a1<\/p>\n<h4 style=\"margin-top: 15px; margin-bottom: 5px; text-transform: none; letter-spacing: 0px; font-weight: 200; font-size: 160%; color: black;\"><\/h4>\n<p style=\"padding-left: 40px;\">&#8211; Haz donaci\u00f3n de ropa, comida, s\u00e1banas a tu cooperativa local, o a un albergue.<br \/>\n&#8211; Haz donaci\u00f3n de juguetes a un hospital local, albergue, o a un Programa Cristiano de Adopci\u00f3n. Tambi\u00e9n puedes donar juguetes a trav\u00e9s de <span style=\"color: #00ccff;\"><a style=\"color: #00ccff;\" href=\"https:\/\/www.salvationarmyusa.org\/usn\/walmart-angel-tree\/\" target=\"_blank\" rel=\"noopener noreferrer\">The Salvation Army\u2019s Angel Tree<\/a><\/span><br \/>\n&#8211; Preg\u00fantale a tus vecino si puedes recoger algunas cosas para ellos en tu siguiente viaje a la tienda de comestibles.<br \/>\n&#8211; Haz entrega de tarjetas con dulces, expresando tu gratitud, a tu estaci\u00f3n local de polic\u00edas\/bomberos u hospital, o cl\u00ednica cercana.<br \/>\n&#8211; Deja una tarjeta de regalo con una nota en una gasolinera, o en la caja registradora de autoservicio.<br \/>\n&#8211; Compra caf\u00e9 o alg\u00fan dulce para la persona detr\u00e1s de ti en tu tienda de caf\u00e9 o pasteler\u00eda favorita.<\/p>\n[\/vc_column][\/vc_row][vc_row inner_container=&#8221;true&#8221; padding_top=&#8221;0px&#8221; padding_bottom=&#8221;0px&#8221; bg_video=&#8221;&#8221; class=&#8221;np&#8221; style=&#8221;&#8221;][vc_column fade_animation_offset=&#8221;45px&#8221; width=&#8221;1\/1&#8243;]<hr  class=\"x-gap\" style=\"margin: 5px 0 0 0;\">[\/vc_column][\/vc_row][vc_row inner_container=&#8221;true&#8221; no_margin=&#8221;true&#8221; padding_top=&#8221;100px&#8221; padding_bottom=&#8221;100px&#8221; bg_image=&#8221;8225&#8243; bg_video=&#8221;&#8221; class=&#8221;np&#8221; style=&#8221;&#8221;][vc_column fade_animation_offset=&#8221;45px&#8221; width=&#8221;1\/1&#8243;][\/vc_column][\/vc_row][vc_row inner_container=&#8221;true&#8221; padding_top=&#8221;0px&#8221; padding_bottom=&#8221;0px&#8221; bg_video=&#8221;&#8221; class=&#8221;np&#8221; style=&#8221;&#8221;][vc_column fade_animation_offset=&#8221;45px&#8221; width=&#8221;1\/1&#8243;]<hr  class=\"x-gap\" style=\"margin: 5px 0 0 0;\">[\/vc_column][\/vc_row][vc_row inner_container=&#8221;true&#8221; no_margin=&#8221;true&#8221; padding_top=&#8221;0px&#8221; padding_bottom=&#8221;0px&#8221; bg_video=&#8221;&#8221; class=&#8221;np&#8221; style=&#8221;&#8221;][vc_column fade_animation_offset=&#8221;45px&#8221; width=&#8221;1\/1&#8243;]<h4 style=\"margin-top: 15px; margin-bottom: 5px; text-transform: none; letter-spacing: 0px; font-weight: 200; font-size: 160%; color: black;\">MINISTERIO<\/h4>\n<p>Hemos creado &#8220;Descubriendo La Navidad&#8221; para todos, ya sea que est\u00e9s cerca o lejos. No importa donde estamos o por lo que estemos atravesando, Jesus vino por todos nosotros. Algunos de tus invitados podr\u00edan haber sentido el deseo de empezar una relaci\u00f3n con Jes\u00fas despu\u00e9s de ver la pel\u00edcula. Tu tienes el privilegio de ayudarles a dar el siguiente paso.<\/p>\n<hr  class=\"x-gap\" style=\"margin: 40px 0 0 0;\">[\/vc_column][\/vc_row][vc_row inner_container=&#8221;true&#8221; no_margin=&#8221;true&#8221; padding_top=&#8221;0px&#8221; padding_bottom=&#8221;0px&#8221; bg_video=&#8221;&#8221; class=&#8221;np&#8221; style=&#8221;&#8221;][vc_column fade_animation_offset=&#8221;45px&#8221; width=&#8221;1\/2&#8243;]<h4 style=\"margin-top: 15px; margin-bottom: 5px; text-transform: none; letter-spacing: 0px; font-weight: 200; font-size: 160%; color: black;\">Oraci\u00f3n de Salvaci\u00f3n<\/h4>\n<p>Invita a tus invitados a empezar una relaci\u00f3n con Jes\u00fas. Preg\u00fantales si les gustar\u00eda que los dirijas en la oraci\u00f3n de salvaci\u00f3n. Si as\u00ed lo desean hazlos que repitan despu\u00e9s de ti.<\/p>\n<p><em>Jes\u00fas, Reconozco que te necesito. Creo que moriste por mis pecados y te levantaste de entre los muertos. Gracias. Me arrepiento de mis pecados y te invito a entrar en mi coraz\u00f3n. Escojo confiar en ti, y a seguir Tu direcci\u00f3n como mi Se\u00f1or y Salvador<\/em><\/p>\n<hr  class=\"x-gap\" style=\"margin: 40px 0 0 0;\">[\/vc_column][vc_column fade_animation_offset=&#8221;45px&#8221; width=&#8221;1\/2&#8243;]<h4 style=\"margin-top: 15px; margin-bottom: 5px; text-transform: none; letter-spacing: 0px; font-weight: 100; font-size: 160%; color: black;\">Victory \u2013 Pasos Siguientes<\/h4>\n<p>\u00a1Celebra la decisi\u00f3n de tus invitados de seguir a Jes\u00fas! Ali\u00e9ntalos a visitar <span style=\"color: #00ccff;\"><a style=\"color: #00ccff;\" href=\"https:\/\/www.connecttovictory.com\/\" target=\"_blank\" rel=\"noopener noreferrer\">ConnectToVictory.com<\/a><\/span> en donde hemos creado una lista completa de los siguientes pasos en su caminar con Jes\u00fas. \u00a1Queremos ayudarles a disfrutar del viaje!<\/p>\n[\/vc_column][\/vc_row]","protected":false},"excerpt":{"rendered":"<p>Advenimiento &#8230;<\/p>\n","protected":false},"author":5,"featured_media":8191,"parent":0,"menu_order":0,"comment_status":"closed","ping_status":"closed","template":"template-blank-4.php","meta":[],"_links":{"self":[{"href":"https:\/\/legacy.victoryatl.com\/victoryvida\/wp-json\/wp\/v2\/pages\/8200"}],"collection":[{"href":"https:\/\/legacy.victoryatl.com\/victoryvida\/wp-json\/wp\/v2\/pages"}],"about":[{"href":"https:\/\/legacy.victoryatl.com\/victoryvida\/wp-json\/wp\/v2\/types\/page"}],"author":[{"embeddable":true,"href":"https:\/\/legacy.victoryatl.com\/victoryvida\/wp-json\/wp\/v2\/users\/5"}],"replies":[{"embeddable":true,"href":"https:\/\/legacy.victoryatl.com\/victoryvida\/wp-json\/wp\/v2\/comments?post=8200"}],"version-history":[{"count":35,"href":"https:\/\/legacy.victoryatl.com\/victoryvida\/wp-json\/wp\/v2\/pages\/8200\/revisions"}],"predecessor-version":[{"id":8244,"href":"https:\/\/legacy.victoryatl.com\/victoryvida\/wp-json\/wp\/v2\/pages\/8200\/revisions\/8244"}],"wp:featuredmedia":[{"embeddable":true,"href":"https:\/\/legacy.victoryatl.com\/victoryvida\/wp-json\/wp\/v2\/media\/8191"}],"wp:attachment":[{"href":"https:\/\/legacy.victoryatl.com\/victoryvida\/wp-json\/wp\/v2\/media?parent=8200"}],"curies":[{"name":"wp","href":"https:\/\/api.w.org\/{rel}","templated":true}]}}