{"id":7389,"date":"2019-02-14T14:49:26","date_gmt":"2019-02-14T14:49:26","guid":{"rendered":"https:\/\/legacy.victoryatl.com\/victoryvida\/?page_id=7389"},"modified":"2020-04-02T15:40:27","modified_gmt":"2020-04-02T15:40:27","slug":"lidergrupospequenos","status":"publish","type":"page","link":"https:\/\/legacy.victoryatl.com\/victoryvida\/lidergrupospequenos\/","title":{"rendered":"L\u00edder Grupos Peque\u00f1os"},"content":{"rendered":"[vc_row padding_top=&#8221;100px&#8221; padding_bottom=&#8221;130px&#8221; border=&#8221;none&#8221; bg_image=&#8221;8017&#8243; bg_video=&#8221;&#8221; class=&#8221;&#8221; style=&#8221;&#8221;][vc_column fade_animation_offset=&#8221;45px&#8221; width=&#8221;1\/1&#8243;]<h1  class=\"h-custom-headline center-text h1\" ><span><span style=\"color: #ffffff;\">L\u00edder de Grupos Peque\u00f1os<\/span><\/span><\/h1>[\/vc_column][\/vc_row][vc_row padding_top=&#8221;0px&#8221; padding_bottom=&#8221;0px&#8221;][vc_column fade_animation_offset=&#8221;45px&#8221; width=&#8221;1\/1&#8243;]<hr  class=\"x-gap\" style=\"margin: 50px 0 0 0;\">[\/vc_column][\/vc_row][vc_row inner_container=&#8221;true&#8221; no_margin=&#8221;true&#8221; padding_top=&#8221;0px&#8221; padding_bottom=&#8221;0px&#8221; border=&#8221;none&#8221; class=&#8221;np&#8221;][vc_column fade_animation_offset=&#8221;45px&#8221; width=&#8221;1\/1&#8243;]<h4  class=\"h-custom-headline h4\" ><span>Convertirse en un L\u00edder de Grupos Peque\u00f1os<\/span><\/h4><p class=\"p1\">Aveces el pr\u00f3ximo paso para convertirnos en un disc\u00edpulo es liderar a otros. Ser un l\u00edder de grupos peque\u00f1o es una oportunidad para crecer en tu habilidad de liderar y ministrar a otros en su crecimiento espiritual. Si est\u00e1s interesado en aprender m\u00e1s en c\u00f3mo ser parte de lo que Dios est\u00e1 hacinado en los grupos peque\u00f1os lee m\u00e1s aqu\u00ed.<\/p>\n<a  class=\"x-btn x-btn-square x-btn-mini alignleft\"  href=\"https:\/\/legacy.victoryatl.com\/victoryvida\/aplicagrupospequenos\/\"     data-options=\"thumbnail: ''\">Aplica<\/a>[\/vc_column][\/vc_row][vc_row padding_top=&#8221;0px&#8221; padding_bottom=&#8221;0px&#8221;][vc_column fade_animation_offset=&#8221;45px&#8221; width=&#8221;1\/1&#8243;]<hr  class=\"x-gap\" style=\"margin: 40px 0 0 0;\">[\/vc_column][\/vc_row][vc_row inner_container=&#8221;true&#8221; no_margin=&#8221;true&#8221; padding_top=&#8221;0px&#8221; padding_bottom=&#8221;0px&#8221; border=&#8221;none&#8221; class=&#8221;np&#8221;][vc_column fade_animation_offset=&#8221;45px&#8221; width=&#8221;1\/1&#8243;]<h4  class=\"h-custom-headline h4\" ><span>CALIFICACIONES<\/span><\/h4><ul>\n<li data-gc-list-depth=\"1\" data-gc-list-style=\"bullet\">Estar totalmente comprometido con la Biblia como la inspirada e infalible palabra de Dios<\/li>\n<li data-gc-list-depth=\"1\" data-gc-list-style=\"bullet\">Asegurarse que tu vida privada est\u00e1 conforme a los principios y est\u00e1ndares de la palabra de Dios<\/li>\n<li data-gc-list-depth=\"1\" data-gc-list-style=\"bullet\">Ser miembro activo de Victory Church<\/li>\n<li data-gc-list-depth=\"1\" data-gc-list-style=\"bullet\">Ser fiel diezmado de Victory Church<\/li>\n<li data-gc-list-depth=\"1\" data-gc-list-style=\"bullet\">Una verificaci\u00f3n de antecedentes ser\u00e1 requerido<\/li>\n<\/ul>\n[\/vc_column][\/vc_row][vc_row padding_top=&#8221;0px&#8221; padding_bottom=&#8221;0px&#8221;][vc_column fade_animation_offset=&#8221;45px&#8221; width=&#8221;1\/1&#8243;]<hr  class=\"x-gap\" style=\"margin: 40px 0 0 0;\">[\/vc_column][\/vc_row][vc_row inner_container=&#8221;true&#8221; no_margin=&#8221;true&#8221; padding_top=&#8221;0px&#8221; padding_bottom=&#8221;0px&#8221; border=&#8221;none&#8221; class=&#8221;np&#8221;][vc_column fade_animation_offset=&#8221;45px&#8221; width=&#8221;1\/1&#8243;]<h4  class=\"h-custom-headline h4\" ><span>EXPECTATIVAS<\/span><\/h4><p><strong>Responsabilidades de un l\u00edder de grupos peque\u00f1os:<br \/>\n<\/strong><\/p>\n<ul>\n<li data-gc-list-depth=\"1\" data-gc-list-style=\"bullet\">Atender una orientaci\u00f3n y entrenamiento dentro de un a\u00f1o siento l\u00edder<\/li>\n<li data-gc-list-depth=\"1\" data-gc-list-style=\"bullet\">Ser l\u00edder por un a\u00f1o<\/li>\n<li data-gc-list-depth=\"1\" data-gc-list-style=\"bullet\">Participar en eventos de grupos peque\u00f1os<\/li>\n<li data-gc-list-depth=\"1\" data-gc-list-style=\"bullet\">Completar reporte de grupos peque\u00f1os<\/li>\n<\/ul>\n<p><strong>Responsabilidades generales de un l\u00edder: <\/strong><\/p>\n<ul>\n<li data-gc-list-depth=\"1\" data-gc-list-style=\"bullet\">Asistir a los servicios semanalmente<\/li>\n<li data-gc-list-depth=\"1\" data-gc-list-style=\"bullet\">Atender Clases B\u00e1sicas de Adelante y el Fin de Semana de Adelante 6 dentro de meces de ser l\u00edder<\/li>\n<li data-gc-list-depth=\"1\" data-gc-list-style=\"bullet\">Asistir a los entrenamiento del equipo de oraci\u00f3n dentro de un a\u00f1o de ser l\u00edder<\/li>\n<li data-gc-list-depth=\"1\" data-gc-list-style=\"bullet\">Asistir a las reuniones de liderazgo con el Pastor Dennis cuando se hagan<\/li>\n<\/ul>\n[\/vc_column][\/vc_row][vc_row padding_top=&#8221;0px&#8221; padding_bottom=&#8221;0px&#8221;][vc_column fade_animation_offset=&#8221;45px&#8221; width=&#8221;1\/1&#8243;]<hr  class=\"x-gap\" style=\"margin: 40px 0 0 0;\">[\/vc_column][\/vc_row][vc_row inner_container=&#8221;true&#8221; no_margin=&#8221;true&#8221; padding_top=&#8221;0px&#8221; padding_bottom=&#8221;0px&#8221; border=&#8221;none&#8221; class=&#8221;np&#8221;][vc_column fade_animation_offset=&#8221;45px&#8221; width=&#8221;1\/1&#8243;]<h4  class=\"h-custom-headline h4\" ><span>APLICACIONES<\/span><\/h4><p>Est\u00e1s interesado en convertirte en un l\u00edder de grupo peque\u00f1o? <a href=\"https:\/\/legacy.victoryatl.com\/smgroupleaderapp\/\" rel=\"noopener\"> Haga Click aqu\u00ed<\/a> para comenzar el proceso de aplicaci\u00f3n. Alguien se comunicar\u00e1 con usted en 48 horas.<\/p>\n<p>Si tiene preguntas al respecto o de alguna expectativa sobre el liderazgo de grupos peque\u00f1os nos puede contactar:<br \/>\n770.849.9400, ext. 112 or ext. 100<br \/>\nsmallgroups@victoryatl.com<\/p>\n[\/vc_column][\/vc_row][vc_row inner_container=&#8221;true&#8221; no_margin=&#8221;true&#8221; padding_top=&#8221;0px&#8221; padding_bottom=&#8221;0px&#8221; border=&#8221;none&#8221; class=&#8221;np&#8221;][vc_column fade_animation_offset=&#8221;45px&#8221; width=&#8221;1\/1&#8243;]<hr  class=\"x-gap\" style=\"margin: 50px 0 0 0;\">[\/vc_column][\/vc_row]\r\n","protected":false},"excerpt":{"rendered":"<p>[vc_row padding_top=&#8221;100px&#8221; padding_bottom=&#8221;130px&#8221; border=&#8221;none&#8221; bg_image=&#8221;8017&#8243; bg_video=&#8221;&#8221; class=&#8221;&#8221; style=&#8221;&#8221;][vc_column fade_animation_offset=&#8221;45px&#8221; width=&#8221;1\/1&#8243;][\/vc_column][\/vc_row][vc_row padding_top=&#8221;0px&#8221; padding_bottom=&#8221;0px&#8221;][vc_column fade_animation_offset=&#8221;45px&#8221; width=&#8221;1\/1&#8243;][\/vc_column][\/vc_row][vc_row inner_container=&#8221;true&#8221; no_margin=&#8221;true&#8221; padding_top=&#8221;0px&#8221; padding_bottom=&#8221;0px&#8221; border=&#8221;none&#8221; class=&#8221;np&#8221;][vc_column fade_animation_offset=&#8221;45px&#8221; width=&#8221;1\/1&#8243;][\/vc_column][\/vc_row][vc_row padding_top=&#8221;0px&#8221; padding_bottom=&#8221;0px&#8221;][vc_column fade_animation_offset=&#8221;45px&#8221; width=&#8221;1\/1&#8243;][\/vc_column][\/vc_row][vc_row inner_container=&#8221;true&#8221; no_margin=&#8221;true&#8221; padding_top=&#8221;0px&#8221; padding_bottom=&#8221;0px&#8221; &#8230;<\/p>\n","protected":false},"author":5,"featured_media":0,"parent":0,"menu_order":0,"comment_status":"closed","ping_status":"closed","template":"template-blank-4.php","meta":[],"_links":{"self":[{"href":"https:\/\/legacy.victoryatl.com\/victoryvida\/wp-json\/wp\/v2\/pages\/7389"}],"collection":[{"href":"https:\/\/legacy.victoryatl.com\/victoryvida\/wp-json\/wp\/v2\/pages"}],"about":[{"href":"https:\/\/legacy.victoryatl.com\/victoryvida\/wp-json\/wp\/v2\/types\/page"}],"author":[{"embeddable":true,"href":"https:\/\/legacy.victoryatl.com\/victoryvida\/wp-json\/wp\/v2\/users\/5"}],"replies":[{"embeddable":true,"href":"https:\/\/legacy.victoryatl.com\/victoryvida\/wp-json\/wp\/v2\/comments?post=7389"}],"version-history":[{"count":13,"href":"https:\/\/legacy.victoryatl.com\/victoryvida\/wp-json\/wp\/v2\/pages\/7389\/revisions"}],"predecessor-version":[{"id":8018,"href":"https:\/\/legacy.victoryatl.com\/victoryvida\/wp-json\/wp\/v2\/pages\/7389\/revisions\/8018"}],"wp:attachment":[{"href":"https:\/\/legacy.victoryatl.com\/victoryvida\/wp-json\/wp\/v2\/media?parent=7389"}],"curies":[{"name":"wp","href":"https:\/\/api.w.org\/{rel}","templated":true}]}}