{"id":6644,"date":"2018-04-19T13:17:21","date_gmt":"2018-04-19T13:17:21","guid":{"rendered":"https:\/\/legacy.victoryatl.com\/victoryvida\/?page_id=6644"},"modified":"2021-06-28T19:29:14","modified_gmt":"2021-06-28T19:29:14","slug":"creyentesadiscipulos","status":"publish","type":"page","link":"https:\/\/legacy.victoryatl.com\/victoryvida\/creyentesadiscipulos\/","title":{"rendered":"De Creyentes A Disc\u00edpulos"},"content":{"rendered":"[vc_row padding_top=&#8221;150px&#8221; padding_bottom=&#8221;300px&#8221; border=&#8221;none&#8221; bg_image=&#8221;8019&#8243; bg_video=&#8221;&#8221; class=&#8221;&#8221; style=&#8221;&#8221;][vc_column fade_animation_offset=&#8221;45px&#8221; width=&#8221;1\/1&#8243;][\/vc_column][\/vc_row][vc_row padding_top=&#8221;0px&#8221; padding_bottom=&#8221;0px&#8221;][vc_column fade_animation_offset=&#8221;45px&#8221; width=&#8221;1\/1&#8243;]<hr  class=\"x-gap\" style=\"margin: 20px 0 0 0;\">[\/vc_column][\/vc_row][vc_row inner_container=&#8221;true&#8221; no_margin=&#8221;true&#8221; padding_top=&#8221;0px&#8221; padding_bottom=&#8221;0px&#8221; border=&#8221;none&#8221; class=&#8221;np&#8221;][vc_column fade_animation_offset=&#8221;45px&#8221; width=&#8221;1\/1&#8243;]<h4  class=\"h-custom-headline h4\" ><span>De Creyentes A Disc\u00edpulos<\/span><\/h4><p>Despu\u00e9s de haber decidido tener fe en Jes\u00fas, es importante para su desarrollo espiritual que pase de solo creer en Jes\u00fas a convertirse en Su\u00a0disc\u00edpulo\u00a0plenamente comprometido. Hemos creado un camino de discipulado que lo ayudar\u00e1 a hacer esto. El ministerio de Jes\u00fas comenz\u00f3 con el bautismo, y entonces comenzamos all\u00ed. Luego el camino lo llevar\u00e1 a trav\u00e9s de clases y recursos que transformar\u00e1n su vida. \u00a1Lo invitamos a comenzar hoy!<\/p>\n[\/vc_column][\/vc_row][vc_row padding_top=&#8221;0px&#8221; padding_bottom=&#8221;0px&#8221;][vc_column fade_animation_offset=&#8221;45px&#8221; width=&#8221;1\/1&#8243;]<hr  class=\"x-gap\" style=\"margin: 40px 0 0 0;\">[\/vc_column][\/vc_row][vc_row inner_container=&#8221;true&#8221; no_margin=&#8221;true&#8221; padding_top=&#8221;0px&#8221; padding_bottom=&#8221;0px&#8221; border=&#8221;none&#8221; class=&#8221;np&#8221;][vc_column fade_animation_offset=&#8221;45px&#8221; width=&#8221;1\/4&#8243;]<img  class=\"x-img x-img-none left\" style=\"max-width: 160px;\" src=\"https:\/\/legacy.victoryatl.com\/victoryvida\/files\/2018\/04\/nextsteps_icon_baptism.png\" ><hr  class=\"x-clear\" >[\/vc_column][vc_column fade_animation_offset=&#8221;45px&#8221; width=&#8221;3\/4&#8243;]<div class=\"quality\">\n<h2 id=\"qualtitle\">BAUTISMO EN AGUA<\/h2>\n<p>\u200bEl bautismo en agua es una demostraci\u00f3n p\u00fablica y declaraci\u00f3n de la fe de un individuo en Jes\u00fas y su deseo de seguirlo. El bautismo es el PR\u00d3XIMO PASO en su caminar con Jes\u00fas.<\/p>\n<p id=\"messageref\"><a style=\"color: #2e2a25;\" href=\"https:\/\/legacy.victoryatl.com\/victoryvida\/bautizos\/\" target=\"_blank\" rel=\"noopener noreferrer\">APRENDE MAS<\/a><\/p>\n<\/div>\n[\/vc_column][\/vc_row][vc_row padding_top=&#8221;0px&#8221; padding_bottom=&#8221;0px&#8221;][vc_column fade_animation_offset=&#8221;45px&#8221; width=&#8221;1\/1&#8243;]<hr  class=\"x-gap\" style=\"margin: 40px 0 0 0;\">[\/vc_column][\/vc_row][vc_row inner_container=&#8221;true&#8221; no_margin=&#8221;true&#8221; padding_top=&#8221;0px&#8221; padding_bottom=&#8221;0px&#8221; border=&#8221;none&#8221; class=&#8221;np&#8221;][vc_column fade_animation_offset=&#8221;45px&#8221; width=&#8221;1\/1&#8243;][\/vc_column][\/vc_row][vc_row inner_container=&#8221;true&#8221; no_margin=&#8221;true&#8221; padding_top=&#8221;0px&#8221; padding_bottom=&#8221;0px&#8221; border=&#8221;none&#8221; class=&#8221;np&#8221;][vc_column fade_animation_offset=&#8221;45px&#8221; width=&#8221;1\/4&#8243;]<img  class=\"x-img x-img-none left\" style=\"max-width: 160px;\" src=\"https:\/\/legacy.victoryatl.com\/victoryvida\/files\/2018\/04\/nextsteps_icon_forward.png\" ><hr  class=\"x-clear\" >[\/vc_column][vc_column fade_animation_offset=&#8221;45px&#8221; width=&#8221;3\/4&#8243;]<div class=\"quality\">\n<h2 id=\"qualtitle\">ADELANTE<\/h2>\n<p>No importa quienes somos o d\u00f3nde vamos, todos debemos avanzar. Nuestra clase Adelante le ayudar\u00e1 a descubrir c\u00f3mo Dios lo ve, y lo animar\u00e1 a alcanzar el siguiente nivel en su vida y en su relaci\u00f3n con El. La clase se lleva a cabo todos los Domingo a las 9am. en nuestras ubicaciones de Norcross y Hamilton Mill.<\/p>\n<p id=\"messageref\"><a style=\"color: #2e2a25;\" href=\"https:\/\/legacy.victoryatl.com\/forward\/\" target=\"_blank\" rel=\"noopener noreferrer\">APRENDE MAS<\/a><\/p>\n<\/div>\n[\/vc_column][\/vc_row][vc_row padding_top=&#8221;0px&#8221; padding_bottom=&#8221;0px&#8221;][vc_column fade_animation_offset=&#8221;45px&#8221; width=&#8221;1\/1&#8243;]<hr  class=\"x-gap\" style=\"margin: 40px 0 0 0;\">[\/vc_column][\/vc_row][vc_row inner_container=&#8221;true&#8221; no_margin=&#8221;true&#8221; padding_top=&#8221;0px&#8221; padding_bottom=&#8221;0px&#8221; border=&#8221;none&#8221; class=&#8221;np&#8221;][vc_column fade_animation_offset=&#8221;45px&#8221; width=&#8221;1\/4&#8243;]<img  class=\"x-img x-img-none left\" style=\"max-width: 160px;\" src=\"https:\/\/legacy.victoryatl.com\/victoryvida\/files\/2018\/04\/nextsteps_icon_10.png\" ><hr  class=\"x-clear\" >[\/vc_column][vc_column fade_animation_offset=&#8221;45px&#8221; width=&#8221;3\/4&#8243;]<div class=\"quality\">\n<h2 id=\"qualtitle\">10 RECURSOS DE CUALIDADES<\/h2>\n<p>Mover a las personas de ser un creyente en Jes\u00fas a ser un disc\u00edpulo de Jes\u00fas est\u00e1 en el coraz\u00f3n de todo lo que hacemos en Victory. Usted puede comprar el libro <em>10: Cualidades que le Convierten de Creyente a Disc\u00edpulo<\/em>, por nuestro pastor Dennis Rouse, en la librer\u00eda de Victory o en Amazon.com Tambi\u00e9n hay una serie de sermones que le cambiar\u00e1n la vida, que le recomendamos que mire.<\/p>\n<p id=\"messageref\"><a style=\"color: #2e2a25;\" href=\"https:\/\/legacy.victoryatl.com\/victoryvida\/10cualidades\/\" target=\"_blank\" rel=\"noopener noreferrer\">VER LA SERIE 10<\/a><\/p>\n<\/div>\n[\/vc_column][\/vc_row][vc_row padding_top=&#8221;0px&#8221; padding_bottom=&#8221;0px&#8221;][vc_column fade_animation_offset=&#8221;45px&#8221; width=&#8221;1\/1&#8243;]<hr  class=\"x-gap\" style=\"margin: 40px 0 0 0;\">[\/vc_column][\/vc_row][vc_row inner_container=&#8221;true&#8221; no_margin=&#8221;true&#8221; padding_top=&#8221;0px&#8221; padding_bottom=&#8221;0px&#8221; border=&#8221;none&#8221; class=&#8221;np&#8221;][vc_column fade_animation_offset=&#8221;45px&#8221; width=&#8221;1\/4&#8243;]<img  class=\"x-img x-img-none left\" style=\"max-width: 160px;\" src=\"https:\/\/legacy.victoryatl.com\/victoryvida\/files\/2018\/04\/nextsteps_icon_membership.png\" ><hr  class=\"x-clear\" >[\/vc_column][vc_column fade_animation_offset=&#8221;45px&#8221; width=&#8221;3\/4&#8243;]<div class=\"quality\">\n<h2 id=\"qualtitle\">CLASE DE MEMBRES\u00cdA<\/h2>\n<p>\u200bLa membres\u00eda es el punto de partida para entender los valores y la visi\u00f3n de nuestra iglesia. Compartimos nuestra historia con usted &#8211; porqu\u00e9 hacemos lo que hacemos y hacia d\u00f3nde vamos.<\/p>\n<p id=\"messageref\"><a style=\"color: #2e2a25;\" href=\"https:\/\/legacy.victoryatl.com\/victoryvida\/membresia\/\" target=\"_blank\" rel=\"noopener noreferrer\">APRENDE MAS <\/a><\/p>\n<\/div>\n[\/vc_column][\/vc_row][vc_row padding_top=&#8221;0px&#8221; padding_bottom=&#8221;0px&#8221;][vc_column fade_animation_offset=&#8221;45px&#8221; width=&#8221;1\/1&#8243;]<hr  class=\"x-gap\" style=\"margin: 40px 0 0 0;\">[\/vc_column][\/vc_row][vc_row inner_container=&#8221;true&#8221; no_margin=&#8221;true&#8221; padding_top=&#8221;0px&#8221; padding_bottom=&#8221;0px&#8221; border=&#8221;none&#8221; class=&#8221;np&#8221;][vc_column fade_animation_offset=&#8221;45px&#8221; width=&#8221;1\/4&#8243;]<img  class=\"x-img x-img-none left\" style=\"max-width: 160px;\" src=\"https:\/\/legacy.victoryatl.com\/victoryvida\/files\/2018\/04\/nextsteps_icon_smallgroups.png\" ><hr  class=\"x-clear\" >[\/vc_column][vc_column fade_animation_offset=&#8221;45px&#8221; width=&#8221;3\/4&#8243;]<div class=\"quality\">\n<h2 id=\"qualtitle\">GRUPOS PEQUE\u00d1OS<\/h2>\n<p>Todos necesitamos comunidad. Los grupos peque\u00f1os pueden ayudar a cultivar algunas de las amistades m\u00e1s importantes en su vida. Tenemos grupos peque\u00f1os ubicados en toda el \u00e1rea Metropolitana de Atlanta.<\/p>\n<p id=\"messageref\"><a style=\"color: #2e2a25;\" href=\"https:\/\/new.victoryatl.com\/smallgroups\/\" target=\"_blank\" rel=\"noopener noreferrer\">APRENDE MAS<\/a><\/p>\n<\/div>\n[\/vc_column][\/vc_row][vc_row padding_top=&#8221;0px&#8221; padding_bottom=&#8221;0px&#8221;][vc_column fade_animation_offset=&#8221;45px&#8221; width=&#8221;1\/1&#8243;]<hr  class=\"x-gap\" style=\"margin: 40px 0 0 0;\">[\/vc_column][\/vc_row][vc_row inner_container=&#8221;true&#8221; no_margin=&#8221;true&#8221; padding_top=&#8221;0px&#8221; padding_bottom=&#8221;0px&#8221; border=&#8221;none&#8221; class=&#8221;np&#8221;][vc_column fade_animation_offset=&#8221;45px&#8221; width=&#8221;1\/4&#8243;]<img  class=\"x-img x-img-none left\" style=\"max-width: 160px;\" src=\"https:\/\/legacy.victoryatl.com\/victoryvida\/files\/2018\/04\/nextsteps_icon_serve.png\" ><hr  class=\"x-clear\" >[\/vc_column][vc_column fade_animation_offset=&#8221;45px&#8221; width=&#8221;3\/4&#8243;]<div class=\"quality\">\n<h2 id=\"qualtitle\">SERVIR<\/h2>\n<p>\u200bCuando servimos, estamos siguiendo el ejemplo de Jes\u00fas. Hay muchas oportunidades para servir y usar sus dones y talentos en Victory.<\/p>\n<p id=\"messageref\"><a style=\"color: #2e2a25;\" href=\"https:\/\/my.victoryatl.com\/default.aspx?page=4159&amp;searchpage=4156&amp;commitment=-1&amp;timeframe=-1&amp;category=294&amp;type=-1&amp;duration=-1\" target=\"_blank\" rel=\"noopener noreferrer\">APRENDE MAS\u200b<\/a><\/p>\n<\/div>\n[\/vc_column][\/vc_row][vc_row padding_top=&#8221;0px&#8221; padding_bottom=&#8221;0px&#8221; bg_video=&#8221;&#8221; class=&#8221;&#8221; style=&#8221;display:none&#8221;][vc_column fade_animation_offset=&#8221;45px&#8221; width=&#8221;1\/1&#8243;]<hr  class=\"x-gap\" style=\"margin: 50px 0 0 0;\"><hr  class=\"x-hr\" >[\/vc_column][\/vc_row][vc_row padding_top=&#8221;0px&#8221; padding_bottom=&#8221;0px&#8221;][vc_column fade_animation_offset=&#8221;45px&#8221; width=&#8221;1\/1&#8243;]<hr  class=\"x-gap\" style=\"margin: 40px 0 0 0;\">[\/vc_column][\/vc_row][vc_row inner_container=&#8221;true&#8221; no_margin=&#8221;true&#8221; padding_top=&#8221;0px&#8221; padding_bottom=&#8221;0px&#8221; border=&#8221;none&#8221; class=&#8221;np&#8221; bg_video=&#8221;&#8221; style=&#8221;display:none&#8221;][vc_column fade_animation_offset=&#8221;45px&#8221; width=&#8221;1\/2&#8243;]<img  class=\"x-img\"  src=\"https:\/\/legacy.victoryatl.com\/victoryvida\/files\/2018\/04\/NewBelievers_Book_Mockup_SPANISH.png\" >[\/vc_column][vc_column fade_animation_offset=&#8221;45px&#8221; width=&#8221;1\/2&#8243;]<h4  class=\"h-custom-headline h4\" ><span>GU\u00cdA DE NUEVOS CREYENTES<\/span><\/h4><p>Como un nuevo creyente, \u00bfqu\u00e9 sigue? Ser cristiano es m\u00e1s grande que orar y pedirle a Dios que entre en tu coraz\u00f3n. Descubre cu\u00e1les ser\u00e1n tus pr\u00f3ximos pasos a trav\u00e9s de siete d\u00edas de motivaci\u00f3n en \u201cNuevos Creyentes\u201d, una gu\u00eda que te guiar\u00e1 a trav\u00e9s de c\u00f3mo pasar de solo creer en Jes\u00fas a convertirse en Su disc\u00edpulo.<\/p>\n<a  class=\"x-btn x-btn-square x-btn-mini\"  href=\"https:\/\/legacy.victoryatl.com\/victoryvida\/files\/2020\/03\/new_believers_spanish_book.pdf\"  target=\"_blank\" rel=\"\"   data-options=\"thumbnail: ''\">Libro (PDF)<\/a><hr  class=\"x-gap\" style=\"margin: 50px 0 0 0;\">[\/vc_column][\/vc_row][vc_row padding_top=&#8221;0px&#8221; padding_bottom=&#8221;0px&#8221;][vc_column fade_animation_offset=&#8221;45px&#8221; width=&#8221;1\/1&#8243;]<hr  class=\"x-gap\" style=\"margin: 40px 0 0 0;\">[\/vc_column][\/vc_row]","protected":false},"excerpt":{"rendered":"<p>[vc_row padding_top=&#8221;150px&#8221; padding_bottom=&#8221;300px&#8221; border=&#8221;none&#8221; bg_image=&#8221;8019&#8243; bg_video=&#8221;&#8221; class=&#8221;&#8221; style=&#8221;&#8221;][vc_column fade_animation_offset=&#8221;45px&#8221; width=&#8221;1\/1&#8243;][\/vc_column][\/vc_row][vc_row padding_top=&#8221;0px&#8221; padding_bottom=&#8221;0px&#8221;][vc_column fade_animation_offset=&#8221;45px&#8221; width=&#8221;1\/1&#8243;][\/vc_column][\/vc_row][vc_row inner_container=&#8221;true&#8221; no_margin=&#8221;true&#8221; padding_top=&#8221;0px&#8221; padding_bottom=&#8221;0px&#8221; border=&#8221;none&#8221; class=&#8221;np&#8221;][vc_column fade_animation_offset=&#8221;45px&#8221; width=&#8221;1\/1&#8243;][\/vc_column][\/vc_row][vc_row padding_top=&#8221;0px&#8221; padding_bottom=&#8221;0px&#8221;][vc_column fade_animation_offset=&#8221;45px&#8221; width=&#8221;1\/1&#8243;][\/vc_column][\/vc_row][vc_row inner_container=&#8221;true&#8221; no_margin=&#8221;true&#8221; padding_top=&#8221;0px&#8221; padding_bottom=&#8221;0px&#8221; &#8230;<\/p>\n","protected":false},"author":5,"featured_media":0,"parent":0,"menu_order":0,"comment_status":"closed","ping_status":"closed","template":"template-blank-4.php","meta":[],"_links":{"self":[{"href":"https:\/\/legacy.victoryatl.com\/victoryvida\/wp-json\/wp\/v2\/pages\/6644"}],"collection":[{"href":"https:\/\/legacy.victoryatl.com\/victoryvida\/wp-json\/wp\/v2\/pages"}],"about":[{"href":"https:\/\/legacy.victoryatl.com\/victoryvida\/wp-json\/wp\/v2\/types\/page"}],"author":[{"embeddable":true,"href":"https:\/\/legacy.victoryatl.com\/victoryvida\/wp-json\/wp\/v2\/users\/5"}],"replies":[{"embeddable":true,"href":"https:\/\/legacy.victoryatl.com\/victoryvida\/wp-json\/wp\/v2\/comments?post=6644"}],"version-history":[{"count":26,"href":"https:\/\/legacy.victoryatl.com\/victoryvida\/wp-json\/wp\/v2\/pages\/6644\/revisions"}],"predecessor-version":[{"id":8510,"href":"https:\/\/legacy.victoryatl.com\/victoryvida\/wp-json\/wp\/v2\/pages\/6644\/revisions\/8510"}],"wp:attachment":[{"href":"https:\/\/legacy.victoryatl.com\/victoryvida\/wp-json\/wp\/v2\/media?parent=6644"}],"curies":[{"name":"wp","href":"https:\/\/api.w.org\/{rel}","templated":true}]}}