{"id":6615,"date":"2018-04-18T19:42:28","date_gmt":"2018-04-18T19:42:28","guid":{"rendered":"https:\/\/legacy.victoryatl.com\/victoryvida\/?page_id=6615"},"modified":"2018-04-27T16:05:38","modified_gmt":"2018-04-27T16:05:38","slug":"10cualidades","status":"publish","type":"page","link":"https:\/\/legacy.victoryatl.com\/victoryvida\/10cualidades\/","title":{"rendered":"10 Cualidades De Un Disc\u00edpulo"},"content":{"rendered":"[vc_row padding_top=&#8221;250px&#8221; padding_bottom=&#8221;280px&#8221; border=&#8221;none&#8221; bg_image=&#8221;6680&#8243; bg_video=&#8221;&#8221; class=&#8221;myheroman&#8221; style=&#8221;&#8221; bg_color=&#8221;#b80326&#8243;][vc_column fade_animation_offset=&#8221;45px&#8221; width=&#8221;1\/1&#8243;][\/vc_column][\/vc_row][vc_row padding_top=&#8221;0px&#8221; padding_bottom=&#8221;0px&#8221;][vc_column fade_animation_offset=&#8221;45px&#8221; width=&#8221;1\/1&#8243;]<hr  class=\"x-gap\" style=\"margin: 20px 0 0 0;\">[\/vc_column][\/vc_row][vc_row inner_container=&#8221;true&#8221; no_margin=&#8221;true&#8221; padding_top=&#8221;0px&#8221; padding_bottom=&#8221;0px&#8221; border=&#8221;none&#8221; class=&#8221;np&#8221;][vc_column fade_animation_offset=&#8221;45px&#8221; width=&#8221;1\/1&#8243;]<h4  class=\"h-custom-headline h4\" ><span>10 Cualidades De Un Disc\u00edpulo<\/span><\/h4><p>Hace varios a\u00f1os nos reunimos como equipo para hablar sobre el futuro de nuestra iglesia y como pod\u00edamos guiar a las personas y familias que Dios nos trajo a la vida que \u00c9l tiene para ellos. De esa conversaci\u00f3n nos dimos cuenta de que lo m\u00e1s importante que pod\u00edamos hacer como l\u00edderes era seguir las instrucciones de Jes\u00fas en Mateo 28,\u00a0<em data-redactor-tag=\"em\">\u201cId y Haced\u00a0Disc\u00edpulos\u201d.<\/em>\u00a0As\u00ed naci\u00f3\u00a0<strong data-redactor-tag=\"strong\">10 Cualidades de un Disc\u00edpulo.<\/strong>\u00a0Desde ese momento, la traves\u00eda de hacer que las personas pasen de ser un creyente para convertirse en un disc\u00edpulo plenamente comprometido se ha convertido en el mensaje m\u00e1s importante de nuestra iglesia. Estas 10 cualidades son algunos de los mensajes m\u00e1s vivificantes y transformadores de la Biblia.<\/p>\n[\/vc_column][\/vc_row][vc_row padding_top=&#8221;0px&#8221; padding_bottom=&#8221;0px&#8221;][vc_column fade_animation_offset=&#8221;45px&#8221; width=&#8221;1\/1&#8243;]<hr  class=\"x-gap\" style=\"margin: 40px 0 0 0;\">[\/vc_column][\/vc_row][vc_row inner_container=&#8221;true&#8221; no_margin=&#8221;true&#8221; padding_top=&#8221;0px&#8221; padding_bottom=&#8221;0px&#8221; border=&#8221;none&#8221; class=&#8221;np&#8221;][vc_column fade_animation_offset=&#8221;45px&#8221; width=&#8221;1\/6&#8243;]<img  class=\"x-img\"  src=\"https:\/\/legacy.victoryatl.com\/victoryvida\/files\/2018\/04\/Artboard-14@2x-1.png\" >[\/vc_column][vc_column fade_animation_offset=&#8221;45px&#8221; width=&#8221;5\/6&#8243;]<div class=\"quality\">\n<h5 id=\"qualnumber\">CUALIDAD 1<\/h5>\n<h2 id=\"qualtitle\">Apasionadamente Comprometido con Jes\u00fas<\/h2>\n<p id=\"qualcopy\">Dios lo est\u00e1 llamando a acercarse y a aprender de \u00c9l. Uno de los indicadores principales que usted se ha convertido en disc\u00edpulo es cuando su pasi\u00f3n cambia de los deseos mundanos a Jes\u00fas.<\/p>\n<p id=\"qualcopy\"><span id=\"qualref\">Lucas 14:25<\/span> \u201cSi alguno viene a m\u00ed, y no aborrece a su padre y madre, y mujer e hijos, y hermanos y hermanas, y a\u00fan tambi\u00e9n su propia vida, no puede ser mi disc\u00edpulo.\u201d<\/p>\n<p id=\"messageref\"><a style=\"color: #2e2a25;\" href=\"https:\/\/legacy.victoryatl.com\/messages-item\/passionatelycommittedtojesus\/\" target=\"_blank\" rel=\"noopener\">Mensaje<\/a><\/p>\n<\/div>\n[\/vc_column][\/vc_row][vc_row padding_top=&#8221;0px&#8221; padding_bottom=&#8221;0px&#8221;][vc_column fade_animation_offset=&#8221;45px&#8221; width=&#8221;1\/1&#8243;]<hr  class=\"x-gap\" style=\"margin: 40px 0 0 0;\">[\/vc_column][\/vc_row][vc_row inner_container=&#8221;true&#8221; no_margin=&#8221;true&#8221; padding_top=&#8221;0px&#8221; padding_bottom=&#8221;0px&#8221; border=&#8221;none&#8221; class=&#8221;np&#8221;][vc_column fade_animation_offset=&#8221;45px&#8221; width=&#8221;1\/6&#8243;]<img  class=\"x-img\"  src=\"https:\/\/legacy.victoryatl.com\/victoryvida\/files\/2018\/04\/Artboard-5@2x.png\" >[\/vc_column][vc_column fade_animation_offset=&#8221;45px&#8221; width=&#8221;5\/6&#8243;]<div class=\"quality\">\n<h5 id=\"qualnumber\">CUALIDAD 2<\/h5>\n<h2 id=\"qualtitle\">Amor Extraordinario por las Personas<\/h2>\n<p>Jes\u00fas demostr\u00f3 amor extraordinario por todas las personas, y vino a ense\u00f1arnos como hacer lo mismo. \u00c9l vino a derribar las barreras que nos separan. Estamos destinados a ser una luz para el mundo, demostrando el coraz\u00f3n del Padre para que todos puedan reconciliarse con \u00c9l.<\/p>\n<p id=\"qualcopy\"><span id=\"qualref\">Juan 13:34-35<\/span> \u201cUn mandamiento nuevo les doy: Que se amen unos a otros como yo os he amado, tambi\u00e9n ustedes deben amarse los unos a los otros. En esto conocer\u00e1n todos que son mis disc\u00edpulos.\u201d<\/p>\n<p id=\"messageref\"><a style=\"color: #2e2a25;\" href=\"https:\/\/legacy.victoryatl.com\/messages-item\/extraordinaryloveforpeople\/\" target=\"_blank\" rel=\"noopener\">Mensaje<\/a><\/p>\n<\/div>\n[\/vc_column][\/vc_row][vc_row padding_top=&#8221;0px&#8221; padding_bottom=&#8221;0px&#8221;][vc_column fade_animation_offset=&#8221;45px&#8221; width=&#8221;1\/1&#8243;]<hr  class=\"x-gap\" style=\"margin: 40px 0 0 0;\">[\/vc_column][\/vc_row][vc_row inner_container=&#8221;true&#8221; no_margin=&#8221;true&#8221; padding_top=&#8221;0px&#8221; padding_bottom=&#8221;0px&#8221; border=&#8221;none&#8221; class=&#8221;np&#8221;][vc_column fade_animation_offset=&#8221;45px&#8221; width=&#8221;1\/6&#8243;]<img  class=\"x-img\"  src=\"https:\/\/legacy.victoryatl.com\/victoryvida\/files\/2018\/04\/Artboard-6@2x.png\" >[\/vc_column][vc_column fade_animation_offset=&#8221;45px&#8221; width=&#8221;5\/6&#8243;]<div class=\"quality\">\n<h5 id=\"qualnumber\">CUALIDAD 3<\/h5>\n<h2 id=\"qualtitle\">El Coraz\u00f3n de un Siervo<\/h2>\n<p>La verdadera grandeza comienza con la humildad. La Biblia nos dice que para ser grandes hay que servir a los dem\u00e1s. Y la humildad es el centro del coraz\u00f3n de un siervo. Debemos decrecer para que el car\u00e1cter de Cristo pueda aumentar en nosotros.<\/p>\n<p id=\"qualcopy\"><span id=\"qualref\">Mateo 23:11<\/span> El m\u00e1s grande entre vosotros ser\u00e1 vuestro siervo.<\/p>\n<p id=\"messageref\"><a style=\"color: #2e2a25;\" href=\"https:\/\/legacy.victoryatl.com\/messages-item\/10heartofaservant\/\" target=\"_blank\" rel=\"noopener\">Mensaje<\/a><\/p>\n<\/div>\n[\/vc_column][\/vc_row][vc_row padding_top=&#8221;0px&#8221; padding_bottom=&#8221;0px&#8221;][vc_column fade_animation_offset=&#8221;45px&#8221; width=&#8221;1\/1&#8243;]<hr  class=\"x-gap\" style=\"margin: 40px 0 0 0;\">[\/vc_column][\/vc_row][vc_row inner_container=&#8221;true&#8221; no_margin=&#8221;true&#8221; padding_top=&#8221;0px&#8221; padding_bottom=&#8221;0px&#8221; border=&#8221;none&#8221; class=&#8221;np&#8221;][vc_column fade_animation_offset=&#8221;45px&#8221; width=&#8221;1\/6&#8243;]<img  class=\"x-img\"  src=\"https:\/\/legacy.victoryatl.com\/victoryvida\/files\/2018\/04\/Artboard-7@2x.png\" >[\/vc_column][vc_column fade_animation_offset=&#8221;45px&#8221; width=&#8221;5\/6&#8243;]<div class=\"quality\">\n<h5 id=\"qualnumber\">CUALIDAD 4<\/h5>\n<h2 id=\"qualtitle\">Sensible y Sometido al Esp\u00edritu Santo<\/h2>\n<p>Cuanto m\u00e1s conectado est\u00e1 al Esp\u00edritu Santo m\u00e1s conectado est\u00e1 con Dios. \u00c9l es la presencia, el poder y la unci\u00f3n de Dios. Cuando usted recibe a Jes\u00fas como su Se\u00f1or, Su Esp\u00edritu viene a vivir dentro de usted, para limpiarlo de su pasado y darle una nueva vida.<\/p>\n<p id=\"qualcopy\"><span id=\"qualref\">Juan 14:16-17<\/span> \u201cY yo rogar\u00e9 al Padre, y os dar\u00e1 otro Consolador, para que est\u00e9 con vosotros para siempre. El Esp\u00edritu de verdad a qui\u00e9n el mundo no puede aceptar, porque no lo ve ni lo conoce, pero vosotros si lo conocen porque mora con vosotros y estar\u00e1 en vosotros.\u201d<\/p>\n<p id=\"messageref\"><a style=\"color: #2e2a25;\" href=\"https:\/\/legacy.victoryatl.com\/messages-item\/10sensitiveandsubmittedtotheholyspirit\/\" target=\"_blank\" rel=\"noopener\">Mensaje<\/a><\/p>\n<\/div>\n[\/vc_column][\/vc_row][vc_row padding_top=&#8221;0px&#8221; padding_bottom=&#8221;0px&#8221;][vc_column fade_animation_offset=&#8221;45px&#8221; width=&#8221;1\/1&#8243;]<hr  class=\"x-gap\" style=\"margin: 40px 0 0 0;\">[\/vc_column][\/vc_row][vc_row inner_container=&#8221;true&#8221; no_margin=&#8221;true&#8221; padding_top=&#8221;0px&#8221; padding_bottom=&#8221;0px&#8221; border=&#8221;none&#8221; class=&#8221;np&#8221;][vc_column fade_animation_offset=&#8221;45px&#8221; width=&#8221;1\/6&#8243;]<img  class=\"x-img\"  src=\"https:\/\/legacy.victoryatl.com\/victoryvida\/files\/2018\/04\/Artboard-8@2x.png\" >[\/vc_column][vc_column fade_animation_offset=&#8221;45px&#8221; width=&#8221;5\/6&#8243;]<div class=\"quality\">\n<h5 id=\"qualnumber\">CUALIDAD 5<\/h5>\n<h2 id=\"qualtitle\">Gobernado por la Autoridad de la Palabra de Dios<\/h2>\n<p>La palabra de Dios es verdad. Los disc\u00edpulos han decidido que deben elevar la Palabra por encima de sus sentimientos, incluso cuando sea dif\u00edcil. Actuando seg\u00fan sus instrucciones libera la unci\u00f3n sobre nuestras vidas y nos lleva a otra dimensi\u00f3n en nuestra relaci\u00f3n con \u00c9l.<\/p>\n<p id=\"qualcopy\"><span id=\"qualref\">Juan 8:31-32<\/span> \u201cEntonces Jes\u00fas les dijo a los Jud\u00edos que hab\u00edan cre\u00eddo en \u00c9l: si se mantienen fieles a Mi Palabra ser\u00e1n realmente mis disc\u00edpulos, y conocer\u00e1n la verdad, y la verdad os har\u00e1 libres.\u201d<\/p>\n<p id=\"messageref\"><a style=\"color: #2e2a25;\" href=\"https:\/\/legacy.victoryatl.com\/messages-item\/10governedbytheauthorityofgodsword\/\" target=\"_blank\" rel=\"noopener\">Mensaje<\/a><\/p>\n<\/div>\n[\/vc_column][\/vc_row][vc_row padding_top=&#8221;0px&#8221; padding_bottom=&#8221;0px&#8221;][vc_column fade_animation_offset=&#8221;45px&#8221; width=&#8221;1\/1&#8243;]<hr  class=\"x-gap\" style=\"margin: 40px 0 0 0;\">[\/vc_column][\/vc_row][vc_row inner_container=&#8221;true&#8221; no_margin=&#8221;true&#8221; padding_top=&#8221;0px&#8221; padding_bottom=&#8221;0px&#8221; border=&#8221;none&#8221; class=&#8221;np&#8221;][vc_column fade_animation_offset=&#8221;45px&#8221; width=&#8221;1\/6&#8243;]<img  class=\"x-img\"  src=\"https:\/\/legacy.victoryatl.com\/victoryvida\/files\/2018\/04\/Artboard-9@2x.png\" >[\/vc_column][vc_column fade_animation_offset=&#8221;45px&#8221; width=&#8221;5\/6&#8243;]<div class=\"quality\">\n<h5 id=\"qualnumber\">\u200bCUALIDAD 6<\/h5>\n<h2 id=\"qualtitle\">Vive Moralmente Puro<\/h2>\n<p>Debido a que Dios es un buen Padre, \u00c9l nos invita a compartir su car\u00e1cter. Como seguidores de Jes\u00fas, hemos sido perdonados y santificados. Pero debido a que Dios es Santo y estamos hechos a su imagen, tambi\u00e9n estamos llamados a vivir como \u00c9l.<\/p>\n<p id=\"qualcopy\"><span id=\"qualref\">1 Pedro 1:15-16<\/span> Sino como aquel que os llam\u00f3 es santo, sed tambi\u00e9n vosotros santos en todo lo que hagan; porque est\u00e1 escrito: &#8220;Sed santos, porque yo soy Santo.&#8221;<\/p>\n<p id=\"messageref\"><a style=\"color: #2e2a25;\" href=\"https:\/\/legacy.victoryatl.com\/messages-item\/10livesmorallypure\/\" target=\"_blank\" rel=\"noopener\">Mensaje<\/a><\/p>\n<\/div>\n[\/vc_column][\/vc_row][vc_row padding_top=&#8221;0px&#8221; padding_bottom=&#8221;0px&#8221;][vc_column fade_animation_offset=&#8221;45px&#8221; width=&#8221;1\/1&#8243;]<hr  class=\"x-gap\" style=\"margin: 40px 0 0 0;\">[\/vc_column][\/vc_row][vc_row inner_container=&#8221;true&#8221; no_margin=&#8221;true&#8221; padding_top=&#8221;0px&#8221; padding_bottom=&#8221;0px&#8221; border=&#8221;none&#8221; class=&#8221;np&#8221;][vc_column fade_animation_offset=&#8221;45px&#8221; width=&#8221;1\/6&#8243;]<img  class=\"x-img\"  src=\"https:\/\/legacy.victoryatl.com\/victoryvida\/files\/2018\/04\/Artboard-10@2x.png\" >[\/vc_column][vc_column fade_animation_offset=&#8221;45px&#8221; width=&#8221;5\/6&#8243;]<div class=\"quality\">\n<h5 id=\"qualnumber\">CUALIDAD 7<\/h5>\n<h2 id=\"qualtitle\">Evangel\u00edsticamente Audaz<\/h2>\n<p>Cuando recibimos a Cristo, Su Esp\u00edritu Santo viene a vivir dentro de nosotros. Muchas personas en el mundo est\u00e1n buscando \u2013 necesitan a alguien que sea lo suficientemente audaz como para compartir su fe y mostrarles el amor del Padre. Ahora es el momento de sobresalir y ser diferente &#8211; \u00a1Para compartir las grandes nuevas sobre Jes\u00fas!<\/p>\n<p id=\"qualcopy\"><span id=\"qualref\"> Marcos 16:15<\/span> \u00c9l les dijo, \u201cId por todo el mundo y predicad el evangelio a toda la creaci\u00f3n.\u201d<\/p>\n<p id=\"messageref\"><a style=\"color: #2e2a25;\" href=\"https:\/\/legacy.victoryatl.com\/messages-item\/10evangelisticallybold\/\" target=\"_blank\" rel=\"noopener\">Mensaje<\/a><\/p>\n<\/div>\n[\/vc_column][\/vc_row][vc_row padding_top=&#8221;0px&#8221; padding_bottom=&#8221;0px&#8221;][vc_column fade_animation_offset=&#8221;45px&#8221; width=&#8221;1\/1&#8243;]<hr  class=\"x-gap\" style=\"margin: 40px 0 0 0;\">[\/vc_column][\/vc_row][vc_row inner_container=&#8221;true&#8221; no_margin=&#8221;true&#8221; padding_top=&#8221;0px&#8221; padding_bottom=&#8221;0px&#8221; border=&#8221;none&#8221; class=&#8221;np&#8221;][vc_column fade_animation_offset=&#8221;45px&#8221; width=&#8221;1\/6&#8243;]<img  class=\"x-img\"  src=\"https:\/\/legacy.victoryatl.com\/victoryvida\/files\/2018\/04\/Artboard-11@2x.png\" >[\/vc_column][vc_column fade_animation_offset=&#8221;45px&#8221; width=&#8221;5\/6&#8243;]<div class=\"quality\">\n<h5 id=\"qualnumber\">CUALIDAD 8<\/h5>\n<h2 id=\"qualtitle\">Se Involucra en la Comunidad B\u00edblica<\/h2>\n<p>Dios dijo que no es bueno que el hombre est\u00e9 solo. \u00c9l nos program\u00f3 para funcionar mejor en el contexto de la comunidad b\u00edblica. Somos la familia de Dios a trav\u00e9s de la fe en Jes\u00fas, as\u00ed que no tenemos que correr la carrera solos.<\/p>\n<p id=\"qualcopy\"><span id=\"qualref\">Hechos 2:42<\/span> \u201cPasaron su tiempo aprendiendo de los ap\u00f3stoles, y fueron como familia el uno para el otro. Partiendo el pan y orando juntos.\u201d<\/p>\n<p id=\"messageref\"><a style=\"color: #2e2a25;\" href=\"https:\/\/legacy.victoryatl.com\/messages-item\/10engagesinbiblicalcommunity\/\" target=\"_blank\" rel=\"noopener\">Mensaje<\/a><\/p>\n<\/div>\n[\/vc_column][\/vc_row][vc_row padding_top=&#8221;0px&#8221; padding_bottom=&#8221;0px&#8221;][vc_column fade_animation_offset=&#8221;45px&#8221; width=&#8221;1\/1&#8243;]<hr  class=\"x-gap\" style=\"margin: 40px 0 0 0;\">[\/vc_column][\/vc_row][vc_row inner_container=&#8221;true&#8221; no_margin=&#8221;true&#8221; padding_top=&#8221;0px&#8221; padding_bottom=&#8221;0px&#8221; border=&#8221;none&#8221; class=&#8221;np&#8221;][vc_column fade_animation_offset=&#8221;45px&#8221; width=&#8221;1\/6&#8243;]<img  class=\"x-img\"  src=\"https:\/\/legacy.victoryatl.com\/victoryvida\/files\/2018\/04\/Artboard-12@2x.png\" >[\/vc_column][vc_column fade_animation_offset=&#8221;45px&#8221; width=&#8221;5\/6&#8243;]<div class=\"quality\">\n<h5 id=\"qualnumber\">CUALIDAD 9<\/h5>\n<h2 id=\"qualtitle\">Justo y Generoso<\/h2>\n<p>En lo que ponemos nuestra esperanza y confianza gu\u00eda nuestros pensamientos y decisiones. Cuando el dinero nos gobierna, roba nuestros corazones y afectos y nos distancia del Padre. Dios no est\u00e1 interesado en lo que adquirimos para nosotros mismos. Lo que le importa a \u00c9l es lo que hacemos que tiene significado eterno.<\/p>\n<p id=\"qualcopy\"><span id=\"qualref\">Mateo 6:24<\/span> \u201cNadie puede servir a dos amos. Porque odiar\u00e1s a uno y amar\u00e1s a otro; te consagrar\u00e1s a uno y despreciar\u00e1s al otro. No puedes servir a Dios y ser esclavo del dinero.\u201d<\/p>\n<p id=\"messageref\"><a style=\"color: #2e2a25;\" href=\"https:\/\/legacy.victoryatl.com\/messages-item\/10justandgenerous\/\" target=\"_blank\" rel=\"noopener\">Mensaje<\/a><\/p>\n<\/div>\n[\/vc_column][\/vc_row][vc_row padding_top=&#8221;0px&#8221; padding_bottom=&#8221;0px&#8221;][vc_column fade_animation_offset=&#8221;45px&#8221; width=&#8221;1\/1&#8243;]<hr  class=\"x-gap\" style=\"margin: 40px 0 0 0;\">[\/vc_column][\/vc_row][vc_row inner_container=&#8221;true&#8221; no_margin=&#8221;true&#8221; padding_top=&#8221;0px&#8221; padding_bottom=&#8221;0px&#8221; border=&#8221;none&#8221; class=&#8221;np&#8221;][vc_column fade_animation_offset=&#8221;45px&#8221; width=&#8221;1\/6&#8243;]<img  class=\"x-img\"  src=\"https:\/\/legacy.victoryatl.com\/victoryvida\/files\/2018\/04\/Artboard-13@2x.png\" >[\/vc_column][vc_column fade_animation_offset=&#8221;45px&#8221; width=&#8221;5\/6&#8243;]<div class=\"quality\">\n<h5 id=\"qualnumber\">CUALIDAD 10<\/h5>\n<h2 id=\"qualtitle\">Vive con un Prop\u00f3sito<\/h2>\n<p>La \u00fanica forma de conocer tu prop\u00f3sito es conocer a Dios. Ap\u00f3yate en \u00c9l y \u00c9l te equipar\u00e1 para cumplir la misma tarea que \u00c9l te ha llamado a completar.<\/p>\n<p id=\"qualcopy\"><span id=\"qualref\">Efesios 1:11-12<\/span> Es en Cristo que descubrimos quienes somos, y para que vivimos. Mucho antes de o\u00edr hablar por primera vez de Cristo y abrigamos nuestras esperanzas, \u00c9l hab\u00eda puesto sus ojos sobre nosotros, nos hab\u00eda dise\u00f1ado para una vida gloriosa, parte del prop\u00f3sito general que est\u00e1 trabajando en todo y en todos.<\/p>\n<p id=\"messageref\"><a style=\"color: #2e2a25;\" href=\"https:\/\/legacy.victoryatl.com\/messages-item\/10livesonpurpose\/\" target=\"_blank\" rel=\"noopener\">Mensaje<\/a><\/p>\n<\/div>\n[\/vc_column][\/vc_row][vc_row padding_top=&#8221;0px&#8221; padding_bottom=&#8221;0px&#8221;][vc_column fade_animation_offset=&#8221;45px&#8221; width=&#8221;1\/1&#8243;]<hr  class=\"x-gap\" style=\"margin: 60px 0 0 0;\">[\/vc_column][\/vc_row][vc_row inner_container=&#8221;true&#8221; no_margin=&#8221;true&#8221; padding_top=&#8221;0px&#8221; padding_bottom=&#8221;0px&#8221; border=&#8221;none&#8221; class=&#8221;np&#8221;][vc_column fade_animation_offset=&#8221;45px&#8221; width=&#8221;1\/2&#8243;]<a  class=\"x-img x-img-link\"  href=\"http:\/\/bit.ly\/10qualitiesbook\"  target=\"_blank\" rel=\"\"   data-options=\"thumbnail: 'https:\/\/legacy.victoryatl.com\/victoryvida\/files\/2018\/04\/10.jpg'\"><img src=\"https:\/\/legacy.victoryatl.com\/victoryvida\/files\/2018\/04\/10.jpg\" ><\/a>[\/vc_column][vc_column fade_animation_offset=&#8221;45px&#8221; width=&#8221;1\/2&#8243;]<h4  class=\"h-custom-headline h4\" ><span>OBTENGA SU LIBRO<\/span><\/h4><p>\u00bfUsted simplemente cree y hace \u201clo de la iglesia\u201d o est\u00e1 persiguiendo apasionadamente lo que significa ser disc\u00edpulo completamente comprometido de Jes\u00fas? El Pastor Rouse nos lleva a un viaje para descubrir la respuesta en su nuevo libro \u201c10\u201d. Aprenda lo que se necesita para pasar de ser un creyente a ser un disc\u00edpulo. Obtenga su libro para las series y para la participaci\u00f3n en peque\u00f1os grupos.<\/p>\n<a  class=\"x-btn x-btn-square x-btn-mini\"  href=\"http:\/\/bit.ly\/10qualitiesbook\"  target=\"_blank\" rel=\"\"   data-options=\"thumbnail: ''\">ORDENE EL LIBRO<\/a><hr  class=\"x-gap\" style=\"margin: 50px 0 0 0;\">[\/vc_column][\/vc_row][vc_row padding_top=&#8221;0px&#8221; padding_bottom=&#8221;0px&#8221;][vc_column fade_animation_offset=&#8221;45px&#8221; width=&#8221;1\/1&#8243;]<hr  class=\"x-gap\" style=\"margin: 40px 0 0 0;\">[\/vc_column][\/vc_row]\r\n","protected":false},"excerpt":{"rendered":"<p>[vc_row padding_top=&#8221;250px&#8221; padding_bottom=&#8221;280px&#8221; border=&#8221;none&#8221; bg_image=&#8221;6680&#8243; bg_video=&#8221;&#8221; class=&#8221;myheroman&#8221; style=&#8221;&#8221; bg_color=&#8221;#b80326&#8243;][vc_column fade_animation_offset=&#8221;45px&#8221; width=&#8221;1\/1&#8243;][\/vc_column][\/vc_row][vc_row padding_top=&#8221;0px&#8221; padding_bottom=&#8221;0px&#8221;][vc_column fade_animation_offset=&#8221;45px&#8221; width=&#8221;1\/1&#8243;][\/vc_column][\/vc_row][vc_row inner_container=&#8221;true&#8221; no_margin=&#8221;true&#8221; padding_top=&#8221;0px&#8221; padding_bottom=&#8221;0px&#8221; border=&#8221;none&#8221; class=&#8221;np&#8221;][vc_column fade_animation_offset=&#8221;45px&#8221; width=&#8221;1\/1&#8243;][\/vc_column][\/vc_row][vc_row padding_top=&#8221;0px&#8221; padding_bottom=&#8221;0px&#8221;][vc_column fade_animation_offset=&#8221;45px&#8221; width=&#8221;1\/1&#8243;][\/vc_column][\/vc_row][vc_row inner_container=&#8221;true&#8221; no_margin=&#8221;true&#8221; padding_top=&#8221;0px&#8221; &#8230;<\/p>\n","protected":false},"author":5,"featured_media":0,"parent":0,"menu_order":0,"comment_status":"closed","ping_status":"closed","template":"template-blank-4.php","meta":[],"_links":{"self":[{"href":"https:\/\/legacy.victoryatl.com\/victoryvida\/wp-json\/wp\/v2\/pages\/6615"}],"collection":[{"href":"https:\/\/legacy.victoryatl.com\/victoryvida\/wp-json\/wp\/v2\/pages"}],"about":[{"href":"https:\/\/legacy.victoryatl.com\/victoryvida\/wp-json\/wp\/v2\/types\/page"}],"author":[{"embeddable":true,"href":"https:\/\/legacy.victoryatl.com\/victoryvida\/wp-json\/wp\/v2\/users\/5"}],"replies":[{"embeddable":true,"href":"https:\/\/legacy.victoryatl.com\/victoryvida\/wp-json\/wp\/v2\/comments?post=6615"}],"version-history":[{"count":22,"href":"https:\/\/legacy.victoryatl.com\/victoryvida\/wp-json\/wp\/v2\/pages\/6615\/revisions"}],"predecessor-version":[{"id":6681,"href":"https:\/\/legacy.victoryatl.com\/victoryvida\/wp-json\/wp\/v2\/pages\/6615\/revisions\/6681"}],"wp:attachment":[{"href":"https:\/\/legacy.victoryatl.com\/victoryvida\/wp-json\/wp\/v2\/media?parent=6615"}],"curies":[{"name":"wp","href":"https:\/\/api.w.org\/{rel}","templated":true}]}}