{"id":6267,"date":"2017-12-05T17:36:47","date_gmt":"2017-12-05T17:36:47","guid":{"rendered":"https:\/\/legacy.victoryatl.com\/victoryvida\/?page_id=6267"},"modified":"2023-01-17T19:14:31","modified_gmt":"2023-01-17T19:14:31","slug":"grupospequenos1","status":"publish","type":"page","link":"https:\/\/legacy.victoryatl.com\/victoryvida\/grupospequenos1\/","title":{"rendered":"Grupos"},"content":{"rendered":"[vc_row no_margin=&#8221;true&#8221; padding_top=&#8221;10px&#8221; padding_bottom=&#8221;15px&#8221; border=&#8221;none&#8221; class=&#8221;&#8221; bg_video=&#8221;&#8221; style=&#8221;&#8221; bg_color=&#8221;#000000&#8243;][vc_column fade_animation_offset=&#8221;45px&#8221; width=&#8221;1\/1&#8243;][vc_raw_html]JTNDJTIxLS0lMjBTdHlsZSUyMHRvJTIwbWFrZSUyMHRoZSUyMHNjcm9sbCUyMHNtb290aCUyQyUyMGFuZCUyMHF3LWdhcCUyMG9ubHklMjBzaG93JTIwb24lMjBtb2JpbGUlMjAtLSUzRSUwQSUzQ3N0eWxlJTNFJTBBJTIwJTIwaHRtbCUyMCU3QnNjcm9sbC1iZWhhdmlvciUzQSUyMHNtb290aCUzQiU3RCUwQSUyMCUyMCU0MG1lZGlhJTIwb25seSUyMHNjcmVlbiUyMGFuZCUyMCUyOG1heC13aWR0aCUzQSUyMDgwMXB4JTI5JTIwJTdCJTBBJTIwJTIwJTIwJTIwLnF3LWdhcCU3QmRpc3BsYXklM0ElMjBibG9jayUyMCUyMWltcG9ydGFudCUzQiUyMGhlaWdodCUzQSUyMDBweCUzQiUyMG1hcmdpbi10b3AlM0ElMjA1M3B4JTNCJTdEJTBBJTIwJTIwJTdEJTBBJTNDJTJGc3R5bGUlM0UlMEElMEElM0MlMjEtLSUyMEFkZCUyMHNwYWNlJTIwdG8lMjB0b3AlMjBvZiUyMHBhZ2UlMjAlMjhvbiUyMG1vYmlsZSUyOSUyMC0tJTNFJTBBJTNDZGl2JTIwY2xhc3MlM0QlMjJxdy1nYXAlMjIlMjBzdHlsZSUzRCUyMmRpc3BsYXklM0Fub25lJTIyJTNFJTNDJTJGZGl2JTNFJTBBJTBBJTNDJTIxLS0lMjBQZXRlJTI3cyUyMG9yaWdpbmFsJTIwY29kZSUyQyUyMHdpdGglMjAlM0NhJTNFJTI3cyUyMGhyZWYlMjBtb2RpZmllZCUyMHRvJTIwdXNlJTIwc2NyaXB0JTIwLS0lM0UlMEElM0NwJTIwc3R5bGUlM0QlMjJ0ZXh0LWFsaWduJTNBJTIwY2VudGVyJTNCJTIwZm9udC1zaXplJTNBJTIwMTE1JTI1JTNCJTIwbWFyZ2luLWJvdHRvbSUzQSUyMDBweCUyMCUyMWltcG9ydGFudCUzQiUyMG1hcmdpbi10b3AlM0ElMjAwcHglMjAlMjFpbXBvcnRhbnQlM0IlMjIlM0UlM0NzcGFuJTIwc3R5bGUlM0QlMjJjb2xvciUzQSUyMCUyM2ZmZmZmZiUzQiUyMiUzRSUwQUFjb21wJUMzJUExJUMzJUIxYW5vcyUyMGElMjBudWVzdHJvJTIwRG9taW5nbyUyMGRlJTIwR3J1cG9zJTIwUGVxdWUlQzMlQjFvcyUyMGVsJTIwMjIlMjBkZSUyMEVuZXJvJTIwZW4lMjB0b2RvcyUyMG51ZXN0cm9zJTIwY2FtcHVzLiUzQyUyRnNwYW4lM0UlMjAlM0NzdHJvbmclM0UlM0NhJTIwc3R5bGUlM0QlMjJjb2xvciUzQSUyMCUyM2ZmZmZmZiUzQiUyMiUyMGhyZWYlM0QlMjJqYXZhc2NyaXB0JTNBb25MaW5rQ2xpY2slMjglMjklM0IlMjIlM0UlM0MlMkZhJTNFJTNDJTJGc3Ryb25nJTNFJTNDJTJGcCUzRSUwQSUwQSUzQyUyMS0tJTIwU2NyaXB0JTIwdG8lMjBjb250cm9sJTIwYW5jaG9yJTIwdGFnJTIwbGluayUyMC0tJTNFJTBBJTNDc2NyaXB0JTNFJTBBJTIwJTIwZnVuY3Rpb24lMjBvbkxpbmtDbGljayUyOCUyOSU3QiUwQSUyMCUyMCUyMCUyMHdpbmRvdy5sb2NhdGlvbi5ocmVmJTIwJTNEJTIwJTIyaHR0cHMlM0ElMkYlMkZ3d3cuZXZlbnRicml0ZS5jb20lMkZlJTJGcm9vdGVkLXZpY3Rvcnktd29tZW5zLWNvbmZlcmVuY2UtMjAyMi10aWNrZXRzLTM5MDgyMjUwOTY0NyUyMiUyMCUzQiUyMCUyRiUyRnlvdXIlMjAlMjJhbmNob3IlMjIlMjBnb2VzJTIwaGVyZSUwQSUyMCUyMCU3RCUwQSUzQyUyRnNjcmlwdCUzRQ==[\/vc_raw_html][\/vc_column][\/vc_row][vc_row no_margin=&#8221;true&#8221; padding_top=&#8221;270px&#8221; padding_bottom=&#8221;300px&#8221; border=&#8221;none&#8221; class=&#8221;&#8221; bg_video=&#8221;&#8221; style=&#8221;&#8221; bg_image=&#8221;5296&#8243;][vc_column fade_animation_offset=&#8221;45px&#8221; width=&#8221;1\/1&#8243;]<h1  class=\"h-custom-headline center-text h1\" style=\"margin-bottom: 25px\"><span><span style=\"color: #ffffff;\">Grupos Peque\u00f1os<\/span><\/span><\/h1>[\/vc_column][\/vc_row][vc_row inner_container=&#8221;true&#8221; no_margin=&#8221;true&#8221; padding_top=&#8221;0px&#8221; padding_bottom=&#8221;0px&#8221; border=&#8221;none&#8221; class=&#8221;np&#8221; bg_video=&#8221;&#8221; style=&#8221;&#8221;][vc_column fade_animation_offset=&#8221;45px&#8221; width=&#8221;1\/1&#8243;]<hr  class=\"x-gap\" style=\"margin: 50px 0 0 0;\">[\/vc_column][\/vc_row][vc_row inner_container=&#8221;true&#8221; no_margin=&#8221;true&#8221; padding_top=&#8221;0px&#8221; padding_bottom=&#8221;0px&#8221; border=&#8221;none&#8221; class=&#8221;np&#8221; bg_video=&#8221;&#8221; style=&#8221;&#8221;][vc_column fade_animation_offset=&#8221;45px&#8221; width=&#8221;1\/1&#8243;]<hr  class=\"x-gap\" style=\"margin: 50px 0 0 0;\"><h4  class=\"h-custom-headline h4\" ><span>TODOS NECESITAMOS COMUNIDAD<\/span><\/h4><p>\u00a1No tienes que vivir una vida solitaria, la vida debe ser compartida! Cuando tienes un motivo grande para celebrar, necesitas comunidad. Cuando estas pasando por situaciones dif\u00edciles, necesitas comunidad. Mientras creces en tu relaci\u00f3n con Jes\u00fas y aprendes c\u00f3mo ser un disc\u00edpulo, necesitas comunidad. Tu grupo peque\u00f1o podr\u00e1 ayudarte a cultivar algunas de las relaciones m\u00e1s importantes en tu vida. Nuestros grupos peque\u00f1os est\u00e1n localizados alrededor de toda el \u00e1rea metropolitana de Atlanta. Estamos seguros que podr\u00e1s encontrar un grupo que llene tus necesidades.<\/p>\n<div class=\"quality\">\n<h2 id=\"qualtitle\"><\/h2>\n<p id=\"messageref\"><a style=\"color: #2e2a25;\" href=\"https:\/\/members.victoryatl.com\/findagroup?_gl=1%2A1norlfh%2A_ga%2AMTQyNjAwMjY3Ni4xNjQ5MzY3MDkw%2A_ga_3Q6BMNBRS2%2AMTY0OTM4NTEwOS4zLjEuMTY0OTM4NTM0Ny4w\" target=\"_blank\" rel=\"noopener noreferrer\">Encuentra Un Grupo<\/a><\/p>\n<\/div>\n<hr  class=\"x-gap\" style=\"margin: 50px 0 0 0;\">[\/vc_column][\/vc_row][vc_row padding_top=&#8221;0px&#8221; padding_bottom=&#8221;0px&#8221;][vc_column fade_animation_offset=&#8221;45px&#8221; width=&#8221;1\/1&#8243;]<hr  class=\"x-gap\" style=\"margin: 50px 0 0 0;\">[\/vc_column][\/vc_row]","protected":false},"excerpt":{"rendered":"<p>[vc_row no_margin=&#8221;true&#8221; padding_top=&#8221;10px&#8221; padding_bottom=&#8221;15px&#8221; border=&#8221;none&#8221; class=&#8221;&#8221; bg_video=&#8221;&#8221; style=&#8221;&#8221; bg_color=&#8221;#000000&#8243;][vc_column fade_animation_offset=&#8221;45px&#8221; width=&#8221;1\/1&#8243;][vc_raw_html]JTNDJTIxLS0lMjBTdHlsZSUyMHRvJTIwbWFrZSUyMHRoZSUyMHNjcm9sbCUyMHNtb290aCUyQyUyMGFuZCUyMHF3LWdhcCUyMG9ubHklMjBzaG93JTIwb24lMjBtb2JpbGUlMjAtLSUzRSUwQSUzQ3N0eWxlJTNFJTBBJTIwJTIwaHRtbCUyMCU3QnNjcm9sbC1iZWhhdmlvciUzQSUyMHNtb290aCUzQiU3RCUwQSUyMCUyMCU0MG1lZGlhJTIwb25seSUyMHNjcmVlbiUyMGFuZCUyMCUyOG1heC13aWR0aCUzQSUyMDgwMXB4JTI5JTIwJTdCJTBBJTIwJTIwJTIwJTIwLnF3LWdhcCU3QmRpc3BsYXklM0ElMjBibG9jayUyMCUyMWltcG9ydGFudCUzQiUyMGhlaWdodCUzQSUyMDBweCUzQiUyMG1hcmdpbi10b3AlM0ElMjA1M3B4JTNCJTdEJTBBJTIwJTIwJTdEJTBBJTNDJTJGc3R5bGUlM0UlMEElMEElM0MlMjEtLSUyMEFkZCUyMHNwYWNlJTIwdG8lMjB0b3AlMjBvZiUyMHBhZ2UlMjAlMjhvbiUyMG1vYmlsZSUyOSUyMC0tJTNFJTBBJTNDZGl2JTIwY2xhc3MlM0QlMjJxdy1nYXAlMjIlMjBzdHlsZSUzRCUyMmRpc3BsYXklM0Fub25lJTIyJTNFJTNDJTJGZGl2JTNFJTBBJTBBJTNDJTIxLS0lMjBQZXRlJTI3cyUyMG9yaWdpbmFsJTIwY29kZSUyQyUyMHdpdGglMjAlM0NhJTNFJTI3cyUyMGhyZWYlMjBtb2RpZmllZCUyMHRvJTIwdXNlJTIwc2NyaXB0JTIwLS0lM0UlMEElM0NwJTIwc3R5bGUlM0QlMjJ0ZXh0LWFsaWduJTNBJTIwY2VudGVyJTNCJTIwZm9udC1zaXplJTNBJTIwMTE1JTI1JTNCJTIwbWFyZ2luLWJvdHRvbSUzQSUyMDBweCUyMCUyMWltcG9ydGFudCUzQiUyMG1hcmdpbi10b3AlM0ElMjAwcHglMjAlMjFpbXBvcnRhbnQlM0IlMjIlM0UlM0NzcGFuJTIwc3R5bGUlM0QlMjJjb2xvciUzQSUyMCUyM2ZmZmZmZiUzQiUyMiUzRSUwQUFjb21wJUMzJUExJUMzJUIxYW5vcyUyMGElMjBudWVzdHJvJTIwRG9taW5nbyUyMGRlJTIwR3J1cG9zJTIwUGVxdWUlQzMlQjFvcyUyMGVsJTIwMjIlMjBkZSUyMEVuZXJvJTIwZW4lMjB0b2RvcyUyMG51ZXN0cm9zJTIwY2FtcHVzLiUzQyUyRnNwYW4lM0UlMjAlM0NzdHJvbmclM0UlM0NhJTIwc3R5bGUlM0QlMjJjb2xvciUzQSUyMCUyM2ZmZmZmZiUzQiUyMiUyMGhyZWYlM0QlMjJqYXZhc2NyaXB0JTNBb25MaW5rQ2xpY2slMjglMjklM0IlMjIlM0UlM0MlMkZhJTNFJTNDJTJGc3Ryb25nJTNFJTNDJTJGcCUzRSUwQSUwQSUzQyUyMS0tJTIwU2NyaXB0JTIwdG8lMjBjb250cm9sJTIwYW5jaG9yJTIwdGFnJTIwbGluayUyMC0tJTNFJTBBJTNDc2NyaXB0JTNFJTBBJTIwJTIwZnVuY3Rpb24lMjBvbkxpbmtDbGljayUyOCUyOSU3QiUwQSUyMCUyMCUyMCUyMHdpbmRvdy5sb2NhdGlvbi5ocmVmJTIwJTNEJTIwJTIyaHR0cHMlM0ElMkYlMkZ3d3cuZXZlbnRicml0ZS5jb20lMkZlJTJGcm9vdGVkLXZpY3Rvcnktd29tZW5zLWNvbmZlcmVuY2UtMjAyMi10aWNrZXRzLTM5MDgyMjUwOTY0NyUyMiUyMCUzQiUyMCUyRiUyRnlvdXIlMjAlMjJhbmNob3IlMjIlMjBnb2VzJTIwaGVyZSUwQSUyMCUyMCU3RCUwQSUzQyUyRnNjcmlwdCUzRQ==[\/vc_raw_html][\/vc_column][\/vc_row][vc_row no_margin=&#8221;true&#8221; padding_top=&#8221;270px&#8221; padding_bottom=&#8221;300px&#8221; border=&#8221;none&#8221; class=&#8221;&#8221; bg_video=&#8221;&#8221; style=&#8221;&#8221; bg_image=&#8221;5296&#8243;][vc_column fade_animation_offset=&#8221;45px&#8221; width=&#8221;1\/1&#8243;][\/vc_column][\/vc_row][vc_row inner_container=&#8221;true&#8221; no_margin=&#8221;true&#8221; padding_top=&#8221;0px&#8221; padding_bottom=&#8221;0px&#8221; border=&#8221;none&#8221; class=&#8221;np&#8221; bg_video=&#8221;&#8221; style=&#8221;&#8221;][vc_column fade_animation_offset=&#8221;45px&#8221; &#8230;<\/p>\n","protected":false},"author":5,"featured_media":0,"parent":0,"menu_order":0,"comment_status":"closed","ping_status":"open","template":"template-blank-4.php","meta":[],"_links":{"self":[{"href":"https:\/\/legacy.victoryatl.com\/victoryvida\/wp-json\/wp\/v2\/pages\/6267"}],"collection":[{"href":"https:\/\/legacy.victoryatl.com\/victoryvida\/wp-json\/wp\/v2\/pages"}],"about":[{"href":"https:\/\/legacy.victoryatl.com\/victoryvida\/wp-json\/wp\/v2\/types\/page"}],"author":[{"embeddable":true,"href":"https:\/\/legacy.victoryatl.com\/victoryvida\/wp-json\/wp\/v2\/users\/5"}],"replies":[{"embeddable":true,"href":"https:\/\/legacy.victoryatl.com\/victoryvida\/wp-json\/wp\/v2\/comments?post=6267"}],"version-history":[{"count":37,"href":"https:\/\/legacy.victoryatl.com\/victoryvida\/wp-json\/wp\/v2\/pages\/6267\/revisions"}],"predecessor-version":[{"id":9376,"href":"https:\/\/legacy.victoryatl.com\/victoryvida\/wp-json\/wp\/v2\/pages\/6267\/revisions\/9376"}],"wp:attachment":[{"href":"https:\/\/legacy.victoryatl.com\/victoryvida\/wp-json\/wp\/v2\/media?parent=6267"}],"curies":[{"name":"wp","href":"https:\/\/api.w.org\/{rel}","templated":true}]}}