{"id":6054,"date":"2017-08-24T19:36:02","date_gmt":"2017-08-24T19:36:02","guid":{"rendered":"http:\/\/legacy.victoryatl.com\/victoryvida\/?page_id=6054"},"modified":"2022-05-19T21:14:00","modified_gmt":"2022-05-19T21:14:00","slug":"finanzas","status":"publish","type":"page","link":"https:\/\/legacy.victoryatl.com\/victoryvida\/finanzas\/","title":{"rendered":"Finanzas"},"content":{"rendered":"[vc_row padding_top=&#8221;200px&#8221; padding_bottom=&#8221;220px&#8221; bg_image=&#8221;8935&#8243; bg_video=&#8221;&#8221; class=&#8221;specialbackground&#8221; style=&#8221;&#8221;][vc_column fade_animation_offset=&#8221;45px&#8221; width=&#8221;1\/1&#8243;]<h1  class=\"h-custom-headline center-text h1\" ><span><span style=\"color: white;\">CLASES DE FINANZAS<\/span><\/span><\/h1>[\/vc_column][\/vc_row][vc_row inner_container=&#8221;true&#8221; no_margin=&#8221;true&#8221; padding_top=&#8221;0px&#8221; padding_bottom=&#8221;0px&#8221; bg_video=&#8221;&#8221; class=&#8221;np&#8221; style=&#8221;&#8221;][vc_column fade_animation_offset=&#8221;45px&#8221; width=&#8221;1\/1&#8243;]<hr  class=\"x-gap\" style=\"margin: 50px 0 0 0;\"><h4  class=\"h-custom-headline h4\" ><span>CLASES DE FINANZAS<\/span><\/h4><p style=\"text-align: left;\">\u00a1Si usted quiere finalmente establecer y atenerse a un presupuesto o deshacerse de la deuda, estas clases le ayudar\u00e1 a tomar el control de sus finanzas! Cada una ofrece un entrenamiento que cambia la vida sobre c\u00f3mo administrar el dinero que Dios te ha dado para que gastes sabiamente y ahorres para el futuro. \u00a1Obtenga ense\u00f1anza b\u00edblicamente s\u00f3lida para ayudarle a manejar el dinero a su manera, y encontrar la libertad financiera!<\/p>\n<hr  class=\"x-gap\" style=\"margin: 75px 0 0 0;\">[\/vc_column][\/vc_row][vc_row inner_container=&#8221;true&#8221; no_margin=&#8221;true&#8221; padding_top=&#8221;0px&#8221; padding_bottom=&#8221;0px&#8221; bg_video=&#8221;&#8221; class=&#8221;np&#8221; style=&#8221;&#8221;][vc_column fade_animation_offset=&#8221;45px&#8221; width=&#8221;1\/2&#8243;]<hr  class=\"x-gap\" style=\"margin: 50px 0 0 0;\"><img  class=\"x-img x-img-none none\" style=\"max-width: 230px; margin-right: auto !important; margin-left: auto !important; display: block;\" src=\"https:\/\/legacy.victoryatl.com\/victoryvida\/files\/2017\/08\/Money_Work_FPU_Icon-1.png\" >[\/vc_column][vc_column fade_animation_offset=&#8221;45px&#8221; width=&#8221;1\/2&#8243;]<div style=\"padding: 0 20px;\">\n<h6 style=\"font-size: 12px; letter-spacing: 2px; text-transform: uppercase; color: #a9a9a9; font-weight: 100; padding-top: 10px; margin-bottom: -15px;\">9 Sesiones<\/h6>\n<h4>UNIVERSIDAD DE LA PAZ FINANCIERA<\/h4>\n<p>En este programa de 9 semanas desarrollado por Dave Ramsey, usted estar\u00e1 capacitado y equipado para tomar las decisiones correctas de dinero para alcanzar sus metas financieras. Aprenda a planificar y administrar con seguridad su flujo de efectivo.<\/p>\n<\/div>\n<a  class=\"x-btn x-btn-square x-btn-mini alignleft\" style=\"margin: 30px 20px; border-color: #5D5D5D; color: #5D5D5D;\" href=\"http:\/\/legacy.victoryatl.com\/victoryvida\/fpu\/\"     data-options=\"thumbnail: ''\">APRENDA M\u00c1S<\/a>[\/vc_column][\/vc_row][vc_row padding_top=&#8221;0px&#8221; padding_bottom=&#8221;0px&#8221;][vc_column fade_animation_offset=&#8221;45px&#8221; width=&#8221;1\/1&#8243;]<hr  class=\"x-gap\" style=\"margin: 50px 0 0 0;\"><hr  class=\"x-hr\" ><hr  class=\"x-gap\" style=\"margin: 50px 0 0 0;\">[\/vc_column][\/vc_row][vc_row inner_container=&#8221;true&#8221; no_margin=&#8221;true&#8221; padding_top=&#8221;0px&#8221; padding_bottom=&#8221;0px&#8221; bg_video=&#8221;&#8221; class=&#8221;np&#8221; style=&#8221;&#8221;][vc_column fade_animation_offset=&#8221;45px&#8221; width=&#8221;1\/2&#8243;]<hr  class=\"x-gap\" style=\"margin: 50px 0 0 0;\"><img  class=\"x-img x-img-none none\" style=\"max-width: 230px; margin-right: auto !important; margin-left: auto !important; display: block;\" src=\"https:\/\/legacy.victoryatl.com\/victoryvida\/files\/2017\/08\/Money_Work_Compass_Icon.png\" >[\/vc_column][vc_column fade_animation_offset=&#8221;45px&#8221; width=&#8221;1\/2&#8243;]<div style=\"padding: 0 20px;\">\n<h6 style=\"font-size: 12px; letter-spacing: 2px; text-transform: uppercase; color: #a9a9a9; font-weight: 100; padding-top: 10px; margin-bottom: -15px;\">10 Sesiones<\/h6>\n<h4>Estudio Biblico Conceptos Financieros<\/h4>\n<p>Con el objetivo de ayudarle a entender y crecer en el \u00e1rea de la administraci\u00f3n b\u00edblica, Estudio Biblico Conceptos Financieros es un estudio de 10 semanas que le ense\u00f1ar\u00e1 la perspectiva de Dios sobre la administraci\u00f3n del dinero y las posesiones.<\/p>\n<\/div>\n<a  class=\"x-btn x-btn-square x-btn-mini alignleft\" style=\"margin: 30px 20px; border-color: #5D5D5D; color: #5D5D5D;\" href=\"http:\/\/legacy.victoryatl.com\/victoryvida\/compass\/\"     data-options=\"thumbnail: ''\">APRENDA M\u00c1S<\/a>[\/vc_column][\/vc_row][vc_row padding_top=&#8221;0px&#8221; padding_bottom=&#8221;0px&#8221;][vc_column fade_animation_offset=&#8221;45px&#8221; width=&#8221;1\/1&#8243;]<hr  class=\"x-gap\" style=\"margin: 50px 0 0 0;\">[\/vc_column][\/vc_row]","protected":false},"excerpt":{"rendered":"<p>[vc_row padding_top=&#8221;200px&#8221; padding_bottom=&#8221;220px&#8221; bg_image=&#8221;8935&#8243; bg_video=&#8221;&#8221; class=&#8221;specialbackground&#8221; style=&#8221;&#8221;][vc_column fade_animation_offset=&#8221;45px&#8221; width=&#8221;1\/1&#8243;][\/vc_column][\/vc_row][vc_row inner_container=&#8221;true&#8221; no_margin=&#8221;true&#8221; padding_top=&#8221;0px&#8221; padding_bottom=&#8221;0px&#8221; bg_video=&#8221;&#8221; class=&#8221;np&#8221; style=&#8221;&#8221;][vc_column fade_animation_offset=&#8221;45px&#8221; width=&#8221;1\/1&#8243;][\/vc_column][\/vc_row][vc_row inner_container=&#8221;true&#8221; no_margin=&#8221;true&#8221; padding_top=&#8221;0px&#8221; padding_bottom=&#8221;0px&#8221; bg_video=&#8221;&#8221; class=&#8221;np&#8221; style=&#8221;&#8221;][vc_column fade_animation_offset=&#8221;45px&#8221; width=&#8221;1\/2&#8243;][\/vc_column][vc_column fade_animation_offset=&#8221;45px&#8221; width=&#8221;1\/2&#8243;][\/vc_column][\/vc_row][vc_row padding_top=&#8221;0px&#8221; &#8230;<\/p>\n","protected":false},"author":5,"featured_media":0,"parent":0,"menu_order":0,"comment_status":"closed","ping_status":"closed","template":"template-blank-4.php","meta":[],"_links":{"self":[{"href":"https:\/\/legacy.victoryatl.com\/victoryvida\/wp-json\/wp\/v2\/pages\/6054"}],"collection":[{"href":"https:\/\/legacy.victoryatl.com\/victoryvida\/wp-json\/wp\/v2\/pages"}],"about":[{"href":"https:\/\/legacy.victoryatl.com\/victoryvida\/wp-json\/wp\/v2\/types\/page"}],"author":[{"embeddable":true,"href":"https:\/\/legacy.victoryatl.com\/victoryvida\/wp-json\/wp\/v2\/users\/5"}],"replies":[{"embeddable":true,"href":"https:\/\/legacy.victoryatl.com\/victoryvida\/wp-json\/wp\/v2\/comments?post=6054"}],"version-history":[{"count":19,"href":"https:\/\/legacy.victoryatl.com\/victoryvida\/wp-json\/wp\/v2\/pages\/6054\/revisions"}],"predecessor-version":[{"id":8939,"href":"https:\/\/legacy.victoryatl.com\/victoryvida\/wp-json\/wp\/v2\/pages\/6054\/revisions\/8939"}],"wp:attachment":[{"href":"https:\/\/legacy.victoryatl.com\/victoryvida\/wp-json\/wp\/v2\/media?parent=6054"}],"curies":[{"name":"wp","href":"https:\/\/api.w.org\/{rel}","templated":true}]}}