{"id":5790,"date":"2017-08-03T19:04:21","date_gmt":"2017-08-03T19:04:21","guid":{"rendered":"http:\/\/legacy.victoryatl.com\/victoryvida\/?page_id=5790"},"modified":"2022-05-24T14:08:28","modified_gmt":"2022-05-24T14:08:28","slug":"compass","status":"publish","type":"page","link":"https:\/\/legacy.victoryatl.com\/victoryvida\/compass\/","title":{"rendered":"Compass"},"content":{"rendered":"[vc_row padding_top=&#8221;240px&#8221; padding_bottom=&#8221;270px&#8221; bg_image=&#8221;8950&#8243; bg_video=&#8221;&#8221; class=&#8221;specialbackground&#8221; style=&#8221;&#8221;][vc_column fade_animation_offset=&#8221;45px&#8221; width=&#8221;1\/1&#8243;]<h2  class=\"h-custom-headline center-text h2\" ><span><span style=\"color: white;\">ESTUDIO BIBLICO CONCEPTOS FINANCIEROS<\/span><\/span><\/h2>[\/vc_column][\/vc_row][vc_row padding_top=&#8221;0px&#8221; padding_bottom=&#8221;0px&#8221; bg_video=&#8221;&#8221; class=&#8221;np&#8221; style=&#8221;&#8221;][vc_column fade_animation_offset=&#8221;45px&#8221; width=&#8221;1\/2&#8243;]<hr  class=\"x-gap\" style=\"margin: 50px 0 0 0;\"><img  class=\"x-img\" style=\"max-width: 230px; margin-right: auto !important; margin-left: auto !important; display: block;\" src=\"https:\/\/legacy.victoryatl.com\/victoryvida\/files\/2017\/08\/Money_Work_Compass_Icon.png\" >[\/vc_column][vc_column fade_animation_offset=&#8221;45px&#8221; width=&#8221;1\/2&#8243;]<div style=\"padding: 0 20px;\">\n<h4>Estudio Biblico Conceptos Financieros<\/h4>\n<p>La mision de Conceptos Financieros Crown es de equipar a las personas para aprender, aplicar y ense\u00f1ar los principios financieros de Dios. Al terminar este studio las personas podran tener una comunicacion y relacion mas intima con Cristo, tendran la oportunidar de invitar a Jesucristo a ser Se\u00f1or en sus vidas, y podran aprender a ordenar sus finanzas. Cuando aprendemos la parte de Dios y nuestras responsabilidades, y las cumplimos fielmente; entonces exprimentaremos contentamiento, esperanza y confianza en nuestro futuro financiero.<\/p>\n<\/div>\n[\/vc_column][\/vc_row][vc_row inner_container=&#8221;true&#8221; no_margin=&#8221;true&#8221; padding_top=&#8221;0px&#8221; padding_bottom=&#8221;0px&#8221; bg_video=&#8221;&#8221; class=&#8221;&#8221; style=&#8221;&#8221;][vc_column fade_animation_offset=&#8221;45px&#8221; width=&#8221;1\/1&#8243;]<hr  class=\"x-hr\" ><hr  class=\"x-gap\" style=\"margin: 50px 0 0 0;\"><p style=\"text-align: center;\"><strong>Aprenderan las siguentes lecciones en la clase de Conceptos Financieros Crown:<\/strong><\/p>\n<hr  class=\"x-gap\" style=\"margin: 50px 0 0 0;\">[\/vc_column][\/vc_row][vc_row inner_container=&#8221;true&#8221; no_margin=&#8221;true&#8221; padding_top=&#8221;0px&#8221; padding_bottom=&#8221;0px&#8221; bg_video=&#8221;&#8221; class=&#8221;&#8221; style=&#8221;&#8221;][vc_column fade_animation_offset=&#8221;45px&#8221; width=&#8221;1\/2&#8243;]<p><strong>Lecci\u00f3n 1- <\/strong> Introduccion: La manera en la que manejamos las finanzas afecta nuestra relacion con el Se\u00f1or<\/p>\n<p><strong>Lecci\u00f3n 2-\u00a0<\/strong>La Parte de Dios\/Nuestra parte: Dios es el due\u00f1o de todo<\/p>\n<p><strong>Lecci\u00f3n 3-\u00a0<\/strong>Las Deudas: El deudor es esclavo del acreedor<\/p>\n<p><strong>Lecci\u00f3n 4-\u00a0<\/strong>El Consejo: Una persona sabia busca consejo<\/p>\n<p><strong>Lecci\u00f3n 5-\u00a0<\/strong>La Honestidad: Se require absoluta honestidad<\/p>\n[\/vc_column][vc_column fade_animation_offset=&#8221;45px&#8221; width=&#8221;1\/2&#8243;]<p><strong>Lecci\u00f3n 6-\u00a0<\/strong>La Generosidad: El dar es una bendicion<\/p>\n<p><strong>Lecci\u00f3n 7-\u00a0<\/strong>El Trabajo: Trabaje diligentemente como para el Se\u00f1or<\/p>\n<p><strong>Lecci\u00f3n 8-\u00a0<\/strong>Las Inversiones: Ahorre constantemente<\/p>\n<p><strong>Lecci\u00f3n 9-\u00a0<\/strong>Perspectivas Importantes: Debemos aprender a ser fieles a Jesucristo, sea conveniente o no<\/p>\n<p><strong>Lecci\u00f3n 10-\u00a0<\/strong>La Eternidad: Todos rendiremos cuentas algun dia<\/p>\n[\/vc_column][\/vc_row][vc_row padding_top=&#8221;0px&#8221; padding_bottom=&#8221;0px&#8221;][vc_column fade_animation_offset=&#8221;45px&#8221; width=&#8221;1\/1&#8243;]<hr  class=\"x-gap\" style=\"margin: 50px 0 0 0;\">[\/vc_column][\/vc_row][vc_row padding_top=&#8221;0px&#8221; padding_bottom=&#8221;0px&#8221;][vc_column fade_animation_offset=&#8221;45px&#8221; width=&#8221;1\/1&#8243;]<hr  class=\"x-gap\" style=\"margin: 50px 0 0 0;\">[\/vc_column][\/vc_row][vc_row padding_top=&#8221;100px&#8221; padding_bottom=&#8221;100px&#8221; parallax=&#8221;true&#8221; bg_image=&#8221;8951&#8243; bg_video=&#8221;&#8221; class=&#8221;&#8221; style=&#8221;&#8221;][vc_column fade_animation_offset=&#8221;45px&#8221; width=&#8221;1\/1&#8243;]<div style=\"max-width: 900px; margin: 20px auto !important; display: block;\">\n<h4 style=\"text-align: center; color: white;\">NUEVA PERSPECTIVA<\/h4>\n<p style=\"color: white; text-align: center; font-size: 140%; font-weight: 100;\">&#8220;Esta clase literalmente ha cambiado mi perspectiva de ser un buen mayordomo en todas las \u00e1reas de mi vida. Desde que tom\u00e9 Estudio Biblico Conceptos Financieros, he seguido encontrando maneras de reducir mis gastos y pagar m\u00e1s deudas. Tambi\u00e9n he notado que soy m\u00e1s orante en lo que respecta a cada gran decisi\u00f3n financiera.<\/p>\n<p style=\"text-align: center; color: white; font-weight: 100;\">\u2013 Lakeayla Wilson<\/p>\n<\/div>\n[\/vc_column][\/vc_row][vc_row padding_top=&#8221;0px&#8221; padding_bottom=&#8221;0px&#8221;][vc_column fade_animation_offset=&#8221;45px&#8221; width=&#8221;1\/1&#8243;]<hr  class=\"x-gap\" style=\"margin: 50px 0 0 0;\">[\/vc_column][\/vc_row][vc_row inner_container=&#8221;true&#8221; no_margin=&#8221;true&#8221; padding_top=&#8221;0px&#8221; padding_bottom=&#8221;0px&#8221; bg_video=&#8221;&#8221; class=&#8221;np&#8221; style=&#8221;&#8221;][vc_column fade_animation_offset=&#8221;45px&#8221; width=&#8221;1\/2&#8243;]<h4  class=\"h-custom-headline h4\" ><span>CUANDO Y D\u00d3NDE<\/span><\/h4><p>Est\u00e9n atentos para futuras fechas.<\/p>\n<hr  class=\"x-gap\" style=\"margin: 20px 0 0 0;\"><hr  class=\"x-clear\" ><hr  class=\"x-gap\" style=\"margin: 20px 0 0 0;\"><hr  class=\"x-clear\" >[\/vc_column][vc_column fade_animation_offset=&#8221;45px&#8221; width=&#8221;1\/2&#8243;]<script type=\"text\/javascript\">var gform;gform||(document.addEventListener(\"gform_main_scripts_loaded\",function(){gform.scriptsLoaded=!0}),window.addEventListener(\"DOMContentLoaded\",function(){gform.domLoaded=!0}),gform={domLoaded:!1,scriptsLoaded:!1,initializeOnLoaded:function(o){gform.domLoaded&&gform.scriptsLoaded?o():!gform.domLoaded&&gform.scriptsLoaded?window.addEventListener(\"DOMContentLoaded\",o):document.addEventListener(\"gform_main_scripts_loaded\",o)},hooks:{action:{},filter:{}},addAction:function(o,n,r,t){gform.addHook(\"action\",o,n,r,t)},addFilter:function(o,n,r,t){gform.addHook(\"filter\",o,n,r,t)},doAction:function(o){gform.doHook(\"action\",o,arguments)},applyFilters:function(o){return gform.doHook(\"filter\",o,arguments)},removeAction:function(o,n){gform.removeHook(\"action\",o,n)},removeFilter:function(o,n,r){gform.removeHook(\"filter\",o,n,r)},addHook:function(o,n,r,t,i){null==gform.hooks[o][n]&&(gform.hooks[o][n]=[]);var e=gform.hooks[o][n];null==i&&(i=n+\"_\"+e.length),gform.hooks[o][n].push({tag:i,callable:r,priority:t=null==t?10:t})},doHook:function(n,o,r){var t;if(r=Array.prototype.slice.call(r,1),null!=gform.hooks[n][o]&&((o=gform.hooks[n][o]).sort(function(o,n){return o.priority-n.priority}),o.forEach(function(o){\"function\"!=typeof(t=o.callable)&&(t=window[t]),\"action\"==n?t.apply(null,r):r[0]=t.apply(null,r)})),\"filter\"==n)return r[0]},removeHook:function(o,n,t,i){var r;null!=gform.hooks[o][n]&&(r=(r=gform.hooks[o][n]).filter(function(o,n,r){return!!(null!=i&&i!=o.tag||null!=t&&t!=o.priority)}),gform.hooks[o][n]=r)}});<\/script>\n                <div class='gf_browser_gecko gform_wrapper gform_legacy_markup_wrapper' id='gform_wrapper_33' >\n                        <div class='gform_heading'>\n                            <h3 class=\"gform_title\">Pre-registracion abierta para las clases de finanzas<\/h3>\n                            <span class='gform_description'>Contact Form<\/span>\n                        <\/div><form method='post' enctype='multipart\/form-data'  id='gform_33'  action='\/victoryvida\/wp-json\/wp\/v2\/pages\/5790' >\n                        <div class='gform_body gform-body'><ul id='gform_fields_33' class='gform_fields top_label form_sublabel_below description_below'><li id=\"field_33_1\" class=\"gfield gfield_contains_required field_sublabel_below field_description_below gfield_visibility_visible\" ><label class='gfield_label gfield_label_before_complex'  >Nombre<span class=\"gfield_required\"><span class=\"gfield_required gfield_required_asterisk\">*<\/span><\/span><\/label><div class='ginput_complex ginput_container no_prefix has_first_name no_middle_name has_last_name no_suffix gf_name_has_2 ginput_container_name' id='input_33_1'>\n                            \n                            <span id='input_33_1_3_container' class='name_first' >\n                                                    <input type='text' name='input_1.3' id='input_33_1_3' value=''   aria-required='true'     \/>\n                                                    <label for='input_33_1_3' >Primero<\/label>\n                                                <\/span>\n                            \n                            <span id='input_33_1_6_container' class='name_last' >\n                                                    <input type='text' name='input_1.6' id='input_33_1_6' value=''   aria-required='true'     \/>\n                                                    <label for='input_33_1_6' >Ultimo<\/label>\n                                                <\/span>\n                            \n                        <\/div><\/li><li id=\"field_33_2\" class=\"gfield gfield_contains_required field_sublabel_below field_description_below gfield_visibility_visible\" ><label class='gfield_label' for='input_33_2' >Tel\u00e9fono<span class=\"gfield_required\"><span class=\"gfield_required gfield_required_asterisk\">*<\/span><\/span><\/label><div class='ginput_container ginput_container_phone'><input name='input_2' id='input_33_2' type='text' value='' class='medium'   aria-required=\"true\" aria-invalid=\"false\"   \/><\/div><\/li><li id=\"field_33_3\" class=\"gfield gfield_contains_required field_sublabel_below field_description_below gfield_visibility_visible\" ><label class='gfield_label' for='input_33_3' >Correo Electr\u00f3nico<span class=\"gfield_required\"><span class=\"gfield_required gfield_required_asterisk\">*<\/span><\/span><\/label><div class='ginput_container ginput_container_email'>\n                            <input name='input_3' id='input_33_3' type='text' value='' class='medium'    aria-required=\"true\" aria-invalid=\"false\"  \/>\n                        <\/div><\/li><li id=\"field_33_7\" class=\"gfield gfield_contains_required field_sublabel_below field_description_below gfield_visibility_visible\" ><label class='gfield_label' for='input_33_7' >Clase a la que le gustar\u00eda asistir:<span class=\"gfield_required\"><span class=\"gfield_required gfield_required_asterisk\">*<\/span><\/span><\/label><div class='ginput_container ginput_container_select'><select name='input_7' id='input_33_7' class='medium gfield_select'    aria-required=\"true\" aria-invalid=\"false\" ><option value='' ><\/option><option value='Estudio Biblico Conceptos Financieros' >Estudio Biblico Conceptos Financieros<\/option><option value='Paz Financiera' >Paz Financiera<\/option><\/select><\/div><\/li><\/ul><\/div>\n        <div class='gform_footer top_label'> <input type='submit' id='gform_submit_button_33' class='gform_button button' value='Enviar'  onclick='if(window[\"gf_submitting_33\"]){return false;}  window[\"gf_submitting_33\"]=true;  ' onkeypress='if( event.keyCode == 13 ){ if(window[\"gf_submitting_33\"]){return false;} window[\"gf_submitting_33\"]=true;  jQuery(\"#gform_33\").trigger(\"submit\",[true]); }' \/> \n            <input type='hidden' class='gform_hidden' name='is_submit_33' value='1' \/>\n            <input type='hidden' class='gform_hidden' name='gform_submit' value='33' \/>\n            \n            <input type='hidden' class='gform_hidden' name='gform_unique_id' value='' \/>\n            <input type='hidden' class='gform_hidden' name='state_33' value='WyJbXSIsIjYyM2JlOGJlYzIxMjQ3NWJmNWM3MjU3NGUyMTBkMmVhIl0=' \/>\n            <input type='hidden' class='gform_hidden' name='gform_target_page_number_33' id='gform_target_page_number_33' value='0' \/>\n            <input type='hidden' class='gform_hidden' name='gform_source_page_number_33' id='gform_source_page_number_33' value='1' \/>\n            <input type='hidden' name='gform_field_values' value='' \/>\n            \n        <\/div>\n                        <\/form>\n                        <\/div>[\/vc_column][\/vc_row][vc_row padding_top=&#8221;0px&#8221; padding_bottom=&#8221;0px&#8221; bg_video=&#8221;&#8221; class=&#8221;&#8221; style=&#8221;display:none&#8221;][vc_column fade_animation_offset=&#8221;45px&#8221; width=&#8221;1\/1&#8243;]<hr  class=\"x-gap\" style=\"margin: 50px 0 0 0;\"><h4  class=\"h-custom-headline h4\" ><span>PRE-REGISTRACI\u00d3N<\/span><\/h4>\n                <div class='gf_browser_gecko gform_wrapper gform_legacy_markup_wrapper' id='gform_wrapper_33' >\n                        <div class='gform_heading'>\n                            <span class='gform_description'>Contact Form<\/span>\n                        <\/div><form method='post' enctype='multipart\/form-data'  id='gform_33'  action='\/victoryvida\/wp-json\/wp\/v2\/pages\/5790' >\n                        <div class='gform_body gform-body'><ul id='gform_fields_33' class='gform_fields top_label form_sublabel_below description_below'><li id=\"field_33_1\" class=\"gfield gfield_contains_required field_sublabel_below field_description_below gfield_visibility_visible\" ><label class='gfield_label gfield_label_before_complex'  >Nombre<span class=\"gfield_required\"><span class=\"gfield_required gfield_required_asterisk\">*<\/span><\/span><\/label><div class='ginput_complex ginput_container no_prefix has_first_name no_middle_name has_last_name no_suffix gf_name_has_2 ginput_container_name' id='input_33_1'>\n                            \n                            <span id='input_33_1_3_container' class='name_first' >\n                                                    <input type='text' name='input_1.3' id='input_33_1_3' value=''   aria-required='true'     \/>\n                                                    <label for='input_33_1_3' >Primero<\/label>\n                                                <\/span>\n                            \n                            <span id='input_33_1_6_container' class='name_last' >\n                                                    <input type='text' name='input_1.6' id='input_33_1_6' value=''   aria-required='true'     \/>\n                                                    <label for='input_33_1_6' >Ultimo<\/label>\n                                                <\/span>\n                            \n                        <\/div><\/li><li id=\"field_33_2\" class=\"gfield gfield_contains_required field_sublabel_below field_description_below gfield_visibility_visible\" ><label class='gfield_label' for='input_33_2' >Tel\u00e9fono<span class=\"gfield_required\"><span class=\"gfield_required gfield_required_asterisk\">*<\/span><\/span><\/label><div class='ginput_container ginput_container_phone'><input name='input_2' id='input_33_2' type='text' value='' class='medium'   aria-required=\"true\" aria-invalid=\"false\"   \/><\/div><\/li><li id=\"field_33_3\" class=\"gfield gfield_contains_required field_sublabel_below field_description_below gfield_visibility_visible\" ><label class='gfield_label' for='input_33_3' >Correo Electr\u00f3nico<span class=\"gfield_required\"><span class=\"gfield_required gfield_required_asterisk\">*<\/span><\/span><\/label><div class='ginput_container ginput_container_email'>\n                            <input name='input_3' id='input_33_3' type='text' value='' class='medium'    aria-required=\"true\" aria-invalid=\"false\"  \/>\n                        <\/div><\/li><li id=\"field_33_7\" class=\"gfield gfield_contains_required field_sublabel_below field_description_below gfield_visibility_visible\" ><label class='gfield_label' for='input_33_7' >Clase a la que le gustar\u00eda asistir:<span class=\"gfield_required\"><span class=\"gfield_required gfield_required_asterisk\">*<\/span><\/span><\/label><div class='ginput_container ginput_container_select'><select name='input_7' id='input_33_7' class='medium gfield_select'    aria-required=\"true\" aria-invalid=\"false\" ><option value='' ><\/option><option value='Estudio Biblico Conceptos Financieros' >Estudio Biblico Conceptos Financieros<\/option><option value='Paz Financiera' >Paz Financiera<\/option><\/select><\/div><\/li><\/ul><\/div>\n        <div class='gform_footer top_label'> <input type='submit' id='gform_submit_button_33' class='gform_button button' value='Enviar'  onclick='if(window[\"gf_submitting_33\"]){return false;}  window[\"gf_submitting_33\"]=true;  ' onkeypress='if( event.keyCode == 13 ){ if(window[\"gf_submitting_33\"]){return false;} window[\"gf_submitting_33\"]=true;  jQuery(\"#gform_33\").trigger(\"submit\",[true]); }' \/> \n            <input type='hidden' class='gform_hidden' name='is_submit_33' value='1' \/>\n            <input type='hidden' class='gform_hidden' name='gform_submit' value='33' \/>\n            \n            <input type='hidden' class='gform_hidden' name='gform_unique_id' value='' \/>\n            <input type='hidden' class='gform_hidden' name='state_33' value='WyJbXSIsIjYyM2JlOGJlYzIxMjQ3NWJmNWM3MjU3NGUyMTBkMmVhIl0=' \/>\n            <input type='hidden' class='gform_hidden' name='gform_target_page_number_33' id='gform_target_page_number_33' value='0' \/>\n            <input type='hidden' class='gform_hidden' name='gform_source_page_number_33' id='gform_source_page_number_33' value='1' \/>\n            <input type='hidden' name='gform_field_values' value='' \/>\n            \n        <\/div>\n                        <\/form>\n                        <\/div>[\/vc_column][\/vc_row][vc_row padding_top=&#8221;0px&#8221; padding_bottom=&#8221;0px&#8221;][vc_column fade_animation_offset=&#8221;45px&#8221; width=&#8221;1\/1&#8243;]<hr  class=\"x-gap\" style=\"margin: 50px 0 0 0;\">[\/vc_column][\/vc_row]","protected":false},"excerpt":{"rendered":"<p>[vc_row padding_top=&#8221;240px&#8221; padding_bottom=&#8221;270px&#8221; bg_image=&#8221;8950&#8243; bg_video=&#8221;&#8221; class=&#8221;specialbackground&#8221; style=&#8221;&#8221;][vc_column fade_animation_offset=&#8221;45px&#8221; width=&#8221;1\/1&#8243;][\/vc_column][\/vc_row][vc_row padding_top=&#8221;0px&#8221; padding_bottom=&#8221;0px&#8221; bg_video=&#8221;&#8221; class=&#8221;np&#8221; style=&#8221;&#8221;][vc_column fade_animation_offset=&#8221;45px&#8221; width=&#8221;1\/2&#8243;][\/vc_column][vc_column fade_animation_offset=&#8221;45px&#8221; width=&#8221;1\/2&#8243;][\/vc_column][\/vc_row][vc_row inner_container=&#8221;true&#8221; no_margin=&#8221;true&#8221; padding_top=&#8221;0px&#8221; padding_bottom=&#8221;0px&#8221; bg_video=&#8221;&#8221; class=&#8221;&#8221; style=&#8221;&#8221;][vc_column fade_animation_offset=&#8221;45px&#8221; width=&#8221;1\/1&#8243;][\/vc_column][\/vc_row][vc_row inner_container=&#8221;true&#8221; no_margin=&#8221;true&#8221; padding_top=&#8221;0px&#8221; &#8230;<\/p>\n","protected":false},"author":5,"featured_media":0,"parent":0,"menu_order":0,"comment_status":"closed","ping_status":"closed","template":"template-blank-4.php","meta":[],"_links":{"self":[{"href":"https:\/\/legacy.victoryatl.com\/victoryvida\/wp-json\/wp\/v2\/pages\/5790"}],"collection":[{"href":"https:\/\/legacy.victoryatl.com\/victoryvida\/wp-json\/wp\/v2\/pages"}],"about":[{"href":"https:\/\/legacy.victoryatl.com\/victoryvida\/wp-json\/wp\/v2\/types\/page"}],"author":[{"embeddable":true,"href":"https:\/\/legacy.victoryatl.com\/victoryvida\/wp-json\/wp\/v2\/users\/5"}],"replies":[{"embeddable":true,"href":"https:\/\/legacy.victoryatl.com\/victoryvida\/wp-json\/wp\/v2\/comments?post=5790"}],"version-history":[{"count":59,"href":"https:\/\/legacy.victoryatl.com\/victoryvida\/wp-json\/wp\/v2\/pages\/5790\/revisions"}],"predecessor-version":[{"id":8954,"href":"https:\/\/legacy.victoryatl.com\/victoryvida\/wp-json\/wp\/v2\/pages\/5790\/revisions\/8954"}],"wp:attachment":[{"href":"https:\/\/legacy.victoryatl.com\/victoryvida\/wp-json\/wp\/v2\/media?parent=5790"}],"curies":[{"name":"wp","href":"https:\/\/api.w.org\/{rel}","templated":true}]}}