{"id":5052,"date":"2016-10-15T02:50:05","date_gmt":"2016-10-15T02:50:05","guid":{"rendered":"http:\/\/legacy.victoryatl.com\/victoryvida\/?page_id=5052"},"modified":"2023-01-31T18:36:43","modified_gmt":"2023-01-31T18:36:43","slug":"menunited","status":"publish","type":"page","link":"https:\/\/legacy.victoryatl.com\/victoryvida\/menunited\/","title":{"rendered":"Hombres Unidos"},"content":{"rendered":"[vc_row padding_top=&#8221;250px&#8221; padding_bottom=&#8221;300px&#8221; border=&#8221;none&#8221; bg_image=&#8221;5549&#8243; bg_video=&#8221;&#8221; class=&#8221;&#8221; style=&#8221;&#8221;][vc_column fade_animation_offset=&#8221;45px&#8221; width=&#8221;1\/1&#8243;][\/vc_column][\/vc_row][vc_row inner_container=&#8221;true&#8221; padding_top=&#8221;0px&#8221; padding_bottom=&#8221;0px&#8221; border=&#8221;none&#8221; class=&#8221;np&#8221;][vc_column fade_animation_offset=&#8221;45px&#8221; width=&#8221;1\/1&#8243;]<hr  class=\"x-gap\" style=\"margin: 15px 0 0 0;\"><h4  class=\"h-custom-headline h4\" ><span>Hombres unidos<\/span><\/h4><p>\u00a1Hombres, vamos a ser intencionales en crear conexiones valiosas y convertirnos en disc\u00edpulos de Jes\u00fas, plenamente comprometidos! Nos reuniremos frecuentemente para compartir un caf\u00e9 y un desayuno ligero, mientras recibimos entrenamiento espiritual y nos ayudamos unos a otros a crecer en car\u00e1cter y liderazgo. Somos un ministerio orientado a la acci\u00f3n unido a la misi\u00f3n y visi\u00f3n de nuestra Iglesia Victory, para maximizar nuestro impacto para Jes\u00fas en nuestras familias, nuestras interacciones con otros, las comunidades locales y alrededor del mundo.<\/p>\n[\/vc_column][\/vc_row][vc_row inner_container=&#8221;true&#8221; no_margin=&#8221;true&#8221; padding_top=&#8221;0px&#8221; padding_bottom=&#8221;0px&#8221; bg_video=&#8221;&#8221; class=&#8221;np&#8221; style=&#8221;&#8221;][vc_column fade_animation_offset=&#8221;45px&#8221; width=&#8221;1\/1&#8243;]<h4  class=\"h-custom-headline\" ><span>PARTICIPA EN MEN UNITED<\/span><\/h4><p>\u00a1Nuestra misi\u00f3n es capacitar y equipar a los hombres para que lideren a sus familias, comunidades y lugares de trabajo como disc\u00edpulos de Jes\u00fas! Somos un ej\u00e9rcito de hombres capacitados, unidos y comprometidos con el avance del Reino de los Cielos.<\/p>\n[\/vc_column][\/vc_row][vc_row inner_container=&#8221;true&#8221; no_margin=&#8221;true&#8221; padding_top=&#8221;0px&#8221; padding_bottom=&#8221;0px&#8221; bg_video=&#8221;&#8221; class=&#8221;np&#8221; style=&#8221;&#8221;][vc_column fade_animation_offset=&#8221;45px&#8221; width=&#8221;1\/3&#8243;]<h4  class=\"h-custom-headline\" ><span>CREE<\/span><\/h4><p>Que Jes\u00fas es Salvador y Rey, que el hombre est\u00e1 hecho por Dios y que la verdadera hombr\u00eda solamente puede obtenerse a trav\u00e9s de Dios.<\/p>\n[\/vc_column][vc_column fade_animation_offset=&#8221;45px&#8221; width=&#8221;1\/3&#8243;]<h4  class=\"h-custom-headline\" ><span>PERTENECE<\/span><\/h4><p>A Dios como hijo, a Jes\u00fas como disc\u00edpulo y a este grupo de hombres como hermano.<\/p>\n[\/vc_column][vc_column fade_animation_offset=&#8221;45px&#8221; width=&#8221;1\/3&#8243;]<h4  class=\"h-custom-headline\" ><span>LIDERA<\/span><\/h4><p>Primero a ti mismo, luego sirviendo a los dem\u00e1s en cada entorno en el que te encuentres, reproduciendo a otros l\u00edderes\/disc\u00edpulos.<\/p>\n[\/vc_column][\/vc_row][vc_row inner_container=&#8221;true&#8221; padding_top=&#8221;0px&#8221; padding_bottom=&#8221;0px&#8221; border=&#8221;none&#8221; class=&#8221;np&#8221;][vc_column fade_animation_offset=&#8221;45px&#8221; width=&#8221;1\/1&#8243;]<hr  class=\"x-gap\" style=\"margin: 50px 0 0 0;\">[\/vc_column][\/vc_row][vc_row no_margin=&#8221;true&#8221; padding_top=&#8221;150px&#8221; padding_bottom=&#8221;200px&#8221; border=&#8221;none&#8221; bg_image=&#8221;5558&#8243; bg_video=&#8221;&#8221; class=&#8221;&#8221; style=&#8221;&#8221;][vc_column fade_animation_offset=&#8221;45px&#8221; width=&#8221;1\/1&#8243;][\/vc_column][\/vc_row][vc_row inner_container=&#8221;true&#8221; padding_top=&#8221;0px&#8221; padding_bottom=&#8221;0px&#8221; border=&#8221;none&#8221; class=&#8221;np&#8221;][vc_column fade_animation_offset=&#8221;45px&#8221; width=&#8221;1\/1&#8243;]<h4  class=\"h-custom-headline h4\" ><span>Pr\u00f3ximo evento<\/span><\/h4><h6  class=\"h-custom-headline h6\" ><span>Desayuno de Hombres<\/span><\/h6><p>\u00a1Hombres de Victory! Est\u00e1n invitados a nuestro Desayuno de Hombres Victory, en donde nos uniremos para crecer en nuestra relaci\u00f3n con Cristo y el uno con el otro.<\/p>\n[\/vc_column][\/vc_row][vc_row inner_container=&#8221;true&#8221; padding_top=&#8221;0px&#8221; padding_bottom=&#8221;0px&#8221; border=&#8221;none&#8221; class=&#8221;np&#8221; bg_video=&#8221;&#8221; style=&#8221;&#8221;][vc_column fade_animation_offset=&#8221;45px&#8221; width=&#8221;1\/2&#8243;]<h6  class=\"h-custom-headline h6\" ><span>Cuando<\/span><\/h6><p><strong>s\u00e1bado | 4 de febrero<\/strong><br \/>\nEl Desayuno Inicia a las: 7a.m.<\/p>\n[\/vc_column][vc_column fade_animation_offset=&#8221;45px&#8221; width=&#8221;1\/2&#8243;]<h6  class=\"h-custom-headline h6\" ><span>D\u00f3nde<\/span><\/h6><p><strong>Victory Norcross | Vida<\/strong><br \/>\n<span style=\"color: #00ccff;\"><a style=\"color: #00ccff;\" href=\"https:\/\/www.google.com\/maps\/place\/Victory+Church+-+Norcross\/@33.9203523,-84.2053147,17z\/data=!3m1!4b1!4m5!3m4!1s0x88f5a6b6e5ff055b:0x2f8c9c2541f3fdc3!8m2!3d33.9203523!4d-84.203126\" target=\"_blank\" rel=\"noopener\">5905 Brook Hollow Pkwy, Norcross, GA 30071<\/a><\/span><\/p>\n[\/vc_column][\/vc_row][vc_row inner_container=&#8221;true&#8221; no_margin=&#8221;true&#8221; padding_top=&#8221;0px&#8221; padding_bottom=&#8221;0px&#8221; bg_video=&#8221;&#8221; class=&#8221;np&#8221; style=&#8221;&#8221;][vc_column fade_animation_offset=&#8221;45px&#8221;]<h4  class=\"h-custom-headline h4\" ><span>MENSAJES pasados<\/span><\/h4>[\/vc_column][\/vc_row][vc_row inner_container=&#8221;true&#8221; no_margin=&#8221;true&#8221; padding_top=&#8221;0px&#8221; padding_bottom=&#8221;0px&#8221; bg_video=&#8221;&#8221; class=&#8221;np&#8221; style=&#8221;&#8221;][vc_column fade_animation_offset=&#8221;45px&#8221; width=&#8221;1\/2&#8243;]<hr  class=\"x-gap\" style=\"margin: 50px 0 0 0;\"><div  class=\"x-video embed\" ><div class=\"x-video-inner\"><iframe loading=\"lazy\" src=\"https:\/\/player.vimeo.com\/video\/780910992?h=fc817e5c74\" width=\"640\" height=\"360\" frameborder=\"0\" allowfullscreen=\"allowfullscreen\"><\/iframe><\/div><\/div><p>Men&#8217;s Night 2022 at Norcross<br \/>\n(Aaron Born)<\/p>\n<hr  class=\"x-gap\" style=\"margin: 50px 0 0 0;\">[\/vc_column][vc_column fade_animation_offset=&#8221;45px&#8221; width=&#8221;1\/2&#8243;]<hr  class=\"x-gap\" style=\"margin: 50px 0 0 0;\"><div  class=\"x-video embed\" ><div class=\"x-video-inner\"><iframe loading=\"lazy\" src=\"https:\/\/player.vimeo.com\/video\/706115669?h=0dbc5a171d\" width=\"640\" height=\"360\" frameborder=\"0\" allowfullscreen=\"allowfullscreen\"><\/iframe><\/div><\/div><p>Men\u2019s Night 2022 at Midtown<br \/>\n(Andrew Momon &amp; Darius Dunson)<\/p>\n<hr  class=\"x-gap\" style=\"margin: 50px 0 0 0;\">[\/vc_column][\/vc_row][vc_row inner_container=&#8221;true&#8221; padding_top=&#8221;0px&#8221; padding_bottom=&#8221;0px&#8221; border=&#8221;none&#8221; class=&#8221;np&#8221;][vc_column fade_animation_offset=&#8221;45px&#8221; width=&#8221;1\/1&#8243;]<h4  class=\"h-custom-headline h4 accent\" ><span>PARA SU M\u00f3VIL<\/span><\/h4><p>El nuevo logotipo de Men United en tu dispositivo m\u00f3vil. Simplemente haga clic con el bot\u00f3n derecho del rat\u00f3n o presione m\u00f3vil para guardar.<\/p>\n[\/vc_column][\/vc_row][vc_row padding_top=&#8221;0px&#8221; padding_bottom=&#8221;0px&#8221; bg_video=&#8221;&#8221; class=&#8221;np&#8221; style=&#8221;&#8221;][vc_column fade_animation_offset=&#8221;45px&#8221; width=&#8221;1\/3&#8243;]<a  class=\"x-img x-img-link x-img-none none\"  href=\"http:\/\/legacy.victoryatl.com\/wp-content\/uploads\/2017\/03\/mu-iphone-qhitew_720.jpg\"  target=\"_blank\" rel=\"\"   data-options=\"thumbnail: 'https:\/\/legacy.victoryatl.com\/victoryvida\/files\/2016\/10\/mu-iphone-qhitew_720.jpg'\"><img src=\"https:\/\/legacy.victoryatl.com\/victoryvida\/files\/2016\/10\/mu-iphone-qhitew_720.jpg\" ><\/a>[\/vc_column][vc_column fade_animation_offset=&#8221;45px&#8221; width=&#8221;1\/3&#8243;]<a  class=\"x-img x-img-link x-img-none none\"  href=\"http:\/\/legacy.victoryatl.com\/wp-content\/uploads\/2017\/03\/mu-iphone-green_720.jpg\"  target=\"_blank\" rel=\"\"   data-options=\"thumbnail: 'https:\/\/legacy.victoryatl.com\/victoryvida\/files\/2016\/10\/mu-iphone-green_720.jpg'\"><img src=\"https:\/\/legacy.victoryatl.com\/victoryvida\/files\/2016\/10\/mu-iphone-green_720.jpg\" ><\/a>[\/vc_column][vc_column fade_animation_offset=&#8221;45px&#8221; width=&#8221;1\/3&#8243;]<a  class=\"x-img x-img-link x-img-none none\"  href=\"http:\/\/legacy.victoryatl.com\/wp-content\/uploads\/2017\/03\/mu-iphone-alt_720.jpg\"  target=\"_blank\" rel=\"\"   data-options=\"thumbnail: 'https:\/\/legacy.victoryatl.com\/victoryvida\/files\/2016\/10\/mu-iphone-alt_720.jpg'\"><img src=\"https:\/\/legacy.victoryatl.com\/victoryvida\/files\/2016\/10\/mu-iphone-alt_720.jpg\" ><\/a>[\/vc_column][\/vc_row][vc_row padding_top=&#8221;0px&#8221; padding_bottom=&#8221;0px&#8221;][vc_column fade_animation_offset=&#8221;45px&#8221;]<hr  class=\"x-gap\" style=\"margin: 40px 0 0 0;\">[\/vc_column][\/vc_row]","protected":false},"excerpt":{"rendered":"<p>[vc_row padding_top=&#8221;250px&#8221; padding_bottom=&#8221;300px&#8221; border=&#8221;none&#8221; bg_image=&#8221;5549&#8243; bg_video=&#8221;&#8221; class=&#8221;&#8221; style=&#8221;&#8221;][vc_column fade_animation_offset=&#8221;45px&#8221; width=&#8221;1\/1&#8243;][\/vc_column][\/vc_row][vc_row inner_container=&#8221;true&#8221; padding_top=&#8221;0px&#8221; padding_bottom=&#8221;0px&#8221; border=&#8221;none&#8221; class=&#8221;np&#8221;][vc_column fade_animation_offset=&#8221;45px&#8221; width=&#8221;1\/1&#8243;][\/vc_column][\/vc_row][vc_row inner_container=&#8221;true&#8221; no_margin=&#8221;true&#8221; padding_top=&#8221;0px&#8221; padding_bottom=&#8221;0px&#8221; bg_video=&#8221;&#8221; class=&#8221;np&#8221; style=&#8221;&#8221;][vc_column fade_animation_offset=&#8221;45px&#8221; width=&#8221;1\/1&#8243;][\/vc_column][\/vc_row][vc_row inner_container=&#8221;true&#8221; no_margin=&#8221;true&#8221; padding_top=&#8221;0px&#8221; padding_bottom=&#8221;0px&#8221; &#8230;<\/p>\n","protected":false},"author":10,"featured_media":5556,"parent":0,"menu_order":0,"comment_status":"closed","ping_status":"closed","template":"template-blank-4.php","meta":[],"_links":{"self":[{"href":"https:\/\/legacy.victoryatl.com\/victoryvida\/wp-json\/wp\/v2\/pages\/5052"}],"collection":[{"href":"https:\/\/legacy.victoryatl.com\/victoryvida\/wp-json\/wp\/v2\/pages"}],"about":[{"href":"https:\/\/legacy.victoryatl.com\/victoryvida\/wp-json\/wp\/v2\/types\/page"}],"author":[{"embeddable":true,"href":"https:\/\/legacy.victoryatl.com\/victoryvida\/wp-json\/wp\/v2\/users\/10"}],"replies":[{"embeddable":true,"href":"https:\/\/legacy.victoryatl.com\/victoryvida\/wp-json\/wp\/v2\/comments?post=5052"}],"version-history":[{"count":62,"href":"https:\/\/legacy.victoryatl.com\/victoryvida\/wp-json\/wp\/v2\/pages\/5052\/revisions"}],"predecessor-version":[{"id":9390,"href":"https:\/\/legacy.victoryatl.com\/victoryvida\/wp-json\/wp\/v2\/pages\/5052\/revisions\/9390"}],"wp:featuredmedia":[{"embeddable":true,"href":"https:\/\/legacy.victoryatl.com\/victoryvida\/wp-json\/wp\/v2\/media\/5556"}],"wp:attachment":[{"href":"https:\/\/legacy.victoryatl.com\/victoryvida\/wp-json\/wp\/v2\/media?parent=5052"}],"curies":[{"name":"wp","href":"https:\/\/api.w.org\/{rel}","templated":true}]}}