{"id":4876,"date":"2016-08-10T14:30:26","date_gmt":"2016-08-10T14:30:26","guid":{"rendered":"http:\/\/legacy.victoryatl.com\/victoryvida\/?page_id=4876"},"modified":"2020-09-09T17:58:04","modified_gmt":"2020-09-09T17:58:04","slug":"vidamatrimonial","status":"publish","type":"page","link":"https:\/\/legacy.victoryatl.com\/victoryvida\/vidamatrimonial\/","title":{"rendered":"Vida Matrimonial"},"content":{"rendered":"[vc_row padding_top=&#8221;150px&#8221; padding_bottom=&#8221;200px&#8221; border=&#8221;none&#8221; parallax=&#8221;true&#8221; bg_image=&#8221;4878&#8243; bg_video=&#8221;&#8221; class=&#8221;&#8221; style=&#8221;&#8221;][vc_column fade_animation_offset=&#8221;45px&#8221; width=&#8221;1\/1&#8243;]<h1  class=\"h-custom-headline center-text h1\" ><span><span style=\"color: #ffffff;\">La Vida Matrimonial<\/span><\/span><\/h1>[\/vc_column][\/vc_row][vc_row inner_container=&#8221;true&#8221; no_margin=&#8221;true&#8221; padding_top=&#8221;0px&#8221; padding_bottom=&#8221;0px&#8221; bg_video=&#8221;&#8221; class=&#8221;np&#8221; style=&#8221;&#8221;][vc_column fade_animation_offset=&#8221;45px&#8221; width=&#8221;1\/1&#8243;]<p>El ministerio Vida Matrimonial se enfoca en clases prematrimoniales y matrimoniales, dise\u00f1adas para proporcionar una fundaci\u00f3n b\u00edblica del matrimonio. Ya sea que usted est\u00e9 en una relaci\u00f3n seria y est\u00e9 tomando en cuenta casarse, o que est\u00e9 casado (y quiera llevar su relaci\u00f3n al siguiente nivel), o si su matrimonio se ha quedado estancado y est\u00e1 teniendo dificultades, el ministerio Vida Matrimonial est\u00e1 dise\u00f1ado para ayudarle a vivir una relaci\u00f3n duradera centrada en Cristo.<\/p>\n[\/vc_column][\/vc_row][vc_row inner_container=&#8221;true&#8221; no_margin=&#8221;true&#8221; padding_top=&#8221;0px&#8221; padding_bottom=&#8221;0px&#8221; bg_video=&#8221;&#8221; class=&#8221;np&#8221; style=&#8221;&#8221;][vc_column fade_animation_offset=&#8221;45px&#8221; width=&#8221;1\/1&#8243;]<hr  class=\"x-gap\" style=\"margin: 35px 0 0 0;\">[\/vc_column][\/vc_row][vc_row inner_container=&#8221;true&#8221; no_margin=&#8221;true&#8221; padding_top=&#8221;0px&#8221; padding_bottom=&#8221;0px&#8221; bg_video=&#8221;&#8221; class=&#8221;np&#8221; style=&#8221;&#8221;][vc_column fade_animation_offset=&#8221;45px&#8221; width=&#8221;1\/1&#8243;]<h4  class=\"h-custom-headline h4\" ><span>VIDA MATRIMONIAL<\/span><\/h4><p>Del 1 al 10, \u00bfcalificar\u00eda su matrimonio como un 2 o un 10? \u00bfO quiz\u00e1s lo calificar\u00eda con un 0? Usted no est\u00e1 solo. Ya sea que su matrimonio necesite ser avivado, o est\u00e1 en la necesidad de una resurrecci\u00f3n completa, Vida Matrimonial es un lugar seguro para que las parejas se reconecten. Vida Matrimonial ofrece esperanza a los matrimonios ayudando a las parejas a moverse hacia la unidad a trav\u00e9s de historias de gracia, ense\u00f1anzas b\u00edblicas y grupos peque\u00f1os.<\/p>\n[\/vc_column][\/vc_row][vc_row inner_container=&#8221;true&#8221; no_margin=&#8221;true&#8221; padding_top=&#8221;0px&#8221; padding_bottom=&#8221;0px&#8221; bg_video=&#8221;&#8221; class=&#8221;np&#8221; style=&#8221;&#8221;][vc_column fade_animation_offset=&#8221;45px&#8221; width=&#8221;1\/1&#8243;]<hr  class=\"x-gap\" style=\"margin: 35px 0 0 0;\">[\/vc_column][\/vc_row][vc_row inner_container=&#8221;true&#8221; no_margin=&#8221;true&#8221; padding_top=&#8221;0px&#8221; padding_bottom=&#8221;0px&#8221; bg_video=&#8221;&#8221; class=&#8221;np&#8221; style=&#8221;&#8221;][vc_column fade_animation_offset=&#8221;45px&#8221; width=&#8221;1\/1&#8243;]<h4  class=\"h-custom-headline h4\" ><span>CU\u00c1NDO Y D\u00d3NDE<\/span><\/h4><p><strong>Informaci\u00f3n de la siguiente clase:<\/strong><\/p>\n<ul>\n<li>lunes, 14 de septiembre- 7 de diciembre | 8pm-9:30pm<\/li>\n<li>Las clases se llevan a cabo En l\u00ednea<\/li>\n<\/ul>\n<p>Costo es $49.<\/p>\n<a  class=\"x-btn x-btn-square x-btn-mini alignleft\"  href=\"https:\/\/my.victoryatl.com\/default.aspx?page=4166&amp;event=2599\"     data-options=\"thumbnail: ''\">Registrar<\/a>[\/vc_column][\/vc_row][vc_row inner_container=&#8221;true&#8221; no_margin=&#8221;true&#8221; padding_top=&#8221;0px&#8221; padding_bottom=&#8221;0px&#8221; bg_video=&#8221;&#8221; class=&#8221;np&#8221; style=&#8221;&#8221;][vc_column fade_animation_offset=&#8221;45px&#8221; width=&#8221;1\/1&#8243;]<hr  class=\"x-gap\" style=\"margin: 35px 0 0 0;\">[\/vc_column][\/vc_row][vc_row inner_container=&#8221;true&#8221; no_margin=&#8221;true&#8221; padding_top=&#8221;0px&#8221; padding_bottom=&#8221;0px&#8221; bg_video=&#8221;&#8221; class=&#8221;np&#8221; style=&#8221;display:none&#8221;][vc_column fade_animation_offset=&#8221;45px&#8221; width=&#8221;1\/1&#8243;]<h4  class=\"h-custom-headline h4\" ><span>CUIDADO DE NI\u00d1OS<\/span><\/h4><p>Habr\u00e1 cuidado de ni\u00f1os durante la clase. Por favor, lleve a su ni\u00f1o (os) a su clase correspondiente antes de que comience la clase de Vida Matrimonial.<\/p>\n[\/vc_column][\/vc_row][vc_row inner_container=&#8221;true&#8221; no_margin=&#8221;true&#8221; padding_top=&#8221;0px&#8221; padding_bottom=&#8221;0px&#8221; bg_video=&#8221;&#8221; class=&#8221;np&#8221; style=&#8221;&#8221;][vc_column fade_animation_offset=&#8221;45px&#8221; width=&#8221;1\/1&#8243;]<hr  class=\"x-gap\" style=\"margin: 35px 0 0 0;\">[\/vc_column][\/vc_row][vc_row inner_container=&#8221;true&#8221; no_margin=&#8221;true&#8221; padding_top=&#8221;0px&#8221; padding_bottom=&#8221;0px&#8221; bg_video=&#8221;&#8221; class=&#8221;np&#8221; style=&#8221;display:none&#8221;][vc_column fade_animation_offset=&#8221;45px&#8221; width=&#8221;1\/1&#8243;]<h4  class=\"h-custom-headline h4\" ><span>PREGUNTAS FRECUENTES EN VIDA MATRIMONIAL<\/span><\/h4><hr  class=\"x-gap\" style=\"margin: 35px 0 0 0;\"><a  class=\"x-btn x-btn-square x-btn-regular\"  href=\"http:\/\/legacy.victoryatl.com\/victoryvida\/vidamatrimonialpreguntasfrecuentes\/\"     data-options=\"thumbnail: ''\">PREGUNTAS FRECUENTES<\/a>[\/vc_column][\/vc_row]","protected":false},"excerpt":{"rendered":"<p>[vc_row padding_top=&#8221;150px&#8221; padding_bottom=&#8221;200px&#8221; border=&#8221;none&#8221; parallax=&#8221;true&#8221; bg_image=&#8221;4878&#8243; bg_video=&#8221;&#8221; class=&#8221;&#8221; style=&#8221;&#8221;][vc_column fade_animation_offset=&#8221;45px&#8221; width=&#8221;1\/1&#8243;][\/vc_column][\/vc_row][vc_row inner_container=&#8221;true&#8221; no_margin=&#8221;true&#8221; padding_top=&#8221;0px&#8221; padding_bottom=&#8221;0px&#8221; bg_video=&#8221;&#8221; class=&#8221;np&#8221; style=&#8221;&#8221;][vc_column fade_animation_offset=&#8221;45px&#8221; width=&#8221;1\/1&#8243;][\/vc_column][\/vc_row][vc_row inner_container=&#8221;true&#8221; no_margin=&#8221;true&#8221; padding_top=&#8221;0px&#8221; padding_bottom=&#8221;0px&#8221; bg_video=&#8221;&#8221; class=&#8221;np&#8221; style=&#8221;&#8221;][vc_column fade_animation_offset=&#8221;45px&#8221; width=&#8221;1\/1&#8243;][\/vc_column][\/vc_row][vc_row inner_container=&#8221;true&#8221; &#8230;<\/p>\n","protected":false},"author":5,"featured_media":0,"parent":0,"menu_order":0,"comment_status":"closed","ping_status":"closed","template":"template-blank-4.php","meta":[],"_links":{"self":[{"href":"https:\/\/legacy.victoryatl.com\/victoryvida\/wp-json\/wp\/v2\/pages\/4876"}],"collection":[{"href":"https:\/\/legacy.victoryatl.com\/victoryvida\/wp-json\/wp\/v2\/pages"}],"about":[{"href":"https:\/\/legacy.victoryatl.com\/victoryvida\/wp-json\/wp\/v2\/types\/page"}],"author":[{"embeddable":true,"href":"https:\/\/legacy.victoryatl.com\/victoryvida\/wp-json\/wp\/v2\/users\/5"}],"replies":[{"embeddable":true,"href":"https:\/\/legacy.victoryatl.com\/victoryvida\/wp-json\/wp\/v2\/comments?post=4876"}],"version-history":[{"count":49,"href":"https:\/\/legacy.victoryatl.com\/victoryvida\/wp-json\/wp\/v2\/pages\/4876\/revisions"}],"predecessor-version":[{"id":8118,"href":"https:\/\/legacy.victoryatl.com\/victoryvida\/wp-json\/wp\/v2\/pages\/4876\/revisions\/8118"}],"wp:attachment":[{"href":"https:\/\/legacy.victoryatl.com\/victoryvida\/wp-json\/wp\/v2\/media?parent=4876"}],"curies":[{"name":"wp","href":"https:\/\/api.w.org\/{rel}","templated":true}]}}