{"id":3963,"date":"2015-07-31T15:41:44","date_gmt":"2015-07-31T15:41:44","guid":{"rendered":"http:\/\/legacy.victoryatl.com\/victoryvida\/?page_id=3963"},"modified":"2023-01-11T21:28:32","modified_gmt":"2023-01-11T21:28:32","slug":"membresia","status":"publish","type":"page","link":"https:\/\/legacy.victoryatl.com\/victoryvida\/membresia\/","title":{"rendered":"Clases de Membresia"},"content":{"rendered":"[vc_row padding_top=&#8221;250px&#8221; padding_bottom=&#8221;280px&#8221; border=&#8221;none&#8221; bg_image=&#8221;8102&#8243; bg_video=&#8221;&#8221; class=&#8221;&#8221; style=&#8221;&#8221;][vc_column fade_animation_offset=&#8221;45px&#8221; width=&#8221;1\/1&#8243;][\/vc_column][\/vc_row][vc_row inner_container=&#8221;true&#8221; no_margin=&#8221;true&#8221; padding_top=&#8221;0px&#8221; padding_bottom=&#8221;0px&#8221; border=&#8221;none&#8221; class=&#8221;np&#8221;][vc_column fade_animation_offset=&#8221;45px&#8221; width=&#8221;1\/1&#8243;]<hr  class=\"x-gap\" style=\"margin: 20px 0 0 0;\">[\/vc_column][\/vc_row][vc_row inner_container=&#8221;true&#8221; no_margin=&#8221;true&#8221; padding_top=&#8221;0px&#8221; padding_bottom=&#8221;0px&#8221; border=&#8221;none&#8221; class=&#8221;np&#8221;][vc_column fade_animation_offset=&#8221;45px&#8221; width=&#8221;1\/1&#8243;]<h4  class=\"h-custom-headline h4\" ><span>CLASES DE MEMBRESIA<\/span><\/h4><p>Membres\u00eda\u00a0es una parte importante de tu experiencia en Victory; es el punto de partida para comprender los valores y la vision de la iglesia. Que mejor manera de empezar una\u00a0relaci\u00f3n\u00a0que pasar un par de horas entendiendo por que hacemos lo que hacemos y hacia donde nos dirigimos en el futuro?<\/p>\n<hr  class=\"x-gap\" style=\"margin: 50px 0 0 0;\">[\/vc_column][\/vc_row][vc_row inner_container=&#8221;true&#8221; no_margin=&#8221;true&#8221; padding_top=&#8221;0px&#8221; padding_bottom=&#8221;0px&#8221; border=&#8221;none&#8221; class=&#8221;np&#8221;][vc_column fade_animation_offset=&#8221;45px&#8221; width=&#8221;1\/1&#8243;]<h4  class=\"h-custom-headline h4\" ><span>Pr\u00f3xima Clase<\/span><\/h4><p>5 de febrero | 3pm<\/p>\n<p>Ubicaci\u00f3n de la clase:<br \/>\nVictory Church- Norcross Campus<br \/>\n5985 Financial Drive NW, Norcross GA 30071 (Edificio CAB | Auditorio)<\/p>\n<hr  class=\"x-gap\" style=\"margin: 50px 0 0 0;\"><a  class=\"x-btn x-btn-square x-btn-mini\" style=\"border-color: black !important; color: black !important; text-align: center;\" href=\"https:\/\/www.eventbrite.com\/e\/clase-de-membresia-victory-vida-tickets-508123550217\"  target=\"_blank\" rel=\"\"   data-options=\"thumbnail: ''\">Reg\u00edstrate<\/a>[\/vc_column][\/vc_row][vc_row inner_container=&#8221;true&#8221; no_margin=&#8221;true&#8221; padding_top=&#8221;0px&#8221; padding_bottom=&#8221;0px&#8221; border=&#8221;none&#8221; class=&#8221;np&#8221;][vc_column fade_animation_offset=&#8221;45px&#8221; width=&#8221;1\/1&#8243;]<hr  class=\"x-gap\" style=\"margin: 50px 0 0 0;\">[\/vc_column][\/vc_row][vc_row inner_container=&#8221;true&#8221; no_margin=&#8221;true&#8221; padding_top=&#8221;0px&#8221; padding_bottom=&#8221;0px&#8221; border=&#8221;none&#8221; class=&#8221;np&#8221;][vc_column fade_animation_offset=&#8221;45px&#8221; width=&#8221;1\/1&#8243;]<h4  class=\"h-custom-headline h4\" ><span>\r\n<p data-pm-slice=\"1 1 [&quot;list&quot;,{},&quot;list_item&quot;,{&quot;indent&quot;:1,&quot;type&quot;:&quot;bulleted&quot;}]\">CUATRO PILARES<\/p>\r\n<\/span><\/h4><hr  class=\"x-gap\" style=\"margin: 20px 0 0 0;\">[\/vc_column][\/vc_row][vc_row inner_container=&#8221;true&#8221; no_margin=&#8221;true&#8221; padding_top=&#8221;0px&#8221; padding_bottom=&#8221;0px&#8221; border=&#8221;none&#8221; class=&#8221;np&#8221;][vc_column fade_animation_offset=&#8221;45px&#8221; width=&#8221;1\/2&#8243;]<div style=\"height: 5px; width: 25px; background-color: #e1554e; margin-top: 25px; margin-bottom: -20px;\"><\/div>\n<p style=\"font-size: 135%; color: black !important; font-weight: 100;\">Construyendo familias<\/p>\n<p>Dios dise\u00f1\u00f3 a la familia como el lugar principal donde se nutre la fe. Nos dedicamos a ayudarlo a construir relaciones amorosas s\u00f3lidas y a tener \u00e1reas de ministerio disponibles para personas en diversas etapas de la vida.<\/p>\n<hr  class=\"x-gap\" style=\"margin: 30px 0 0 0;\"><div style=\"height: 5px; width: 25px; background-color: #d1df3d; margin-top: 25px; margin-bottom: -20px;\"><\/div>\n<p style=\"font-size: 135%; color: black !important; font-weight: 100;\">Transformando comunidades<\/p>\n<p>Como seguidores de Jes\u00fas, estamos llamados a ser la expresi\u00f3n tangible de su compasi\u00f3n y amor en el mundo que nos rodea. Continuamente organizamos Transformaciones Comunitarias y apoyamos los esfuerzos de los ministerios en nuestra comunidad.<\/p>\n<hr  class=\"x-gap\" style=\"margin: 30px 0 0 0;\"><hr  class=\"x-clear\" >[\/vc_column][vc_column fade_animation_offset=&#8221;45px&#8221; width=&#8221;1\/2&#8243;]<div style=\"height: 5px; width: 25px; background-color: #282859; margin-top: 25px; margin-bottom: -20px;\"><\/div>\n<p style=\"font-size: 135%; color: black !important; font-weight: 100;\">Reconciliando Culturas<\/p>\n<p>\u00a1Celebramos la diversidad! Victory se compone de m\u00e1s de 100 nacionalidades diferentes, una amplia gama de edades, solteros, parejas casadas, familias y personas de diversos or\u00edgenes.<\/p>\n<hr  class=\"x-gap\" style=\"margin: 65px 0 0 0;\"><div style=\"height: 5px; width: 25px; background-color: #2eada0; margin-top: 25px; margin-bottom: -20px;\"><\/div>\n<p style=\"font-size: 135%; color: black !important; font-weight: 100;\">Impactando naciones<\/p>\n<p>Estamos comprometidos a llegar m\u00e1s all\u00e1 de las cuatro paredes y a las necesidades de nuestra naci\u00f3n y del mundo. Cada a\u00f1o enviamos decenas de equipos en viajes misioneros al extranjero, y regularmente damos m\u00e1s del 20% de nuestro presupuesto a causas tanto locales como en el extranjero.<\/p>\n<hr  class=\"x-gap\" style=\"margin: 30px 0 0 0;\"><hr  class=\"x-clear\" >[\/vc_column][\/vc_row][vc_row inner_container=&#8221;true&#8221; no_margin=&#8221;true&#8221; padding_top=&#8221;0px&#8221; padding_bottom=&#8221;0px&#8221; bg_video=&#8221;&#8221; class=&#8221;np&#8221; style=&#8221;&#8221;][vc_column fade_animation_offset=&#8221;45px&#8221; width=&#8221;1\/1&#8243;]<hr  class=\"x-gap\" style=\"margin: 50px 0 0 0;\">[\/vc_column][\/vc_row][vc_row inner_container=&#8221;true&#8221; no_margin=&#8221;true&#8221; padding_top=&#8221;0px&#8221; padding_bottom=&#8221;0px&#8221; bg_video=&#8221;&#8221; class=&#8221;np&#8221; style=&#8221;display:none&#8221;][vc_column fade_animation_offset=&#8221;45px&#8221; width=&#8221;1\/1&#8243;]<h4  class=\"h-custom-headline center-text h4\" ><span>\r\n<p style=\"text-align: center;\">REGISTRO<\/p>\r\n<\/span><\/h4><script type=\"text\/javascript\">var gform;gform||(document.addEventListener(\"gform_main_scripts_loaded\",function(){gform.scriptsLoaded=!0}),window.addEventListener(\"DOMContentLoaded\",function(){gform.domLoaded=!0}),gform={domLoaded:!1,scriptsLoaded:!1,initializeOnLoaded:function(o){gform.domLoaded&&gform.scriptsLoaded?o():!gform.domLoaded&&gform.scriptsLoaded?window.addEventListener(\"DOMContentLoaded\",o):document.addEventListener(\"gform_main_scripts_loaded\",o)},hooks:{action:{},filter:{}},addAction:function(o,n,r,t){gform.addHook(\"action\",o,n,r,t)},addFilter:function(o,n,r,t){gform.addHook(\"filter\",o,n,r,t)},doAction:function(o){gform.doHook(\"action\",o,arguments)},applyFilters:function(o){return gform.doHook(\"filter\",o,arguments)},removeAction:function(o,n){gform.removeHook(\"action\",o,n)},removeFilter:function(o,n,r){gform.removeHook(\"filter\",o,n,r)},addHook:function(o,n,r,t,i){null==gform.hooks[o][n]&&(gform.hooks[o][n]=[]);var e=gform.hooks[o][n];null==i&&(i=n+\"_\"+e.length),gform.hooks[o][n].push({tag:i,callable:r,priority:t=null==t?10:t})},doHook:function(n,o,r){var t;if(r=Array.prototype.slice.call(r,1),null!=gform.hooks[n][o]&&((o=gform.hooks[n][o]).sort(function(o,n){return o.priority-n.priority}),o.forEach(function(o){\"function\"!=typeof(t=o.callable)&&(t=window[t]),\"action\"==n?t.apply(null,r):r[0]=t.apply(null,r)})),\"filter\"==n)return r[0]},removeHook:function(o,n,t,i){var r;null!=gform.hooks[o][n]&&(r=(r=gform.hooks[o][n]).filter(function(o,n,r){return!!(null!=i&&i!=o.tag||null!=t&&t!=o.priority)}),gform.hooks[o][n]=r)}});<\/script>\n                <div class='gf_browser_gecko gform_wrapper gform_legacy_markup_wrapper' id='gform_wrapper_40' ><form method='post' enctype='multipart\/form-data'  id='gform_40'  action='\/victoryvida\/wp-json\/wp\/v2\/pages\/3963' >\n                        <div class='gform_body gform-body'><ul id='gform_fields_40' class='gform_fields top_label form_sublabel_below description_below'><li id=\"field_40_1\" class=\"gfield gfield_contains_required field_sublabel_below field_description_below gfield_visibility_visible\" ><label class='gfield_label gfield_label_before_complex'  >Nombre<span class=\"gfield_required\"><span class=\"gfield_required gfield_required_asterisk\">*<\/span><\/span><\/label><div class='ginput_complex ginput_container no_prefix has_first_name no_middle_name has_last_name no_suffix gf_name_has_2 ginput_container_name' id='input_40_1'>\n                            \n                            <span id='input_40_1_3_container' class='name_first' >\n                                                    <input type='text' name='input_1.3' id='input_40_1_3' value=''   aria-required='true'     \/>\n                                                    <label for='input_40_1_3' >Primero<\/label>\n                                                <\/span>\n                            \n                            <span id='input_40_1_6_container' class='name_last' >\n                                                    <input type='text' name='input_1.6' id='input_40_1_6' value=''   aria-required='true'     \/>\n                                                    <label for='input_40_1_6' >Apellido<\/label>\n                                                <\/span>\n                            \n                        <\/div><\/li><li id=\"field_40_2\" class=\"gfield gfield_contains_required field_sublabel_below field_description_below gfield_visibility_visible\" ><label class='gfield_label screen-reader-text gfield_label_before_complex'  ><span class=\"gfield_required\"><span class=\"gfield_required gfield_required_asterisk\">*<\/span><\/span><\/label>    \n                    <div class='ginput_complex ginput_container has_street has_street2 has_city has_state has_zip ginput_container_address' id='input_40_2' >\n                         <span class='ginput_full address_line_1 ginput_address_line_1' id='input_40_2_1_container' >\n                                        <input type='text' name='input_2.1' id='input_40_2_1' value=''    aria-required='true'    \/>\n                                        <label for='input_40_2_1' id='input_40_2_1_label' >Direcci\u00f3n<\/label>\n                                    <\/span><span class='ginput_full address_line_2 ginput_address_line_2' id='input_40_2_2_container' >\n                                        <input type='text' name='input_2.2' id='input_40_2_2' value=''     aria-required='false'   \/>\n                                        <label for='input_40_2_2' id='input_40_2_2_label' >Direcci\u00f3n 2<\/label>\n                                    <\/span><span class='ginput_left address_city ginput_address_city' id='input_40_2_3_container' >\n                                    <input type='text' name='input_2.3' id='input_40_2_3' value=''    aria-required='true'    \/>\n                                    <label for='input_40_2_3' id='input_40_2_3_label' >ciudad<\/label>\n                                 <\/span><span class='ginput_right address_state ginput_address_state' id='input_40_2_4_container' >\n                                        <select name='input_2.4' id='input_40_2_4'     aria-required='true'    ><option value='' selected='selected'><\/option><option value='Alabama' >Alabama<\/option><option value='Alaska' >Alaska<\/option><option value='Arizona' >Arizona<\/option><option value='Arkansas' >Arkansas<\/option><option value='California' >California<\/option><option value='Colorado' >Colorado<\/option><option value='Connecticut' >Connecticut<\/option><option value='Delaware' >Delaware<\/option><option value='District of Columbia' >District of Columbia<\/option><option value='Florida' >Florida<\/option><option value='Georgia' >Georgia<\/option><option value='Hawaii' >Hawaii<\/option><option value='Idaho' >Idaho<\/option><option value='Illinois' >Illinois<\/option><option value='Indiana' >Indiana<\/option><option value='Iowa' >Iowa<\/option><option value='Kansas' >Kansas<\/option><option value='Kentucky' >Kentucky<\/option><option value='Louisiana' >Louisiana<\/option><option value='Maine' >Maine<\/option><option value='Maryland' >Maryland<\/option><option value='Massachusetts' >Massachusetts<\/option><option value='Michigan' >Michigan<\/option><option value='Minnesota' >Minnesota<\/option><option value='Mississippi' >Mississippi<\/option><option value='Missouri' >Missouri<\/option><option value='Montana' >Montana<\/option><option value='Nebraska' >Nebraska<\/option><option value='Nevada' >Nevada<\/option><option value='New Hampshire' >New Hampshire<\/option><option value='New Jersey' >New Jersey<\/option><option value='New Mexico' >New Mexico<\/option><option value='New York' >New York<\/option><option value='North Carolina' >North Carolina<\/option><option value='North Dakota' >North Dakota<\/option><option value='Ohio' >Ohio<\/option><option value='Oklahoma' >Oklahoma<\/option><option value='Oregon' >Oregon<\/option><option value='Pennsylvania' >Pennsylvania<\/option><option value='Rhode Island' >Rhode Island<\/option><option value='South Carolina' >South Carolina<\/option><option value='South Dakota' >South Dakota<\/option><option value='Tennessee' >Tennessee<\/option><option value='Texas' >Texas<\/option><option value='Utah' >Utah<\/option><option value='Vermont' >Vermont<\/option><option value='Virginia' >Virginia<\/option><option value='Washington' >Washington<\/option><option value='West Virginia' >West Virginia<\/option><option value='Wisconsin' >Wisconsin<\/option><option value='Wyoming' >Wyoming<\/option><option value='Armed Forces Americas' >Armed Forces Americas<\/option><option value='Armed Forces Europe' >Armed Forces Europe<\/option><option value='Armed Forces Pacific' >Armed Forces Pacific<\/option><\/select>\n                                        <label for='input_40_2_4' id='input_40_2_4_label' >estado<\/label>\n                                      <\/span><span class='ginput_left address_zip ginput_address_zip' id='input_40_2_5_container' >\n                                    <input type='text' name='input_2.5' id='input_40_2_5' value=''    aria-required='true'    \/>\n                                    <label for='input_40_2_5' id='input_40_2_5_label' >c\u00f3digo postal<\/label>\n                                <\/span><input type='hidden' class='gform_hidden' name='input_2.6' id='input_40_2_6' value='United States' \/>\n                    <div class='gf_clear gf_clear_complex'><\/div>\n                <\/div><\/li><li id=\"field_40_3\" class=\"gfield gfield_contains_required field_sublabel_below field_description_below gfield_visibility_visible\" ><label class='gfield_label' for='input_40_3' >Tel\u00e9fono<span class=\"gfield_required\"><span class=\"gfield_required gfield_required_asterisk\">*<\/span><\/span><\/label><div class='ginput_container ginput_container_phone'><input name='input_3' id='input_40_3' type='text' value='' class='medium'   aria-required=\"true\" aria-invalid=\"false\"   \/><\/div><\/li><li id=\"field_40_4\" class=\"gfield gfield_contains_required field_sublabel_below field_description_below gfield_visibility_visible\" ><label class='gfield_label' for='input_40_4' >Correo electr\u00f3nico<span class=\"gfield_required\"><span class=\"gfield_required gfield_required_asterisk\">*<\/span><\/span><\/label><div class='ginput_container ginput_container_email'>\n                            <input name='input_4' id='input_40_4' type='text' value='' class='medium'    aria-required=\"true\" aria-invalid=\"false\"  \/>\n                        <\/div><\/li><\/ul><\/div>\n        <div class='gform_footer top_label'> <input type='submit' id='gform_submit_button_40' class='gform_button button' value='Enviar'  onclick='if(window[\"gf_submitting_40\"]){return false;}  window[\"gf_submitting_40\"]=true;  ' onkeypress='if( event.keyCode == 13 ){ if(window[\"gf_submitting_40\"]){return false;} window[\"gf_submitting_40\"]=true;  jQuery(\"#gform_40\").trigger(\"submit\",[true]); }' \/> \n            <input type='hidden' class='gform_hidden' name='is_submit_40' value='1' \/>\n            <input type='hidden' class='gform_hidden' name='gform_submit' value='40' \/>\n            \n            <input type='hidden' class='gform_hidden' name='gform_unique_id' value='' \/>\n            <input type='hidden' class='gform_hidden' name='state_40' value='WyJbXSIsIjYyM2JlOGJlYzIxMjQ3NWJmNWM3MjU3NGUyMTBkMmVhIl0=' \/>\n            <input type='hidden' class='gform_hidden' name='gform_target_page_number_40' id='gform_target_page_number_40' value='0' \/>\n            <input type='hidden' class='gform_hidden' name='gform_source_page_number_40' id='gform_source_page_number_40' value='1' \/>\n            <input type='hidden' name='gform_field_values' value='' \/>\n            \n        <\/div>\n                        <\/form>\n                        <\/div><hr  class=\"x-gap\" style=\"margin: 30px 0 0 0;\">[\/vc_column][\/vc_row][vc_row inner_container=&#8221;true&#8221; no_margin=&#8221;true&#8221; padding_top=&#8221;0px&#8221; padding_bottom=&#8221;0px&#8221; bg_video=&#8221;&#8221; class=&#8221;np&#8221; style=&#8221;&#8221;][vc_column fade_animation_offset=&#8221;45px&#8221; width=&#8221;1\/1&#8243;]<p style=\"text-align: center;\">\u00bfPreguntas? Contacto:\u00a0<a style=\"font-size: 14.666666984558105px; color: purple; text-decoration: underline;\" title=\"mailto:ealvarez@victoryatl.com\" href=\"mailto:ealvarez@victoryatl.com\" target=\"_self\" rel=\"noopener noreferrer\"><span class=\"xnormaltextrun\"><span style=\"color: #0563c1;\"> ealvarez@victoryatl.com<\/span><\/span><\/a><\/p>\n[\/vc_column][\/vc_row][vc_row padding_top=&#8221;0px&#8221; padding_bottom=&#8221;0px&#8221;][vc_column fade_animation_offset=&#8221;45px&#8221; width=&#8221;1\/1&#8243;]<hr  class=\"x-gap\" style=\"margin: 30px 0 0 0;\">[\/vc_column][\/vc_row]","protected":false},"excerpt":{"rendered":"<p>[vc_row padding_top=&#8221;250px&#8221; padding_bottom=&#8221;280px&#8221; border=&#8221;none&#8221; bg_image=&#8221;8102&#8243; bg_video=&#8221;&#8221; class=&#8221;&#8221; style=&#8221;&#8221;][vc_column fade_animation_offset=&#8221;45px&#8221; width=&#8221;1\/1&#8243;][\/vc_column][\/vc_row][vc_row inner_container=&#8221;true&#8221; no_margin=&#8221;true&#8221; padding_top=&#8221;0px&#8221; padding_bottom=&#8221;0px&#8221; border=&#8221;none&#8221; class=&#8221;np&#8221;][vc_column fade_animation_offset=&#8221;45px&#8221; width=&#8221;1\/1&#8243;][\/vc_column][\/vc_row][vc_row inner_container=&#8221;true&#8221; no_margin=&#8221;true&#8221; padding_top=&#8221;0px&#8221; padding_bottom=&#8221;0px&#8221; border=&#8221;none&#8221; class=&#8221;np&#8221;][vc_column fade_animation_offset=&#8221;45px&#8221; width=&#8221;1\/1&#8243;][\/vc_column][\/vc_row][vc_row inner_container=&#8221;true&#8221; no_margin=&#8221;true&#8221; padding_top=&#8221;0px&#8221; padding_bottom=&#8221;0px&#8221; &#8230;<\/p>\n","protected":false},"author":10,"featured_media":8102,"parent":0,"menu_order":0,"comment_status":"closed","ping_status":"open","template":"template-blank-4.php","meta":[],"_links":{"self":[{"href":"https:\/\/legacy.victoryatl.com\/victoryvida\/wp-json\/wp\/v2\/pages\/3963"}],"collection":[{"href":"https:\/\/legacy.victoryatl.com\/victoryvida\/wp-json\/wp\/v2\/pages"}],"about":[{"href":"https:\/\/legacy.victoryatl.com\/victoryvida\/wp-json\/wp\/v2\/types\/page"}],"author":[{"embeddable":true,"href":"https:\/\/legacy.victoryatl.com\/victoryvida\/wp-json\/wp\/v2\/users\/10"}],"replies":[{"embeddable":true,"href":"https:\/\/legacy.victoryatl.com\/victoryvida\/wp-json\/wp\/v2\/comments?post=3963"}],"version-history":[{"count":208,"href":"https:\/\/legacy.victoryatl.com\/victoryvida\/wp-json\/wp\/v2\/pages\/3963\/revisions"}],"predecessor-version":[{"id":9374,"href":"https:\/\/legacy.victoryatl.com\/victoryvida\/wp-json\/wp\/v2\/pages\/3963\/revisions\/9374"}],"wp:featuredmedia":[{"embeddable":true,"href":"https:\/\/legacy.victoryatl.com\/victoryvida\/wp-json\/wp\/v2\/media\/8102"}],"wp:attachment":[{"href":"https:\/\/legacy.victoryatl.com\/victoryvida\/wp-json\/wp\/v2\/media?parent=3963"}],"curies":[{"name":"wp","href":"https:\/\/api.w.org\/{rel}","templated":true}]}}