{"id":3885,"date":"2015-07-16T19:43:46","date_gmt":"2015-07-16T19:43:46","guid":{"rendered":"http:\/\/legacy.victoryatl.com\/victoryvida\/?page_id=3885"},"modified":"2022-02-23T15:40:27","modified_gmt":"2022-02-23T15:40:27","slug":"bautizos","status":"publish","type":"page","link":"https:\/\/legacy.victoryatl.com\/victoryvida\/bautizos\/","title":{"rendered":"Bautismo"},"content":{"rendered":"[vc_row no_margin=&#8221;true&#8221; padding_top=&#8221;250px&#8221; padding_bottom=&#8221;280px&#8221; border=&#8221;none&#8221; bg_image=&#8221;8397&#8243; bg_video=&#8221;&#8221; class=&#8221;&#8221; style=&#8221;&#8221;][vc_column fade_animation=&#8221;in&#8221; fade_animation_offset=&#8221;45px&#8221; width=&#8221;1\/1&#8243;][\/vc_column][\/vc_row][vc_row inner_container=&#8221;true&#8221; padding_top=&#8221;0px&#8221; padding_bottom=&#8221;0px&#8221; border=&#8221;none&#8221; class=&#8221;np&#8221;][vc_column fade_animation_offset=&#8221;45px&#8221; width=&#8221;1\/1&#8243;]<hr  class=\"x-gap\" style=\"margin: 50px 0 0 0;\"><h4  class=\"h-custom-headline h4\" ><span>BAUTISMO EN AGUA<\/span><\/h4><p>La experiencia del bautismo en agua es uno de los momentos m\u00e1s preciados en la vida de cualquier creyente. Es una celebraci\u00f3n p\u00fablica de tu decisi\u00f3n de seguir a Jesucristo y honrarlo como Se\u00f1or y Salvador de tu vida.<\/p>\n[\/vc_column][\/vc_row][vc_row inner_container=&#8221;true&#8221; padding_top=&#8221;0px&#8221; padding_bottom=&#8221;0px&#8221; border=&#8221;none&#8221; class=&#8221;np&#8221; bg_video=&#8221;&#8221; style=&#8221;&#8221;][vc_column fade_animation_offset=&#8221;45px&#8221; width=&#8221;1\/1&#8243;]<div  class=\"x-video embed\" ><div class=\"x-video-inner\"><iframe loading=\"lazy\" src=\"https:\/\/player.vimeo.com\/video\/667817801?h=763b4d8f9e\" width=\"640\" height=\"338\" frameborder=\"0\" allowfullscreen=\"allowfullscreen\"><\/iframe><\/div><\/div>[\/vc_column][\/vc_row][vc_row inner_container=&#8221;true&#8221; padding_top=&#8221;0px&#8221; padding_bottom=&#8221;0px&#8221; border=&#8221;none&#8221; class=&#8221;np&#8221; bg_video=&#8221;&#8221; style=&#8221;&#8221;][vc_column fade_animation_offset=&#8221;45px&#8221; width=&#8221;1\/1&#8243;]<p>\u00bfEst\u00e1s listo para dar el siguiente paso en tu fe a trav\u00e9s del bautismo? O quiz\u00e1s est\u00e1s interesado en aprender m\u00e1s acerca del bautismo primero\u2026\u00a1Dej\u00e1nos saber y alguien de nuestro equipo te conteactar\u00e1!<\/p>\n<script type=\"text\/javascript\">var gform;gform||(document.addEventListener(\"gform_main_scripts_loaded\",function(){gform.scriptsLoaded=!0}),window.addEventListener(\"DOMContentLoaded\",function(){gform.domLoaded=!0}),gform={domLoaded:!1,scriptsLoaded:!1,initializeOnLoaded:function(o){gform.domLoaded&&gform.scriptsLoaded?o():!gform.domLoaded&&gform.scriptsLoaded?window.addEventListener(\"DOMContentLoaded\",o):document.addEventListener(\"gform_main_scripts_loaded\",o)},hooks:{action:{},filter:{}},addAction:function(o,n,r,t){gform.addHook(\"action\",o,n,r,t)},addFilter:function(o,n,r,t){gform.addHook(\"filter\",o,n,r,t)},doAction:function(o){gform.doHook(\"action\",o,arguments)},applyFilters:function(o){return gform.doHook(\"filter\",o,arguments)},removeAction:function(o,n){gform.removeHook(\"action\",o,n)},removeFilter:function(o,n,r){gform.removeHook(\"filter\",o,n,r)},addHook:function(o,n,r,t,i){null==gform.hooks[o][n]&&(gform.hooks[o][n]=[]);var e=gform.hooks[o][n];null==i&&(i=n+\"_\"+e.length),gform.hooks[o][n].push({tag:i,callable:r,priority:t=null==t?10:t})},doHook:function(n,o,r){var t;if(r=Array.prototype.slice.call(r,1),null!=gform.hooks[n][o]&&((o=gform.hooks[n][o]).sort(function(o,n){return o.priority-n.priority}),o.forEach(function(o){\"function\"!=typeof(t=o.callable)&&(t=window[t]),\"action\"==n?t.apply(null,r):r[0]=t.apply(null,r)})),\"filter\"==n)return r[0]},removeHook:function(o,n,t,i){var r;null!=gform.hooks[o][n]&&(r=(r=gform.hooks[o][n]).filter(function(o,n,r){return!!(null!=i&&i!=o.tag||null!=t&&t!=o.priority)}),gform.hooks[o][n]=r)}});<\/script>\n                <div class='gf_browser_gecko gform_wrapper gform_legacy_markup_wrapper' id='gform_wrapper_43' style='display:none'><form method='post' enctype='multipart\/form-data'  id='gform_43'  action='\/victoryvida\/wp-json\/wp\/v2\/pages\/3885' >\n                        <div class='gform_body gform-body'><ul id='gform_fields_43' class='gform_fields top_label form_sublabel_below description_below'><li id=\"field_43_13\" class=\"gfield gfield--width-full gfield_contains_required field_sublabel_below field_description_below gfield_visibility_visible\" ><label class='gfield_label' for='input_43_13' >\u00bfEst\u00e1s listo para bautizarte?<span class=\"gfield_required\"><span class=\"gfield_required gfield_required_asterisk\">*<\/span><\/span><\/label><div class='ginput_container ginput_container_select'><select name='input_13' id='input_43_13' class='medium gfield_select'    aria-required=\"true\" aria-invalid=\"false\" ><option value='Seleccione' >Seleccione<\/option><option value='Si' >Si<\/option><option value='No\/A\u00fan no estoy seguro- Tengo una pregunta' >No\/A\u00fan no estoy seguro- Tengo una pregunta<\/option><\/select><\/div><\/li><li id=\"field_43_15\" class=\"gfield gfield--width-full field_sublabel_below field_description_below gfield_visibility_visible\" ><label class='gfield_label' for='input_43_15' >Pregunta<\/label><div class='ginput_container ginput_container_textarea'><textarea name='input_15' id='input_43_15' class='textarea large'      aria-invalid=\"false\"   rows='10' cols='50'><\/textarea><\/div><\/li><li id=\"field_43_1\" class=\"gfield gfield--width-full gfield_contains_required field_sublabel_below field_description_below gfield_visibility_visible\" ><label class='gfield_label gfield_label_before_complex'  >Nombre Completo (Primero\/Apellido)<span class=\"gfield_required\"><span class=\"gfield_required gfield_required_asterisk\">*<\/span><\/span><\/label><div class='ginput_complex ginput_container no_prefix has_first_name no_middle_name has_last_name no_suffix gf_name_has_2 ginput_container_name' id='input_43_1'>\n                            \n                            <span id='input_43_1_3_container' class='name_first' >\n                                                    <input type='text' name='input_1.3' id='input_43_1_3' value=''   aria-required='true'     \/>\n                                                    <label for='input_43_1_3' >Primero<\/label>\n                                                <\/span>\n                            \n                            <span id='input_43_1_6_container' class='name_last' >\n                                                    <input type='text' name='input_1.6' id='input_43_1_6' value=''   aria-required='true'     \/>\n                                                    <label for='input_43_1_6' >Apellido<\/label>\n                                                <\/span>\n                            \n                        <\/div><\/li><li id=\"field_43_3\" class=\"gfield gfield--width-full gfield_contains_required field_sublabel_below field_description_below gfield_visibility_visible\" ><label class='gfield_label' for='input_43_3' >Correo Electr\u00f3nico<span class=\"gfield_required\"><span class=\"gfield_required gfield_required_asterisk\">*<\/span><\/span><\/label><div class='ginput_container ginput_container_email'>\n                            <input name='input_3' id='input_43_3' type='text' value='' class='medium'    aria-required=\"true\" aria-invalid=\"false\"  \/>\n                        <\/div><\/li><li id=\"field_43_16\" class=\"gfield gfield--width-full gfield_contains_required field_sublabel_below field_description_below gfield_visibility_visible\" ><label class='gfield_label' for='input_43_16' >\u00bfEst\u00e1s registrando a alguien menor de 18 a\u00f1os?<span class=\"gfield_required\"><span class=\"gfield_required gfield_required_asterisk\">*<\/span><\/span><\/label><div class='ginput_container ginput_container_select'><select name='input_16' id='input_43_16' class='large gfield_select'    aria-required=\"true\" aria-invalid=\"false\" ><option value='Seleccione' >Seleccione<\/option><option value='Si' >Si<\/option><option value='No' >No<\/option><\/select><\/div><\/li><li id=\"field_43_17\" class=\"gfield gfield--width-full field_sublabel_below field_description_below gfield_visibility_visible\" ><label class='gfield_label gfield_label_before_complex'  >Informaci\u00f3n del Menor<\/label><div class='ginput_complex ginput_container no_prefix has_first_name no_middle_name has_last_name no_suffix gf_name_has_2 ginput_container_name' id='input_43_17'>\n                            \n                            <span id='input_43_17_3_container' class='name_first' >\n                                                    <input type='text' name='input_17.3' id='input_43_17_3' value=''   aria-required='false'     \/>\n                                                    <label for='input_43_17_3' >Primero<\/label>\n                                                <\/span>\n                            \n                            <span id='input_43_17_6_container' class='name_last' >\n                                                    <input type='text' name='input_17.6' id='input_43_17_6' value=''   aria-required='false'     \/>\n                                                    <label for='input_43_17_6' >Apellido<\/label>\n                                                <\/span>\n                            \n                        <\/div><\/li><li id=\"field_43_18\" class=\"gfield gfield_contains_required field_sublabel_below field_description_below gfield_visibility_visible\" ><label class='gfield_label' for='input_43_18' >Talla de camiseta<span class=\"gfield_required\"><span class=\"gfield_required gfield_required_asterisk\">*<\/span><\/span><\/label><div class='ginput_container ginput_container_select'><select name='input_18' id='input_43_18' class='large gfield_select'    aria-required=\"true\" aria-invalid=\"false\" ><option value='SM' >SM<\/option><option value='MD' >MD<\/option><option value='LG' >LG<\/option><option value='XL' >XL<\/option><option value='2X' >2X<\/option><option value='3X' >3X<\/option><\/select><\/div><\/li><li id=\"field_43_19\" class=\"gfield field_sublabel_below field_description_below gfield_visibility_visible\" ><label class='gfield_label' for='input_43_19' >Comentario<\/label><div class='ginput_container ginput_container_textarea'><textarea name='input_19' id='input_43_19' class='textarea large'      aria-invalid=\"false\"   rows='10' cols='50'><\/textarea><\/div><\/li><\/ul><\/div>\n        <div class='gform_footer top_label'> <input type='submit' id='gform_submit_button_43' class='gform_button button' value='Enviar'  onclick='if(window[\"gf_submitting_43\"]){return false;}  window[\"gf_submitting_43\"]=true;  ' onkeypress='if( event.keyCode == 13 ){ if(window[\"gf_submitting_43\"]){return false;} window[\"gf_submitting_43\"]=true;  jQuery(\"#gform_43\").trigger(\"submit\",[true]); }' \/> \n            <input type='hidden' class='gform_hidden' name='is_submit_43' value='1' \/>\n            <input type='hidden' class='gform_hidden' name='gform_submit' value='43' \/>\n            \n            <input type='hidden' class='gform_hidden' name='gform_unique_id' value='' \/>\n            <input type='hidden' class='gform_hidden' name='state_43' value='WyJbXSIsIjYyM2JlOGJlYzIxMjQ3NWJmNWM3MjU3NGUyMTBkMmVhIl0=' \/>\n            <input type='hidden' class='gform_hidden' name='gform_target_page_number_43' id='gform_target_page_number_43' value='0' \/>\n            <input type='hidden' class='gform_hidden' name='gform_source_page_number_43' id='gform_source_page_number_43' value='1' \/>\n            <input type='hidden' name='gform_field_values' value='' \/>\n            \n        <\/div>\n                        <\/form>\n                        <\/div><hr  class=\"x-clear\" >[\/vc_column][\/vc_row][vc_row inner_container=&#8221;true&#8221; padding_top=&#8221;0px&#8221; padding_bottom=&#8221;0px&#8221; border=&#8221;none&#8221; class=&#8221;np&#8221; bg_video=&#8221;&#8221; style=&#8221;display:none&#8221;][vc_column fade_animation_offset=&#8221;45px&#8221; width=&#8221;1\/1&#8243;]<h4 style=\"text-transform: none; letter-spacing: -1px; font-weight: 200;\">Aire Libre<\/h4>\n<p>Durante cada primavera y cada oto\u00f1o celebramos nuestros bautizos al aire libre. Realmente es una ocasi\u00f3n muy especial.<\/p>\n<p>10-11 de agosto<br \/>\nDespues de cada servicio<\/p>\n<p>Victory Norcross<br \/>\n5905 Brook Hollow Pkwy, Norcross, GA 30071<\/p>\n<a  class=\"x-btn x-btn-square x-btn-mini\"  href=\"https:\/\/my.victoryatl.com\/default.aspx?page=4166&amp;event=2402\"     data-options=\"thumbnail: ''\">Inscr\u00edbete<\/a><hr  class=\"x-clear\" >[\/vc_column][\/vc_row][vc_row inner_container=&#8221;true&#8221; padding_top=&#8221;0px&#8221; padding_bottom=&#8221;0px&#8221; border=&#8221;none&#8221; class=&#8221;np&#8221;][vc_column fade_animation_offset=&#8221;45px&#8221; width=&#8221;1\/1&#8243;]<hr  class=\"x-gap\" style=\"margin: 20px 0 0 0;\">[\/vc_column][\/vc_row][vc_row inner_container=&#8221;true&#8221; no_margin=&#8221;true&#8221; padding_top=&#8221;0&#8243; padding_bottom=&#8221;0&#8243; border=&#8221;none&#8221; class=&#8221;np&#8221; bg_color=&#8221;#ffffff&#8221; bg_video=&#8221;&#8221; style=&#8221;&#8221;][vc_column fade_animation_offset=&#8221;45px&#8221; width=&#8221;1\/2&#8243;]<hr  class=\"x-gap\" style=\"margin: 50px 0 0 0;\"><img  class=\"x-img\"  src=\"https:\/\/legacy.victoryatl.com\/victoryvida\/files\/2021\/04\/OWB_WebAdClean_800x451.jpg\" ><hr  class=\"x-gap\" style=\"margin: 50px 0 0 0;\">[\/vc_column][vc_column fade_animation_offset=&#8221;45px&#8221; width=&#8221;1\/2&#8243;]<h4  class=\"h-custom-headline h4\" ><span>BAUTISMOS DE AGUA AL AIRE LIBRE<\/span><\/h4><p>El bautismo es un acto f\u00edsico de obediencia consciente que simboliza la muerte de nuestro viejo yo y la resurrecci\u00f3n a nuestra nueva vida en Cristo. Si nunca ha hecho esta declaraci\u00f3n p\u00fablica de su fe y confianza en \u00c9l, le recomendamos que lo haga.<\/p>\n[\/vc_column][\/vc_row][vc_row no_margin=&#8221;true&#8221; padding_top=&#8221;100px&#8221; padding_bottom=&#8221;100px&#8221; border=&#8221;none&#8221; class=&#8221;&#8221; bg_color=&#8221;#f9f9f9&#8243; bg_video=&#8221;&#8221; style=&#8221;display:none&#8221;][vc_column fade_animation_offset=&#8221;45px&#8221; width=&#8221;1\/1&#8243;]<h4  class=\"h-custom-headline center-text h4\" ><span>BAUTIZMOS A\u00d1O A LA FECHA<\/span><\/h4><hr  class=\"x-gap\" style=\"margin: 50px 0 0 0;\"><div  class=\"x-counter\" data-x-element=\"counter\" data-x-params=\"{&quot;numEnd&quot;:676,&quot;numSpeed&quot;:1500}\"  ><div class=\"number-wrap w-h\" ><span class=\"number\">0<\/span><\/div><\/div>[\/vc_column][\/vc_row][vc_row inner_container=&#8221;true&#8221; padding_top=&#8221;0px&#8221; padding_bottom=&#8221;0px&#8221; border=&#8221;none&#8221; class=&#8221;np&#8221; bg_video=&#8221;&#8221; style=&#8221;display:none&#8221;][vc_column fade_animation_offset=&#8221;45px&#8221; width=&#8221;1\/1&#8243;]<hr  class=\"x-gap\" style=\"margin: 50px 0 0 0;\">[\/vc_column][\/vc_row][vc_row inner_container=&#8221;true&#8221; no_margin=&#8221;true&#8221; padding_top=&#8221;0px&#8221; padding_bottom=&#8221;0px&#8221; border=&#8221;none&#8221; class=&#8221;np&#8221;][vc_column fade_animation_offset=&#8221;45px&#8221; width=&#8221;1\/1&#8243;]<h4  class=\"h-custom-headline h4\" ><span>ENTENDIENDO EL BAUTISMO<\/span><\/h4><hr  class=\"x-gap\" style=\"margin: 25px 0 0 0;\">[\/vc_column][\/vc_row][vc_row inner_container=&#8221;true&#8221; no_margin=&#8221;true&#8221; padding_top=&#8221;0px&#8221; padding_bottom=&#8221;0px&#8221; border=&#8221;none&#8221; class=&#8221;np&#8221;][vc_column fade_animation_offset=&#8221;45px&#8221; width=&#8221;1\/2&#8243;]<hr  class=\"x-gap\" style=\"margin: 25px 0 0 0;\"><img  class=\"x-img\"  src=\"https:\/\/legacy.victoryatl.com\/victoryvida\/files\/2021\/04\/Bautismo_BookMockup-1.jpeg\" ><hr  class=\"x-clear\" >[\/vc_column][vc_column fade_animation_offset=&#8221;45px&#8221; width=&#8221;1\/2&#8243;]<hr  class=\"x-gap\" style=\"margin: 25px 0 0 0;\"><p>Tenemos un peque\u00f1o folleto llamado\u00a0<em data-redactor-tag=\"em\"><a href=\"https:\/\/legacy.victoryatl.com\/victoryvida\/files\/2021\/04\/Bautismo_DigitalBook.pdf\">Bautismo en Agua<\/a> <\/em> para ayudarlo a comprender el significado y la importancia del bautismo.\u00a0El folleto incluye una \u00fatil secci\u00f3n de preguntas frecuentes, una gu\u00eda para el bautismo en Victory.<\/p>\n<p><strong data-redactor-tag=\"strong\">Contacto de la Oficina de la Iglesia:<br \/>\n<\/strong>Elisa Alvarez-Mendoza |\u00a0<a class=\"ProsemirrorEditor-link\" href=\"mailto:amendoza@victoryatl.com\">Contactenos al<\/a>\u00a0| 770.849.9400 ext. 100<\/p>\n<a  class=\"x-btn x-btn-square x-btn-mini alignleft\"  href=\"https:\/\/legacy.victoryatl.com\/victoryvida\/files\/2021\/04\/Bautismo_DigitalBook.pdf\"     data-options=\"thumbnail: ''\">Descarga una copia<\/a>[\/vc_column][\/vc_row][vc_row padding_top=&#8221;0px&#8221; padding_bottom=&#8221;0px&#8221;][vc_column fade_animation_offset=&#8221;45px&#8221; width=&#8221;1\/1&#8243;]<hr  class=\"x-gap\" style=\"margin: 50px 0 0 0;\">[\/vc_column][\/vc_row][vc_row inner_container=&#8221;true&#8221; padding_top=&#8221;0px&#8221; padding_bottom=&#8221;0px&#8221; border=&#8221;none&#8221; class=&#8221;np&#8221; bg_video=&#8221;&#8221; style=&#8221;display:none&#8221;][vc_column fade_animation=&#8221;in&#8221; fade_animation_offset=&#8221;45px&#8221; width=&#8221;1\/1&#8243; id=&#8221;.baptismform&#8221;]<hr  class=\"x-gap\" style=\"margin: 25px 0 0 0;\"><hr  class=\"x-gap\" style=\"margin: 25px 0 0 0;\"><p><h4  class=\"h-custom-headline h4 accent\" ><span>PREGUNTAS MAS FRECUENTES<\/span><\/h4><\/p>\n<p><strong>1. Que es el bautismo?<\/strong><br \/>\nEl bautismo literalmente significa sumergirse en agua. Es un acto\u00a0f\u00edsico\u00a0de una obediencia consciente donde te identificas con la muerte, entierro y\u00a0resurrecci\u00f3n\u00a0de Jesus. El bautismo simboliza la muerte a tu vieja vida y la\u00a0resurrecci\u00f3n\u00a0a tu nueva vida en Cristo.\u00a0P\u00fablicamente\u00a0declara tu fe en Jesucristo.<\/p>\n<p><strong>2. Quien\u00a0deber\u00eda\u00a0bautizarse?<\/strong><br \/>\nTodos los seguidores de Cristo. Creemos que el bautismo es un paso muy importante en la fe y lo hacemos una parte fundamental de nuestra vida como iglesia.<\/p>\n<p><strong>3. Que pasa si fui bautizado(a) cuando era ni\u00f1o(a)?<\/strong><br \/>\nCreemos que el bautismo es una decision consciente sobre tu propia fe. A menudo los ni\u00f1os no\u00a0est\u00e1n\u00a0conscientes de esa decision\u2014el bautismo de ni\u00f1os es mas acerca de la fe de los padres que la del ni\u00f1o. Si no estabas consciente de esa decision\u00a0deber\u00edas\u00a0ser re-bautizado.<\/p>\n<p><strong>4. Debo bautizarme inmediatamente\u00a0despu\u00e9s\u00a0de haber aceptado a Cristo?<\/strong><br \/>\nEn el \u00a0Nuevo Testamento vemos ejemplos de personas bautizandose inmediatamente\u00a0despu\u00e9s\u00a0de haber aceptado a Cristo y otros que fueron bautizados\u00a0despu\u00e9s\u00a0(como el\u00a0ap\u00f3stol\u00a0Pablo).\u00a0As\u00ed\u00a0que no tiene que pasar inmediatamente pero si es algo que hay que hacer. Si somos seguidores de Cristo entonces\u00a0deber\u00edamos\u00a0seguir su ejemplo y ser bautizados.<\/p>\n<p><strong>5. Sigo siendo cristiano aun si no me bautizo?<\/strong><br \/>\nSi. Somos salvos por medio de la fe en Jesus\u2014Su sangre derramada, su muerte y\u00a0resurrecci\u00f3n\u2014y no por medio del bautismo.\u00a0Pero el bautismo es un acto de obediencia y una\u00a0declaraci\u00f3n\u00a0de nuestra fe.\u00a0\u00a0Como cristianos\u00a0deber\u00edamos\u00a0seguir el ejemplo de Cristo y el mandato biblico de ser bautizados.<\/p>\n<p><strong>6. Debo ser bautizado en un lugar o manera especifica?<\/strong><br \/>\nNo. Lo que importa es el estado de tu\u00a0coraz\u00f3n\u00a0 no la idea de un lugar santo o determinada clase de agua. En Victory Church tratamos de seguir el ejemplo dado en el Nuevo Testamento,por eso bautizamos con\u00a0sumersi\u00f3n\u00a0total.<\/p>\n<p><strong>7. Puedo volver a bautizarme?<\/strong><br \/>\nSi. No existe ninguna\u00a0prohibici\u00f3n\u00a0b\u00edblica\u00a0para bautizarse otra vez. Para muchas personas puede significar un paso importante en su crecimiento espiritual. Si tu piensas que tu antiguo bautismo no lleno las condiciones que hemos descrito o sientes que necesitas dedicar nuevamente tu vida a Cristo, te sugerimos que vuelvas a bautizarte.<\/p>\n<p><strong>8. Sere exigido a vivir una vida libre de pecado\u00a0despu\u00e9s\u00a0de que me bautice?<\/strong><br \/>\nNo. Ninguno de nosotros puede vivir sin pecar y el bautismo no cambia eso. Todos luchamos contra el pecado y fallamos algunas veces. Lo que es importante es que los confesemos, nos apartemos de esas acciones equivocadas y sigamos adelante confiando que hemos sido perdonados.<\/p>\n<p><strong>9. He escuchado del bautismo del\u00a0Esp\u00edritu\u00a0Santo. Es lo mismo que el bautismo en agua o es diferente?<\/strong><br \/>\nEl bautismo en agua y el bautismo del Esp\u00edritu\u00a0santo son dos cosas diferentes. El bautismo en agua es una acto de obediencia y una\u00a0declaraci\u00f3n\u00a0publica de tu fe. El bautismo en el\u00a0Esp\u00edritu\u00a0Santo es un poder espiritual que a menudo viene acompa\u00f1ado de se\u00f1ales como el hablar en lenguas. El bautismo en el\u00a0Esp\u00edritu\u00a0Santo es descrito en el Nuevo Testamento en el\u00a0capitulo\u00a02 del libro de los Hechos. Si quieres aprender mas sobre el bautismo del Esp\u00edritu\u00a0Santo puedes hablar con\u00a0l\u00edder\u00a0de grupo peque\u00f1o, un pastor o\u00a0alg\u00fan\u00a0l\u00edder\u00a0de nuestro ministerio.<\/p>\n<p><a name=\"baptismform\"><\/a><\/p>\n[\/vc_column][\/vc_row][vc_row padding_top=&#8221;0px&#8221; padding_bottom=&#8221;0px&#8221;][vc_column fade_animation_offset=&#8221;45px&#8221; width=&#8221;1\/1&#8243;]<hr  class=\"x-gap\" style=\"margin: 20px 0 0 0;\">[\/vc_column][\/vc_row]","protected":false},"excerpt":{"rendered":"<p>La experiencia del bautismo en agua es uno de los momentos m\u00e1s preciados en la vida de cualquier creyente. Es una celebraci\u00f3n p\u00fablica de tu decisi\u00f3n de seguir a Jesucristo y honrarlo como Se\u00f1or y Salvador de tu vida.<\/p>\n","protected":false},"author":5,"featured_media":8397,"parent":0,"menu_order":0,"comment_status":"closed","ping_status":"open","template":"template-blank-4.php","meta":[],"_links":{"self":[{"href":"https:\/\/legacy.victoryatl.com\/victoryvida\/wp-json\/wp\/v2\/pages\/3885"}],"collection":[{"href":"https:\/\/legacy.victoryatl.com\/victoryvida\/wp-json\/wp\/v2\/pages"}],"about":[{"href":"https:\/\/legacy.victoryatl.com\/victoryvida\/wp-json\/wp\/v2\/types\/page"}],"author":[{"embeddable":true,"href":"https:\/\/legacy.victoryatl.com\/victoryvida\/wp-json\/wp\/v2\/users\/5"}],"replies":[{"embeddable":true,"href":"https:\/\/legacy.victoryatl.com\/victoryvida\/wp-json\/wp\/v2\/comments?post=3885"}],"version-history":[{"count":111,"href":"https:\/\/legacy.victoryatl.com\/victoryvida\/wp-json\/wp\/v2\/pages\/3885\/revisions"}],"predecessor-version":[{"id":8698,"href":"https:\/\/legacy.victoryatl.com\/victoryvida\/wp-json\/wp\/v2\/pages\/3885\/revisions\/8698"}],"wp:featuredmedia":[{"embeddable":true,"href":"https:\/\/legacy.victoryatl.com\/victoryvida\/wp-json\/wp\/v2\/media\/8397"}],"wp:attachment":[{"href":"https:\/\/legacy.victoryatl.com\/victoryvida\/wp-json\/wp\/v2\/media?parent=3885"}],"curies":[{"name":"wp","href":"https:\/\/api.w.org\/{rel}","templated":true}]}}