{"id":3761,"date":"2015-07-15T20:30:47","date_gmt":"2015-07-15T20:30:47","guid":{"rendered":"http:\/\/legacy.victoryatl.com\/victoryvida\/?page_id=3761"},"modified":"2022-09-22T23:35:45","modified_gmt":"2022-09-22T23:35:45","slug":"oportunidadesdeservicio","status":"publish","type":"page","link":"https:\/\/legacy.victoryatl.com\/victoryvida\/oportunidadesdeservicio\/","title":{"rendered":"Oportunidades de Servicio"},"content":{"rendered":"[vc_row no_margin=&#8221;true&#8221; padding_top=&#8221;10px&#8221; padding_bottom=&#8221;10px&#8221; bg_color=&#8221;#dd3333&#8243; bg_video=&#8221;&#8221; class=&#8221;&#8221; style=&#8221;display:none&#8221;][vc_column fade_animation_offset=&#8221;45px&#8221; width=&#8221;1\/1&#8243;][vc_raw_html]JTNDJTIxLS0lMjBTdHlsZSUyMHRvJTIwbWFrZSUyMHRoZSUyMHNjcm9sbCUyMHNtb290aCUyQyUyMGFuZCUyMHF3LWdhcCUyMG9ubHklMjBzaG93JTIwb24lMjBtb2JpbGUlMjAtLSUzRSUwQSUzQ3N0eWxlJTNFJTBBJTIwJTIwaHRtbCUyMCU3QnNjcm9sbC1iZWhhdmlvciUzQSUyMHNtb290aCUzQiU3RCUwQSUyMCUyMCU0MG1lZGlhJTIwb25seSUyMHNjcmVlbiUyMGFuZCUyMCUyOG1heC13aWR0aCUzQSUyMDgwMXB4JTI5JTIwJTdCJTBBJTIwJTIwJTIwJTIwLnF3LWdhcCU3QmRpc3BsYXklM0ElMjBibG9jayUyMCUyMWltcG9ydGFudCUzQiUyMGhlaWdodCUzQSUyMDBweCUzQiUyMG1hcmdpbi10b3AlM0ElMjA1M3B4JTNCJTdEJTBBJTIwJTIwJTdEJTBBJTNDJTJGc3R5bGUlM0UlMEElMEElM0MlMjEtLSUyMEFkZCUyMHNwYWNlJTIwdG8lMjB0b3AlMjBvZiUyMHBhZ2UlMjAlMjhvbiUyMG1vYmlsZSUyOSUyMC0tJTNFJTBBJTNDZGl2JTIwY2xhc3MlM0QlMjJxdy1nYXAlMjIlMjBzdHlsZSUzRCUyMmRpc3BsYXklM0Fub25lJTIyJTNFJTNDJTJGZGl2JTNFJTBBJTBBJTNDJTIxLS0lMjBQZXRlJTI3cyUyMG9yaWdpbmFsJTIwY29kZSUyQyUyMHdpdGglMjAlM0NhJTNFJTI3cyUyMGhyZWYlMjBtb2RpZmllZCUyMHRvJTIwdXNlJTIwc2NyaXB0JTIwLS0lM0UlMEElMEElM0NwJTIwc3R5bGUlM0QlMjJ0ZXh0LWFsaWduJTNBJTIwY2VudGVyJTNCJTIwZm9udC1zaXplJTNBJTIwMTE1JTI1JTNCJTIwbWFyZ2luLWJvdHRvbSUzQSUyMDBweCUyMCUyMWltcG9ydGFudCUzQiUyMG1hcmdpbi10b3AlM0ElMjAwcHglMjAlMjFpbXBvcnRhbnQlM0IlMjIlM0UlMEElM0NzcGFuJTIwc3R5bGUlM0QlMjJjb2xvciUzQSUyMCUyM2ZmZiUzQiUyMiUzRSUwQSUyMCUyMCUyMCUyMCVDMiVBMUV2YWx1YWNpJUMzJUIzbiUyMGRlJTIwRG9uZXMlMjBFc3Bpcml0dWFsZXMlMjBEaXNwb25pYmxlJTIxJTIwJTdDJTIwJTNDc3Ryb25nJTNFJTNDYSUyMHN0eWxlJTNEJTIyY29sb3IlM0ElMjAlMjNmZmYlM0IlMjIlMjBocmVmJTNEJTIyaHR0cHMlM0ElMkYlMkZ2aWN0b3J5YXRsLmNvbSUyRnZpY3Rvcnl2aWRhJTJGTm9ydGVWZXJkYWRlcm8lMkYlMjIlM0UlQzIlQTFIYXolMjB0dSUyMGV2YWx1YWNpJUMzJUIzbiUyMGhveSUyMSUzQyUyRmElM0UlM0MlMkZzdHJvbmclM0UlMjAlMEElM0MlMkZzcGFuJTNFJTBBJTNDJTJGcCUzRQ==[\/vc_raw_html][\/vc_column][\/vc_row][vc_row padding_top=&#8221;100px&#8221; padding_bottom=&#8221;100px&#8221; border=&#8221;none&#8221; bg_image=&#8221;9182&#8243; bg_video=&#8221;&#8221; class=&#8221;&#8221; style=&#8221;&#8221;][vc_column fade_animation_offset=&#8221;45px&#8221; width=&#8221;1\/1&#8243;]<h1  class=\"h-custom-headline center-text h1\" ><span><span style=\"color: #ffffff;\">Sirviendo en Victory Vida<\/span><\/span><\/h1>[\/vc_column][\/vc_row][vc_row inner_container=&#8221;true&#8221; no_margin=&#8221;true&#8221; padding_top=&#8221;0px&#8221; padding_bottom=&#8221;0px&#8221; border=&#8221;none&#8221; class=&#8221;np&#8221;][vc_column fade_animation_offset=&#8221;45px&#8221; width=&#8221;1\/1&#8243;]<a  class=\"x-btn x-btn-square x-btn-mini alignright\" style=\"border-color: black !important; color: black !important; text-align: center;\" href=\"https:\/\/legacy.victoryatl.com\/serve\/\"     data-options=\"thumbnail: ''\">\u00cdngles<\/a><hr  class=\"x-clear\" ><hr  class=\"x-gap\" style=\"margin: 30px 0 0 0;\">[\/vc_column][\/vc_row][vc_row inner_container=&#8221;true&#8221; no_margin=&#8221;true&#8221; padding_top=&#8221;0px&#8221; padding_bottom=&#8221;0px&#8221; border=&#8221;none&#8221; class=&#8221;np&#8221;][vc_column fade_animation_offset=&#8221;45px&#8221; width=&#8221;1\/1&#8243;]<p>La iglesia esta formada por las manos y los pies de Jes\u00fas trabajando juntos y apoy\u00e1ndose en amor. Nuestro voluntarios son la parte central de todo lo que hacemos. Vidas ser\u00e1n impactadas por la eternidad por tu servicio.<\/p>\n[\/vc_column][\/vc_row][vc_row inner_container=&#8221;true&#8221; no_margin=&#8221;true&#8221; padding_top=&#8221;0px&#8221; padding_bottom=&#8221;0px&#8221; border=&#8221;none&#8221; class=&#8221;np&#8221;][vc_column fade_animation_offset=&#8221;45px&#8221; width=&#8221;1\/1&#8243;]<div  class=\"x-video embed\" ><div class=\"x-video-inner\"><iframe loading=\"lazy\" src=\"https:\/\/player.vimeo.com\/video\/667911912?h=7de5c41424\" width=\"640\" height=\"338\" frameborder=\"0\" allowfullscreen=\"allowfullscreen\"><\/iframe><\/div><\/div>[\/vc_column][\/vc_row][vc_row inner_container=&#8221;true&#8221; no_margin=&#8221;true&#8221; padding_top=&#8221;0px&#8221; padding_bottom=&#8221;0px&#8221; border=&#8221;none&#8221; bg_video=&#8221;&#8221; class=&#8221;np&#8221; style=&#8221;&#8221;][vc_column fade_animation_offset=&#8221;45px&#8221; width=&#8221;1\/1&#8243;]<p><script type=\"text\/javascript\">var gform;gform||(document.addEventListener(\"gform_main_scripts_loaded\",function(){gform.scriptsLoaded=!0}),window.addEventListener(\"DOMContentLoaded\",function(){gform.domLoaded=!0}),gform={domLoaded:!1,scriptsLoaded:!1,initializeOnLoaded:function(o){gform.domLoaded&&gform.scriptsLoaded?o():!gform.domLoaded&&gform.scriptsLoaded?window.addEventListener(\"DOMContentLoaded\",o):document.addEventListener(\"gform_main_scripts_loaded\",o)},hooks:{action:{},filter:{}},addAction:function(o,n,r,t){gform.addHook(\"action\",o,n,r,t)},addFilter:function(o,n,r,t){gform.addHook(\"filter\",o,n,r,t)},doAction:function(o){gform.doHook(\"action\",o,arguments)},applyFilters:function(o){return gform.doHook(\"filter\",o,arguments)},removeAction:function(o,n){gform.removeHook(\"action\",o,n)},removeFilter:function(o,n,r){gform.removeHook(\"filter\",o,n,r)},addHook:function(o,n,r,t,i){null==gform.hooks[o][n]&&(gform.hooks[o][n]=[]);var e=gform.hooks[o][n];null==i&&(i=n+\"_\"+e.length),gform.hooks[o][n].push({tag:i,callable:r,priority:t=null==t?10:t})},doHook:function(n,o,r){var t;if(r=Array.prototype.slice.call(r,1),null!=gform.hooks[n][o]&&((o=gform.hooks[n][o]).sort(function(o,n){return o.priority-n.priority}),o.forEach(function(o){\"function\"!=typeof(t=o.callable)&&(t=window[t]),\"action\"==n?t.apply(null,r):r[0]=t.apply(null,r)})),\"filter\"==n)return r[0]},removeHook:function(o,n,t,i){var r;null!=gform.hooks[o][n]&&(r=(r=gform.hooks[o][n]).filter(function(o,n,r){return!!(null!=i&&i!=o.tag||null!=t&&t!=o.priority)}),gform.hooks[o][n]=r)}});<\/script>\n                <div class='gf_browser_gecko gform_wrapper gform_legacy_markup_wrapper' id='gform_wrapper_19' ><form method='post' enctype='multipart\/form-data'  id='gform_19'  action='\/victoryvida\/wp-json\/wp\/v2\/pages\/3761' >\n                        <div class='gform_body gform-body'><ul id='gform_fields_19' class='gform_fields top_label form_sublabel_below description_below'><li id=\"field_19_1\" class=\"gfield gfield_contains_required field_sublabel_below field_description_below gfield_visibility_visible\" ><label class='gfield_label gfield_label_before_complex'  >Nombre<span class=\"gfield_required\"><span class=\"gfield_required gfield_required_asterisk\">*<\/span><\/span><\/label><div class='ginput_complex ginput_container no_prefix has_first_name no_middle_name has_last_name no_suffix gf_name_has_2 ginput_container_name' id='input_19_1'>\n                            \n                            <span id='input_19_1_3_container' class='name_first' >\n                                                    <input type='text' name='input_1.3' id='input_19_1_3' value='' tabindex='50'  aria-required='true'     \/>\n                                                    <label for='input_19_1_3' >Primer Nombre<\/label>\n                                                <\/span>\n                            \n                            <span id='input_19_1_6_container' class='name_last' >\n                                                    <input type='text' name='input_1.6' id='input_19_1_6' value='' tabindex='52'  aria-required='true'     \/>\n                                                    <label for='input_19_1_6' >Apellido<\/label>\n                                                <\/span>\n                            \n                        <\/div><\/li><li id=\"field_19_2\" class=\"gfield gfield_contains_required field_sublabel_below field_description_below gfield_visibility_visible\" ><label class='gfield_label' for='input_19_2' >Correo Electr\u00f3nico<span class=\"gfield_required\"><span class=\"gfield_required gfield_required_asterisk\">*<\/span><\/span><\/label><div class='ginput_container ginput_container_email'>\n                            <input name='input_2' id='input_19_2' type='text' value='' class='medium' tabindex='54'   aria-required=\"true\" aria-invalid=\"false\"  \/>\n                        <\/div><\/li><li id=\"field_19_3\" class=\"gfield gfield_contains_required field_sublabel_below field_description_below gfield_visibility_visible\" ><label class='gfield_label' for='input_19_3' >Tel\u00e9fono<span class=\"gfield_required\"><span class=\"gfield_required gfield_required_asterisk\">*<\/span><\/span><\/label><div class='ginput_container ginput_container_phone'><input name='input_3' id='input_19_3' type='text' value='' class='medium' tabindex='55'  aria-required=\"true\" aria-invalid=\"false\"   \/><\/div><\/li><li id=\"field_19_4\" class=\"gfield gfield_contains_required field_sublabel_below field_description_below gfield_visibility_visible\" ><label class='gfield_label gfield_label_before_complex'  >\u00bfD\u00f3nde te gustar\u00eda servir?<span class=\"gfield_required\"><span class=\"gfield_required gfield_required_asterisk\">*<\/span><\/span><\/label><div class='ginput_container ginput_container_checkbox'><ul class='gfield_checkbox' id='input_19_4'><li class='gchoice gchoice_19_4_1'>\n\t\t\t\t\t\t\t\t<input class='gfield-choice-input' name='input_4.1' type='checkbox'  value='Estacionamiento\/Parking Lot'  id='choice_19_4_1' tabindex='56'  aria-describedby=\"gfield_description_19_4\"\/>\n\t\t\t\t\t\t\t\t<label for='choice_19_4_1' id='label_19_4_1'>Estacionamiento\/Parking Lot<\/label>\n\t\t\t\t\t\t\t<\/li><li class='gchoice gchoice_19_4_2'>\n\t\t\t\t\t\t\t\t<input class='gfield-choice-input' name='input_4.2' type='checkbox'  value='Ujieres'  id='choice_19_4_2' tabindex='57'  \/>\n\t\t\t\t\t\t\t\t<label for='choice_19_4_2' id='label_19_4_2'>Ujieres<\/label>\n\t\t\t\t\t\t\t<\/li><li class='gchoice gchoice_19_4_3'>\n\t\t\t\t\t\t\t\t<input class='gfield-choice-input' name='input_4.3' type='checkbox'  value='Bienvenida'  id='choice_19_4_3' tabindex='58'  \/>\n\t\t\t\t\t\t\t\t<label for='choice_19_4_3' id='label_19_4_3'>Bienvenida<\/label>\n\t\t\t\t\t\t\t<\/li><li class='gchoice gchoice_19_4_4'>\n\t\t\t\t\t\t\t\t<input class='gfield-choice-input' name='input_4.4' type='checkbox'  value='Alabanza'  id='choice_19_4_4' tabindex='59'  \/>\n\t\t\t\t\t\t\t\t<label for='choice_19_4_4' id='label_19_4_4'>Alabanza<\/label>\n\t\t\t\t\t\t\t<\/li><li class='gchoice gchoice_19_4_5'>\n\t\t\t\t\t\t\t\t<input class='gfield-choice-input' name='input_4.5' type='checkbox'  value='Media\/Producci\u00f3n'  id='choice_19_4_5' tabindex='60'  \/>\n\t\t\t\t\t\t\t\t<label for='choice_19_4_5' id='label_19_4_5'>Media\/Producci\u00f3n<\/label>\n\t\t\t\t\t\t\t<\/li><li class='gchoice gchoice_19_4_6'>\n\t\t\t\t\t\t\t\t<input class='gfield-choice-input' name='input_4.6' type='checkbox'  value='Altar Call\/ Ministraci\u00f3n'  id='choice_19_4_6' tabindex='61'  \/>\n\t\t\t\t\t\t\t\t<label for='choice_19_4_6' id='label_19_4_6'>Altar Call\/ Ministraci\u00f3n<\/label>\n\t\t\t\t\t\t\t<\/li><li class='gchoice gchoice_19_4_7'>\n\t\t\t\t\t\t\t\t<input class='gfield-choice-input' name='input_4.7' type='checkbox'  value='Conexiones'  id='choice_19_4_7' tabindex='62'  \/>\n\t\t\t\t\t\t\t\t<label for='choice_19_4_7' id='label_19_4_7'>Conexiones<\/label>\n\t\t\t\t\t\t\t<\/li><li class='gchoice gchoice_19_4_8'>\n\t\t\t\t\t\t\t\t<input class='gfield-choice-input' name='input_4.8' type='checkbox'  value='Amor en acci\u00f3n'  id='choice_19_4_8' tabindex='63'  \/>\n\t\t\t\t\t\t\t\t<label for='choice_19_4_8' id='label_19_4_8'>Amor en acci\u00f3n<\/label>\n\t\t\t\t\t\t\t<\/li><li class='gchoice gchoice_19_4_9'>\n\t\t\t\t\t\t\t\t<input class='gfield-choice-input' name='input_4.9' type='checkbox'  value='Traducci\u00f3n'  id='choice_19_4_9' tabindex='64'  \/>\n\t\t\t\t\t\t\t\t<label for='choice_19_4_9' id='label_19_4_9'>Traducci\u00f3n<\/label>\n\t\t\t\t\t\t\t<\/li><li class='gchoice gchoice_19_4_11'>\n\t\t\t\t\t\t\t\t<input class='gfield-choice-input' name='input_4.11' type='checkbox'  value='Eventos especiales'  id='choice_19_4_11' tabindex='65'  \/>\n\t\t\t\t\t\t\t\t<label for='choice_19_4_11' id='label_19_4_11'>Eventos especiales<\/label>\n\t\t\t\t\t\t\t<\/li><li class='gchoice gchoice_19_4_12'>\n\t\t\t\t\t\t\t\t<input class='gfield-choice-input' name='input_4.12' type='checkbox'  value='Oficina'  id='choice_19_4_12' tabindex='66'  \/>\n\t\t\t\t\t\t\t\t<label for='choice_19_4_12' id='label_19_4_12'>Oficina<\/label>\n\t\t\t\t\t\t\t<\/li><li class='gchoice gchoice_19_4_13'>\n\t\t\t\t\t\t\t\t<input class='gfield-choice-input' name='input_4.13' type='checkbox'  value='Grupos Peque\u00f1os'  id='choice_19_4_13' tabindex='67'  \/>\n\t\t\t\t\t\t\t\t<label for='choice_19_4_13' id='label_19_4_13'>Grupos Peque\u00f1os<\/label>\n\t\t\t\t\t\t\t<\/li><li class='gchoice gchoice_19_4_14'>\n\t\t\t\t\t\t\t\t<input class='gfield-choice-input' name='input_4.14' type='checkbox'  value='VicKids'  id='choice_19_4_14' tabindex='68'  \/>\n\t\t\t\t\t\t\t\t<label for='choice_19_4_14' id='label_19_4_14'>VicKids<\/label>\n\t\t\t\t\t\t\t<\/li><li class='gchoice gchoice_19_4_15'>\n\t\t\t\t\t\t\t\t<input class='gfield-choice-input' name='input_4.15' type='checkbox'  value='Informaci\u00f3n'  id='choice_19_4_15' tabindex='69'  \/>\n\t\t\t\t\t\t\t\t<label for='choice_19_4_15' id='label_19_4_15'>Informaci\u00f3n<\/label>\n\t\t\t\t\t\t\t<\/li><li class='gchoice gchoice_19_4_16'>\n\t\t\t\t\t\t\t\t<input class='gfield-choice-input' name='input_4.16' type='checkbox'  value='Fotograf\u00eda'  id='choice_19_4_16' tabindex='70'  \/>\n\t\t\t\t\t\t\t\t<label for='choice_19_4_16' id='label_19_4_16'>Fotograf\u00eda<\/label>\n\t\t\t\t\t\t\t<\/li><\/ul><\/div><div class='gfield_description' id='gfield_description_19_4'>Por favor solo escojan dos \u00e1reas.<\/div><\/li><\/ul><\/div>\n        <div class='gform_footer top_label'> <input type='submit' id='gform_submit_button_19' class='gform_button button' value='Enviar' tabindex='71' onclick='if(window[\"gf_submitting_19\"]){return false;}  window[\"gf_submitting_19\"]=true;  ' onkeypress='if( event.keyCode == 13 ){ if(window[\"gf_submitting_19\"]){return false;} window[\"gf_submitting_19\"]=true;  jQuery(\"#gform_19\").trigger(\"submit\",[true]); }' \/> \n            <input type='hidden' class='gform_hidden' name='is_submit_19' value='1' \/>\n            <input type='hidden' class='gform_hidden' name='gform_submit' value='19' \/>\n            \n            <input type='hidden' class='gform_hidden' name='gform_unique_id' value='' \/>\n            <input type='hidden' class='gform_hidden' name='state_19' value='WyJbXSIsIjYyM2JlOGJlYzIxMjQ3NWJmNWM3MjU3NGUyMTBkMmVhIl0=' \/>\n            <input type='hidden' class='gform_hidden' name='gform_target_page_number_19' id='gform_target_page_number_19' value='0' \/>\n            <input type='hidden' class='gform_hidden' name='gform_source_page_number_19' id='gform_source_page_number_19' value='1' \/>\n            <input type='hidden' name='gform_field_values' value='' \/>\n            \n        <\/div>\n                        <\/form>\n                        <\/div>\n[\/vc_column][\/vc_row]\r\n","protected":false},"excerpt":{"rendered":"<p>[vc_row no_margin=&#8221;true&#8221; padding_top=&#8221;10px&#8221; padding_bottom=&#8221;10px&#8221; bg_color=&#8221;#dd3333&#8243; bg_video=&#8221;&#8221; class=&#8221;&#8221; style=&#8221;display:none&#8221;][vc_column fade_animation_offset=&#8221;45px&#8221; width=&#8221;1\/1&#8243;][vc_raw_html]JTNDJTIxLS0lMjBTdHlsZSUyMHRvJTIwbWFrZSUyMHRoZSUyMHNjcm9sbCUyMHNtb290aCUyQyUyMGFuZCUyMHF3LWdhcCUyMG9ubHklMjBzaG93JTIwb24lMjBtb2JpbGUlMjAtLSUzRSUwQSUzQ3N0eWxlJTNFJTBBJTIwJTIwaHRtbCUyMCU3QnNjcm9sbC1iZWhhdmlvciUzQSUyMHNtb290aCUzQiU3RCUwQSUyMCUyMCU0MG1lZGlhJTIwb25seSUyMHNjcmVlbiUyMGFuZCUyMCUyOG1heC13aWR0aCUzQSUyMDgwMXB4JTI5JTIwJTdCJTBBJTIwJTIwJTIwJTIwLnF3LWdhcCU3QmRpc3BsYXklM0ElMjBibG9jayUyMCUyMWltcG9ydGFudCUzQiUyMGhlaWdodCUzQSUyMDBweCUzQiUyMG1hcmdpbi10b3AlM0ElMjA1M3B4JTNCJTdEJTBBJTIwJTIwJTdEJTBBJTNDJTJGc3R5bGUlM0UlMEElMEElM0MlMjEtLSUyMEFkZCUyMHNwYWNlJTIwdG8lMjB0b3AlMjBvZiUyMHBhZ2UlMjAlMjhvbiUyMG1vYmlsZSUyOSUyMC0tJTNFJTBBJTNDZGl2JTIwY2xhc3MlM0QlMjJxdy1nYXAlMjIlMjBzdHlsZSUzRCUyMmRpc3BsYXklM0Fub25lJTIyJTNFJTNDJTJGZGl2JTNFJTBBJTBBJTNDJTIxLS0lMjBQZXRlJTI3cyUyMG9yaWdpbmFsJTIwY29kZSUyQyUyMHdpdGglMjAlM0NhJTNFJTI3cyUyMGhyZWYlMjBtb2RpZmllZCUyMHRvJTIwdXNlJTIwc2NyaXB0JTIwLS0lM0UlMEElMEElM0NwJTIwc3R5bGUlM0QlMjJ0ZXh0LWFsaWduJTNBJTIwY2VudGVyJTNCJTIwZm9udC1zaXplJTNBJTIwMTE1JTI1JTNCJTIwbWFyZ2luLWJvdHRvbSUzQSUyMDBweCUyMCUyMWltcG9ydGFudCUzQiUyMG1hcmdpbi10b3AlM0ElMjAwcHglMjAlMjFpbXBvcnRhbnQlM0IlMjIlM0UlMEElM0NzcGFuJTIwc3R5bGUlM0QlMjJjb2xvciUzQSUyMCUyM2ZmZiUzQiUyMiUzRSUwQSUyMCUyMCUyMCUyMCVDMiVBMUV2YWx1YWNpJUMzJUIzbiUyMGRlJTIwRG9uZXMlMjBFc3Bpcml0dWFsZXMlMjBEaXNwb25pYmxlJTIxJTIwJTdDJTIwJTNDc3Ryb25nJTNFJTNDYSUyMHN0eWxlJTNEJTIyY29sb3IlM0ElMjAlMjNmZmYlM0IlMjIlMjBocmVmJTNEJTIyaHR0cHMlM0ElMkYlMkZ2aWN0b3J5YXRsLmNvbSUyRnZpY3Rvcnl2aWRhJTJGTm9ydGVWZXJkYWRlcm8lMkYlMjIlM0UlQzIlQTFIYXolMjB0dSUyMGV2YWx1YWNpJUMzJUIzbiUyMGhveSUyMSUzQyUyRmElM0UlM0MlMkZzdHJvbmclM0UlMjAlMEElM0MlMkZzcGFuJTNFJTBBJTNDJTJGcCUzRQ==[\/vc_raw_html][\/vc_column][\/vc_row][vc_row padding_top=&#8221;100px&#8221; padding_bottom=&#8221;100px&#8221; border=&#8221;none&#8221; bg_image=&#8221;9182&#8243; bg_video=&#8221;&#8221; class=&#8221;&#8221; style=&#8221;&#8221;][vc_column fade_animation_offset=&#8221;45px&#8221; width=&#8221;1\/1&#8243;][\/vc_column][\/vc_row][vc_row inner_container=&#8221;true&#8221; no_margin=&#8221;true&#8221; padding_top=&#8221;0px&#8221; padding_bottom=&#8221;0px&#8221; border=&#8221;none&#8221; class=&#8221;np&#8221;][vc_column fade_animation_offset=&#8221;45px&#8221; width=&#8221;1\/1&#8243;][\/vc_column][\/vc_row][vc_row inner_container=&#8221;true&#8221; no_margin=&#8221;true&#8221; padding_top=&#8221;0px&#8221; &#8230;<\/p>\n","protected":false},"author":10,"featured_media":0,"parent":0,"menu_order":0,"comment_status":"closed","ping_status":"open","template":"template-blank-4.php","meta":[],"_links":{"self":[{"href":"https:\/\/legacy.victoryatl.com\/victoryvida\/wp-json\/wp\/v2\/pages\/3761"}],"collection":[{"href":"https:\/\/legacy.victoryatl.com\/victoryvida\/wp-json\/wp\/v2\/pages"}],"about":[{"href":"https:\/\/legacy.victoryatl.com\/victoryvida\/wp-json\/wp\/v2\/types\/page"}],"author":[{"embeddable":true,"href":"https:\/\/legacy.victoryatl.com\/victoryvida\/wp-json\/wp\/v2\/users\/10"}],"replies":[{"embeddable":true,"href":"https:\/\/legacy.victoryatl.com\/victoryvida\/wp-json\/wp\/v2\/comments?post=3761"}],"version-history":[{"count":14,"href":"https:\/\/legacy.victoryatl.com\/victoryvida\/wp-json\/wp\/v2\/pages\/3761\/revisions"}],"predecessor-version":[{"id":9300,"href":"https:\/\/legacy.victoryatl.com\/victoryvida\/wp-json\/wp\/v2\/pages\/3761\/revisions\/9300"}],"wp:attachment":[{"href":"https:\/\/legacy.victoryatl.com\/victoryvida\/wp-json\/wp\/v2\/media?parent=3761"}],"curies":[{"name":"wp","href":"https:\/\/api.w.org\/{rel}","templated":true}]}}