{"id":3757,"date":"2015-07-15T20:29:52","date_gmt":"2015-07-15T20:29:52","guid":{"rendered":"http:\/\/legacy.victoryatl.com\/victoryvida\/?page_id=3757"},"modified":"2020-11-10T16:50:53","modified_gmt":"2020-11-10T16:50:53","slug":"staff","status":"publish","type":"page","link":"https:\/\/legacy.victoryatl.com\/victoryvida\/staff\/","title":{"rendered":"Staff"},"content":{"rendered":"[vc_row padding_top=&#8221;100px&#8221; padding_bottom=&#8221;150px&#8221; border=&#8221;none&#8221; bg_image=&#8221;8017&#8243; bg_video=&#8221;&#8221; class=&#8221;&#8221; style=&#8221;&#8221;][vc_column fade_animation_offset=&#8221;45px&#8221; width=&#8221;1\/1&#8243;]<h1  class=\"h-custom-headline center-text h1\" ><span><span style=\"color: #ffffff;\">Staff<\/span><\/span><\/h1>[\/vc_column][\/vc_row][vc_row inner_container=&#8221;true&#8221; padding_top=&#8221;0px&#8221; padding_bottom=&#8221;0px&#8221; border=&#8221;none&#8221; class=&#8221;np&#8221;][vc_column fade_animation_offset=&#8221;45px&#8221; width=&#8221;1\/1&#8243;]<p style=\"text-align: center;\">Victory Vida es un lugar diferente para conocer a Dios en una forma diferente.<\/p>\n[\/vc_column][\/vc_row][vc_row inner_container=&#8221;true&#8221; no_margin=&#8221;true&#8221; padding_top=&#8221;0px&#8221; padding_bottom=&#8221;0px&#8221; border=&#8221;none&#8221;][vc_column fade_animation_offset=&#8221;45px&#8221; width=&#8221;1\/1&#8243;][vc_row_inner no_margin=&#8221;true&#8221; padding_top=&#8221;0px&#8221; padding_bottom=&#8221;0px&#8221; border=&#8221;none&#8221;][vc_column_inner fade_animation_offset=&#8221;45px&#8221; width=&#8221;1\/2&#8243;]<img  class=\"x-img x-img-none none\"  src=\"https:\/\/legacy.victoryatl.com\/victoryvida\/files\/2015\/05\/Emilio-Schumann.jpg\" ><h5  class=\"h-custom-headline center-text h5\" ><span>Emilio Schumann\r\n<\/span><\/h5><p>Emilio es el pastor de Victory Vida. Vive para Dios, su esposa, sus hijos, y sus nietos. Su pasi\u00f3n es ver a los hispanos conect\u00e1ndose con Dios. Le gustan los deportes y su debilidad es la comida latinoamericana.<\/p>\n<hr  class=\"x-gap\" style=\"margin: 1.313em 0 0 0;\">[\/vc_column_inner][vc_column_inner fade_animation_offset=&#8221;45px&#8221; width=&#8221;1\/2&#8243;]<img  class=\"x-img x-img-none none\"  src=\"https:\/\/legacy.victoryatl.com\/victoryvida\/files\/2015\/05\/Angelica-Torres.jpg\" ><h5  class=\"h-custom-headline center-text h5\" ><span>Angelica Torres\r\n<\/span><\/h5><p>Angelica es la Pastora de Alabanza de Victory Vida. Su pasi\u00f3n es la adoraci\u00f3n. Le encanta pasar tiempo con su esposo, Ra\u00fal, y sus dos hijos, Daniel e Isabela. Si no est\u00e1 trabajando en la iglesia, es posible que este viendo su hijo, Daniel, jugando futbol. Dios le ha dado la oportunidad de servirle en el canto desde muy chica y ahora tiene el privilegio de dirigir el departamento de m\u00fasica juntamente con su esposo.<\/p>\n<hr  class=\"x-gap\" style=\"margin: 1.313em 0 0 0;\">[\/vc_column_inner][\/vc_row_inner][vc_row_inner no_margin=&#8221;true&#8221; padding_top=&#8221;0px&#8221; padding_bottom=&#8221;0px&#8221; border=&#8221;none&#8221;][vc_column_inner fade_animation_offset=&#8221;45px&#8221; width=&#8221;1\/2&#8243;]<img  class=\"x-img x-img-none none\"  src=\"https:\/\/legacy.victoryatl.com\/victoryvida\/files\/2015\/05\/Marcela-Schumann.jpg\" ><h5  class=\"h-custom-headline center-text h5\" ><span>Marcela Schumann\r\n<\/span><\/h5><p>Marcela es la asistente administrativa de Victory Vida. Su pasi\u00f3n es la adoraci\u00f3n y hacer un impacto en la comunidad hispana. Le encanta cantar y tocar la guitarra y disfruta mucho a su familia y amigos. \u00a0Adem\u00e1s ten cuidado se juegas futbol contra ella.<\/p>\n[\/vc_column_inner][vc_column_inner fade_animation_offset=&#8221;45px&#8221; width=&#8221;1\/2&#8243;][\/vc_column_inner][\/vc_row_inner][\/vc_column][\/vc_row]","protected":false},"excerpt":{"rendered":"<p>[vc_row padding_top=&#8221;100px&#8221; padding_bottom=&#8221;150px&#8221; border=&#8221;none&#8221; bg_image=&#8221;8017&#8243; bg_video=&#8221;&#8221; class=&#8221;&#8221; style=&#8221;&#8221;][vc_column fade_animation_offset=&#8221;45px&#8221; width=&#8221;1\/1&#8243;][\/vc_column][\/vc_row][vc_row inner_container=&#8221;true&#8221; padding_top=&#8221;0px&#8221; padding_bottom=&#8221;0px&#8221; border=&#8221;none&#8221; class=&#8221;np&#8221;][vc_column fade_animation_offset=&#8221;45px&#8221; width=&#8221;1\/1&#8243;][\/vc_column][\/vc_row][vc_row inner_container=&#8221;true&#8221; no_margin=&#8221;true&#8221; padding_top=&#8221;0px&#8221; padding_bottom=&#8221;0px&#8221; border=&#8221;none&#8221;][vc_column fade_animation_offset=&#8221;45px&#8221; width=&#8221;1\/1&#8243;][vc_row_inner no_margin=&#8221;true&#8221; padding_top=&#8221;0px&#8221; padding_bottom=&#8221;0px&#8221; border=&#8221;none&#8221;][vc_column_inner fade_animation_offset=&#8221;45px&#8221; width=&#8221;1\/2&#8243;][\/vc_column_inner][vc_column_inner &#8230;<\/p>\n","protected":false},"author":10,"featured_media":0,"parent":0,"menu_order":0,"comment_status":"closed","ping_status":"open","template":"template-blank-4.php","meta":[],"_links":{"self":[{"href":"https:\/\/legacy.victoryatl.com\/victoryvida\/wp-json\/wp\/v2\/pages\/3757"}],"collection":[{"href":"https:\/\/legacy.victoryatl.com\/victoryvida\/wp-json\/wp\/v2\/pages"}],"about":[{"href":"https:\/\/legacy.victoryatl.com\/victoryvida\/wp-json\/wp\/v2\/types\/page"}],"author":[{"embeddable":true,"href":"https:\/\/legacy.victoryatl.com\/victoryvida\/wp-json\/wp\/v2\/users\/10"}],"replies":[{"embeddable":true,"href":"https:\/\/legacy.victoryatl.com\/victoryvida\/wp-json\/wp\/v2\/comments?post=3757"}],"version-history":[{"count":25,"href":"https:\/\/legacy.victoryatl.com\/victoryvida\/wp-json\/wp\/v2\/pages\/3757\/revisions"}],"predecessor-version":[{"id":8162,"href":"https:\/\/legacy.victoryatl.com\/victoryvida\/wp-json\/wp\/v2\/pages\/3757\/revisions\/8162"}],"wp:attachment":[{"href":"https:\/\/legacy.victoryatl.com\/victoryvida\/wp-json\/wp\/v2\/media?parent=3757"}],"curies":[{"name":"wp","href":"https:\/\/api.w.org\/{rel}","templated":true}]}}