{"id":36,"date":"2015-05-09T07:19:22","date_gmt":"2015-05-09T07:19:22","guid":{"rendered":"http:\/\/legacy.victoryatl.com\/victoryvida\/?page_id=36"},"modified":"2023-01-06T13:44:20","modified_gmt":"2023-01-06T13:44:20","slug":"home","status":"publish","type":"page","link":"https:\/\/legacy.victoryatl.com\/victoryvida\/","title":{"rendered":"Home"},"content":{"rendered":"[vc_row no_margin=&#8221;true&#8221; padding_top=&#8221;15px&#8221; padding_bottom=&#8221;10px&#8221; border=&#8221;none&#8221; bg_video=&#8221;&#8221; class=&#8221;&#8221; style=&#8221;Display:None&#8221; bg_color=&#8221;#e1554e&#8221;][vc_column fade_animation_offset=&#8221;45px&#8221; width=&#8221;1\/1&#8243;]<p style=\"text-align: center; font-size: 115%; margin-top: 0px !important; margin-bottom: 0px !important;\"><span style=\"color: #ffffff;\">Actualizaci\u00f3n de COVID-19<a style=\"font-weight: bold; color: white;\" href=\"https:\/\/legacy.victoryatl.com\/coronavirus\" target=\"_blank\" rel=\"noopener noreferrer\"> | Aprende m\u00e1s<\/a><\/span><\/p>\n[\/vc_column][\/vc_row][vc_row inner_container=&#8221;true&#8221; padding_top=&#8221;150px&#8221; padding_bottom=&#8221;180px&#8221; border=&#8221;none&#8221; bg_video=&#8221;&#8221; class=&#8221;&#8221; style=&#8221;&#8221; bg_image=&#8221;8630&#8243;][vc_column fade_animation_offset=&#8221;45px&#8221; width=&#8221;1\/1&#8243; id=&#8221;&#8221; class=&#8221;wowpee&#8221; style=&#8221;top:50%; position: relative;&#8221;]<h1  class=\"h-custom-headline center-text h1\" style=\"max-width: 560px !important; display: block; margin-right: auto; margin-left: auto;\"><span><span style=\"font-weight: 200 !important; color: #ffffff !important;\">Has Sido Creado<\/span>\r\n<span style=\"font-weight: 800 !important; color: #ffffff !important;\"> Para Algo<\/span>\r\n<span style=\"font-weight: 800 !important; color: #d5df3e !important;\">Grande<\/span><\/span><\/h1><p style=\"color: white; text-align: center; padding-bottom: 5px; font-size: 115%;\">Algo para toda la familia, en l\u00ednea y en el edificio.<\/p>\n<div  class=\"x-container max width\" style=\"max-width: 350px; margin-right: auto; margin-left: auto; display: flex;\"><a id=\"welcomebtn\" class=\"x-btn specyme x-btn-square x-btn-mini alignleft\" style=\"border-color: white !important; color: white !important;\" href=\"https:\/\/www.facebook.com\/VictoryVida\/\"  target=\"_blank\" rel=\"\"   data-options=\"thumbnail: ''\">En L\u00ednea<\/a><a id=\"welcomebtn\" class=\"x-btn specyme2 x-btn-square x-btn-mini alignleft\" style=\"border-color: white !important; color: white !important;\" href=\"https:\/\/legacy.victoryatl.com\/im-new\/\"  target=\"_blank\" rel=\"\"   data-options=\"thumbnail: ''\">Visitamos<\/a><\/div>[\/vc_column][\/vc_row][vc_row inner_container=&#8221;true&#8221; no_margin=&#8221;true&#8221; padding_top=&#8221;0px&#8221; padding_bottom=&#8221;0px&#8221; border=&#8221;none&#8221; class=&#8221;space&#8221;][vc_column fade_animation_offset=&#8221;45px&#8221; width=&#8221;1\/1&#8243;]<hr  class=\"x-gap\" style=\"margin: 20px 0 0 0;\">[\/vc_column][\/vc_row][vc_row inner_container=&#8221;true&#8221; no_margin=&#8221;true&#8221; padding_top=&#8221;0px&#8221; padding_bottom=&#8221;0px&#8221; border=&#8221;none&#8221; class=&#8221;space&#8221;][vc_column fade_animation_offset=&#8221;45px&#8221; width=&#8221;1\/1&#8243;]<h4  class=\"h-custom-headline h4\" ><span>El fin de semana<\/span><\/h4>[\/vc_column][\/vc_row][vc_row inner_container=&#8221;true&#8221; no_margin=&#8221;true&#8221; padding_top=&#8221;0px&#8221; padding_bottom=&#8221;0px&#8221; border=&#8221;none&#8221; class=&#8221;space&#8221;][vc_column fade_animation_offset=&#8221;45px&#8221; width=&#8221;1\/2&#8243;]<a id=\"main-wrappy\" class=\"x-img x-img-link x-img-none none\"  href=\"https:\/\/legacy.victoryatl.com\/im-new\/\"     data-options=\"thumbnail: 'https:\/\/legacy.victoryatl.com\/victoryvida\/files\/2021\/05\/We-are-excited-to-see-you-800x451-1.jpg'\"><img src=\"https:\/\/legacy.victoryatl.com\/victoryvida\/files\/2021\/05\/We-are-excited-to-see-you-800x451-1.jpg\" ><\/a><p id=\"frontfix\">Servicio en Espa\u00f1ol<\/p>\n[\/vc_column][vc_column fade_animation_offset=&#8221;45px&#8221; width=&#8221;1\/2&#8243;]<a id=\"main-wrappy\" class=\"x-img x-img-link x-img-none none\"  href=\"https:\/\/www.connecttovictory.com\/whatsup\"     data-options=\"thumbnail: 'https:\/\/legacy.victoryatl.com\/victoryvida\/files\/2021\/01\/needtoknow_800x451.jpg'\"><img src=\"https:\/\/legacy.victoryatl.com\/victoryvida\/files\/2021\/01\/needtoknow_800x451.jpg\" ><\/a><p id=\"frontfix\">Aqu\u00ed hay una instant\u00e1nea r\u00e1pida de los acontecimientos en Victory.<\/p>\n[\/vc_column][\/vc_row][vc_row inner_container=&#8221;true&#8221; no_margin=&#8221;true&#8221; padding_top=&#8221;0px&#8221; padding_bottom=&#8221;0px&#8221; border=&#8221;none&#8221; class=&#8221;space&#8221;][vc_column fade_animation_offset=&#8221;45px&#8221; width=&#8221;1\/1&#8243;]<hr  class=\"x-gap\" style=\"margin: 20px 0 0 0;\">[\/vc_column][\/vc_row][vc_row inner_container=&#8221;true&#8221; no_margin=&#8221;true&#8221; padding_top=&#8221;150px&#8221; padding_bottom=&#8221;180px&#8221; class=&#8221;&#8221; bg_image=&#8221;9361&#8243; bg_video=&#8221;&#8221; style=&#8221;&#8221;][vc_column fade_animation_offset=&#8221;45px&#8221; width=&#8221;1\/1&#8243; id=&#8221;&#8221; class=&#8221;&#8221; style=&#8221;&#8221;]<h2  class=\"h-custom-headline\" ><span><span style=\"color: #ffffff;\">Somos Victory<\/span><\/span><\/h2><p style=\"color: #ffffff; max-width: 450px; font-size: 150%; padding-bottom: 5px;\">\u00a1\u00danase a nosotros mientras aprendemos nuestro prop\u00f3sito dentro de la gran familia del Reino de Dios y descubramos por qu\u00e9 Somos Victoria!<\/p>\n<a id=\"welcomebtnleft\" class=\"x-btn x-btn-square x-btn-mini alignleft\" style=\"border-color: #ffffff !important; color: #ffffff !important; text-align: center;\" href=\"https:\/\/www.connecttovictory.com\/live\"  target=\"_blank\" rel=\"\"   data-options=\"thumbnail: ''\">En L\u00ednea | 1pm<\/a><a id=\"welcomebtnleft\" class=\"x-btn x-btn-square x-btn-mini alignleft\" style=\"border-color: #ffffff !important; color: #ffffff !important; text-align: center;\" href=\"https:\/\/legacy.victoryatl.com\/im-new\"  target=\"_blank\" rel=\"\"   data-options=\"thumbnail: ''\">Visitar<\/a><hr  class=\"x-gap\" style=\"margin: 40px 0 0 0;\"><hr  class=\"x-clear\" >[\/vc_column][\/vc_row][vc_row inner_container=&#8221;true&#8221; no_margin=&#8221;true&#8221; padding_top=&#8221;0px&#8221; padding_bottom=&#8221;0px&#8221; border=&#8221;none&#8221; class=&#8221;space&#8221;][vc_column fade_animation_offset=&#8221;45px&#8221; width=&#8221;1\/1&#8243;]<hr  class=\"x-gap\" style=\"margin: 20px 0 0 0;\">[\/vc_column][\/vc_row][vc_row inner_container=&#8221;true&#8221; no_margin=&#8221;true&#8221; padding_top=&#8221;0px&#8221; padding_bottom=&#8221;0px&#8221; border=&#8221;none&#8221; class=&#8221;space&#8221; bg_video=&#8221;&#8221; style=&#8221;display:none&#8221;][vc_column fade_animation_offset=&#8221;45px&#8221; width=&#8221;1\/1&#8243;]<h4  class=\"h-custom-headline h4\" ><span>Destacar<\/span><\/h4>[\/vc_column][\/vc_row][vc_row inner_container=&#8221;true&#8221; no_margin=&#8221;true&#8221; padding_top=&#8221;0px&#8221; padding_bottom=&#8221;0px&#8221; border=&#8221;none&#8221; class=&#8221;space&#8221; bg_video=&#8221;&#8221; style=&#8221;display:none&#8221;][vc_column fade_animation_offset=&#8221;45px&#8221; width=&#8221;1\/2&#8243;]<a id=\"main-wrappy\" class=\"x-img x-img-link x-img-none none\"  href=\"https:\/\/www.eventbrite.com\/e\/conferencia-re-enamorate-2022-tickets-276957666837\"  target=\"_blank\" rel=\"\"   data-options=\"thumbnail: 'https:\/\/legacy.victoryatl.com\/victoryvida\/files\/2022\/05\/reenamorate_800x451.jpeg'\"><img src=\"https:\/\/legacy.victoryatl.com\/victoryvida\/files\/2022\/05\/reenamorate_800x451.jpeg\" ><\/a>[\/vc_column][vc_column fade_animation_offset=&#8221;45px&#8221; width=&#8221;1\/2&#8243;]<hr  class=\"x-gap\" style=\"margin: 50px 0 0 0;\"><p>\u00bfEst\u00e1s buscando una manera de re encender la llama o mantener la pasi\u00f3n y fuerza de tu matrimonio? Tomate un tiempo para enfocarte y conectarte con tu c\u00f3nyuge durante la conferencia de Matrimonios Re enam\u00f3rate \u2013 Sin M\u00e1scaras<\/p>\n[\/vc_column][\/vc_row][vc_row inner_container=&#8221;true&#8221; no_margin=&#8221;true&#8221; padding_top=&#8221;0px&#8221; padding_bottom=&#8221;0px&#8221; border=&#8221;none&#8221; class=&#8221;space&#8221; bg_video=&#8221;&#8221; style=&#8221;display:none&#8221;][vc_column fade_animation_offset=&#8221;45px&#8221; width=&#8221;1\/1&#8243;]<hr  class=\"x-gap\" style=\"margin: 20px 0 0 0;\">[\/vc_column][\/vc_row][vc_row inner_container=&#8221;true&#8221; no_margin=&#8221;true&#8221; padding_top=&#8221;0px&#8221; padding_bottom=&#8221;0px&#8221; border=&#8221;none&#8221; class=&#8221;space&#8221;][vc_column fade_animation_offset=&#8221;45px&#8221; width=&#8221;1\/1&#8243;]<h4  class=\"h-custom-headline h4\" ><span>Qu\u00e9 esta pasando<\/span><\/h4>[\/vc_column][\/vc_row][vc_row inner_container=&#8221;true&#8221; no_margin=&#8221;true&#8221; padding_top=&#8221;0px&#8221; padding_bottom=&#8221;0px&#8221; border=&#8221;none&#8221; class=&#8221;space&#8221;][vc_column fade_animation_offset=&#8221;45px&#8221; width=&#8221;1\/2&#8243;]<a id=\"main-wrappy\" class=\"x-img x-img-link x-img-none none\"  href=\"https:\/\/legacy.victoryatl.com\/ayuno\/\"  target=\"_blank\" rel=\"\"   data-options=\"thumbnail: 'https:\/\/legacy.victoryatl.com\/victoryvida\/files\/2023\/01\/21-days.png'\"><img src=\"https:\/\/legacy.victoryatl.com\/victoryvida\/files\/2023\/01\/21-days.png\" ><\/a><p id=\"frontfix\">\u00a1Empieza el a\u00f1o de una manera poderosa! | 8-28 de enero<\/p>\n[\/vc_column][vc_column fade_animation_offset=&#8221;45px&#8221; width=&#8221;1\/2&#8243;]<a id=\"main-wrappy\" class=\"x-img x-img-link x-img-none none\"  href=\"https:\/\/legacy.victoryatl.com\/thirst\/\"  target=\"_blank\" rel=\"\"   data-options=\"thumbnail: 'https:\/\/legacy.victoryatl.com\/victoryvida\/files\/2023\/01\/THIRST_LargerHomepageAd_800x451.jpeg'\"><img src=\"https:\/\/legacy.victoryatl.com\/victoryvida\/files\/2023\/01\/THIRST_LargerHomepageAd_800x451.jpeg\" ><\/a><p id=\"frontfix\">Una Noche de Adoraci\u00f3n | 27 ene, 7pm<\/p>\n[\/vc_column][\/vc_row][vc_row inner_container=&#8221;true&#8221; no_margin=&#8221;true&#8221; padding_top=&#8221;0px&#8221; padding_bottom=&#8221;0px&#8221; border=&#8221;none&#8221; class=&#8221;space&#8221; bg_video=&#8221;&#8221; style=&#8221;display:none&#8221;][vc_column fade_animation_offset=&#8221;45px&#8221; width=&#8221;1\/1&#8243;]<hr  class=\"x-gap\" style=\"margin: 20px 0 0 0;\">[\/vc_column][\/vc_row][vc_row inner_container=&#8221;true&#8221; no_margin=&#8221;true&#8221; padding_top=&#8221;0px&#8221; padding_bottom=&#8221;0px&#8221; border=&#8221;none&#8221; class=&#8221;space&#8221;][vc_column fade_animation_offset=&#8221;45px&#8221; width=&#8221;1\/1&#8243;]<h4  class=\"h-custom-headline h4\" ><span>Conecta y crece<\/span><\/h4>[\/vc_column][\/vc_row][vc_row inner_container=&#8221;true&#8221; no_margin=&#8221;true&#8221; padding_top=&#8221;0px&#8221; padding_bottom=&#8221;0px&#8221; border=&#8221;none&#8221; class=&#8221;space&#8221;][vc_column fade_animation_offset=&#8221;45px&#8221; width=&#8221;1\/3&#8243;]<a id=\"main-wrappy\" class=\"x-img x-img-link x-img-none none\"  href=\"https:\/\/www.facebook.com\/VictoryVida\/\"  target=\"_blank\" rel=\"\"   data-options=\"thumbnail: 'https:\/\/legacy.victoryatl.com\/victoryvida\/files\/2023\/01\/SaturdayPrayer_HomepageAd_600x338_Spanish.jpeg'\"><img src=\"https:\/\/legacy.victoryatl.com\/victoryvida\/files\/2023\/01\/SaturdayPrayer_HomepageAd_600x338_Spanish.jpeg\" ><\/a><p id=\"frontfix\">En persona | 8am<\/p>\n[\/vc_column][vc_column fade_animation_offset=&#8221;45px&#8221; width=&#8221;1\/3&#8243;]<a id=\"main-wrappy\" class=\"x-img x-img-link x-img-none none\"  href=\"https:\/\/new.victoryatl.com\/global\/d\/baptism\/espaol\"     data-options=\"thumbnail: 'https:\/\/legacy.victoryatl.com\/victoryvida\/files\/2022\/01\/OWB_WebAdSp_600x338.jpg'\"><img src=\"https:\/\/legacy.victoryatl.com\/victoryvida\/files\/2022\/01\/OWB_WebAdSp_600x338.jpg\" ><\/a><p id=\"frontfix\">Aprendas m\u00e1s<\/p>\n[\/vc_column][vc_column fade_animation_offset=&#8221;45px&#8221; width=&#8221;1\/3&#8243;]<a id=\"main-wrappy\" class=\"x-img x-img-link x-img-none none\"  href=\"https:\/\/legacy.victoryatl.com\/forward\/\"     data-options=\"thumbnail: 'https:\/\/legacy.victoryatl.com\/victoryvida\/files\/2020\/08\/Forward-LMS-spanish-600x338-1.jpg'\"><img src=\"https:\/\/legacy.victoryatl.com\/victoryvida\/files\/2020\/08\/Forward-LMS-spanish-600x338-1.jpg\" ><\/a><p id=\"frontfix\">\u00a1Nuevo podcast! | El poder de la edificaci\u00f3n<\/p>\n[\/vc_column][\/vc_row][vc_row inner_container=&#8221;true&#8221; no_margin=&#8221;true&#8221; padding_top=&#8221;0px&#8221; padding_bottom=&#8221;0px&#8221; border=&#8221;none&#8221; class=&#8221;space&#8221;][vc_column fade_animation_offset=&#8221;45px&#8221; width=&#8221;1\/1&#8243;]<hr  class=\"x-gap\" style=\"margin: 20px 0 0 0;\">[\/vc_column][\/vc_row][vc_row inner_container=&#8221;true&#8221; no_margin=&#8221;true&#8221; padding_top=&#8221;0px&#8221; padding_bottom=&#8221;0px&#8221; border=&#8221;none&#8221; class=&#8221;space&#8221;][vc_column fade_animation_offset=&#8221;45px&#8221; width=&#8221;1\/1&#8243;]<h4  class=\"h-custom-headline h4\" ><span>Pr\u00f3ximos Pasos<\/span><\/h4>[\/vc_column][\/vc_row][vc_row inner_container=&#8221;true&#8221; no_margin=&#8221;true&#8221; padding_top=&#8221;0px&#8221; padding_bottom=&#8221;0px&#8221; border=&#8221;none&#8221; class=&#8221;space&#8221;][vc_column fade_animation_offset=&#8221;45px&#8221; width=&#8221;1\/3&#8243;]<a id=\"main-wrappy\" class=\"x-img x-img-link x-img-none none\"  href=\"https:\/\/legacy.victoryatl.com\/victoryvida\/nuevocreyente\/\"     data-options=\"thumbnail: 'https:\/\/legacy.victoryatl.com\/victoryvida\/files\/2020\/03\/NewBelievers_Hero_Image-03-1-scaled.jpg'\"><img src=\"https:\/\/legacy.victoryatl.com\/victoryvida\/files\/2020\/03\/NewBelievers_Hero_Image-03-1-scaled.jpg\" ><\/a><p id=\"frontfix\">Aprendas m\u00e1s<\/p>\n[\/vc_column][vc_column fade_animation_offset=&#8221;45px&#8221; width=&#8221;1\/3&#8243;]<a id=\"main-wrappy\" class=\"x-img x-img-link x-img-none none\"  href=\"https:\/\/new.victoryatl.com\/global\/m\/you-were-made-for-something-great\"     data-options=\"thumbnail: 'https:\/\/legacy.victoryatl.com\/victoryvida\/files\/2022\/01\/EG_WebAd_600x338_VIDA.jpg'\"><img src=\"https:\/\/legacy.victoryatl.com\/victoryvida\/files\/2022\/01\/EG_WebAd_600x338_VIDA.jpg\" ><\/a><p id=\"frontfix\">Algo grandioso est\u00e1 llamando\u2026 \u00bfresponder\u00e1s?<\/p>\n[\/vc_column][vc_column fade_animation_offset=&#8221;45px&#8221; width=&#8221;1\/3&#8243;]<a id=\"main-wrappy\" class=\"x-img x-img-link x-img-none none\"  href=\"https:\/\/new.victoryatl.com\/global\/p\/onestep\/es\"     data-options=\"thumbnail: 'https:\/\/legacy.victoryatl.com\/victoryvida\/files\/2022\/04\/OneStep_HomepageAd_600x338-1.jpg'\"><img src=\"https:\/\/legacy.victoryatl.com\/victoryvida\/files\/2022\/04\/OneStep_HomepageAd_600x338-1.jpg\" ><\/a><p id=\"frontfix\">Explora lo que sigue<\/p>\n[\/vc_column][\/vc_row][vc_row inner_container=&#8221;true&#8221; no_margin=&#8221;true&#8221; padding_top=&#8221;0px&#8221; padding_bottom=&#8221;0px&#8221; border=&#8221;none&#8221; class=&#8221;space&#8221;][vc_column fade_animation_offset=&#8221;45px&#8221; width=&#8221;1\/3&#8243;][\/vc_column][vc_column fade_animation_offset=&#8221;45px&#8221; width=&#8221;1\/3&#8243;][\/vc_column][vc_column fade_animation_offset=&#8221;45px&#8221; width=&#8221;1\/3&#8243;][\/vc_column][\/vc_row][vc_row padding_top=&#8221;0px&#8221; padding_bottom=&#8221;0px&#8221;][vc_column fade_animation_offset=&#8221;45px&#8221; width=&#8221;1\/1&#8243;]<hr  class=\"x-gap\" style=\"margin: 50px 0 0 0;\">[\/vc_column][\/vc_row]","protected":false},"excerpt":{"rendered":"<p>[vc_row no_margin=&#8221;true&#8221; padding_top=&#8221;15px&#8221; padding_bottom=&#8221;10px&#8221; border=&#8221;none&#8221; bg_video=&#8221;&#8221; class=&#8221;&#8221; style=&#8221;Display:None&#8221; bg_color=&#8221;#e1554e&#8221;][vc_column fade_animation_offset=&#8221;45px&#8221; width=&#8221;1\/1&#8243;][\/vc_column][\/vc_row][vc_row inner_container=&#8221;true&#8221; padding_top=&#8221;150px&#8221; padding_bottom=&#8221;180px&#8221; border=&#8221;none&#8221; bg_video=&#8221;&#8221; class=&#8221;&#8221; style=&#8221;&#8221; bg_image=&#8221;8630&#8243;][vc_column fade_animation_offset=&#8221;45px&#8221; width=&#8221;1\/1&#8243; id=&#8221;&#8221; class=&#8221;wowpee&#8221; style=&#8221;top:50%; position: relative;&#8221;][\/vc_column][\/vc_row][vc_row inner_container=&#8221;true&#8221; no_margin=&#8221;true&#8221; padding_top=&#8221;0px&#8221; padding_bottom=&#8221;0px&#8221; &#8230;<\/p>\n","protected":false},"author":10,"featured_media":0,"parent":0,"menu_order":0,"comment_status":"closed","ping_status":"open","template":"template-blank-4.php","meta":[],"_links":{"self":[{"href":"https:\/\/legacy.victoryatl.com\/victoryvida\/wp-json\/wp\/v2\/pages\/36"}],"collection":[{"href":"https:\/\/legacy.victoryatl.com\/victoryvida\/wp-json\/wp\/v2\/pages"}],"about":[{"href":"https:\/\/legacy.victoryatl.com\/victoryvida\/wp-json\/wp\/v2\/types\/page"}],"author":[{"embeddable":true,"href":"https:\/\/legacy.victoryatl.com\/victoryvida\/wp-json\/wp\/v2\/users\/10"}],"replies":[{"embeddable":true,"href":"https:\/\/legacy.victoryatl.com\/victoryvida\/wp-json\/wp\/v2\/comments?post=36"}],"version-history":[{"count":969,"href":"https:\/\/legacy.victoryatl.com\/victoryvida\/wp-json\/wp\/v2\/pages\/36\/revisions"}],"predecessor-version":[{"id":9367,"href":"https:\/\/legacy.victoryatl.com\/victoryvida\/wp-json\/wp\/v2\/pages\/36\/revisions\/9367"}],"wp:attachment":[{"href":"https:\/\/legacy.victoryatl.com\/victoryvida\/wp-json\/wp\/v2\/media?parent=36"}],"curies":[{"name":"wp","href":"https:\/\/api.w.org\/{rel}","templated":true}]}}